
{"id":9906,"date":"2024-11-04T16:50:34","date_gmt":"2024-11-04T15:50:34","guid":{"rendered":"http:\/\/krienko.test.iei-group.net\/produkt\/indri-b04\/"},"modified":"2025-01-07T11:47:09","modified_gmt":"2025-01-07T10:47:09","slug":"indri-b04-2","status":"publish","type":"product","link":"https:\/\/krienko.com\/it\/produkt\/indri-b04-2\/","title":{"rendered":"INDRI B04"},"content":{"rendered":"<p>Questi jeans Classic Blue Slim Fit sono ideali per chi cerca comfort e stile per tutti i giorni con un tocco moderno. Progettati con una vestibilit\u00e0 aderente e confortevole, sono una scelta perfetta per ogni occasione, offrendo un equilibrio tra stile casual ed eleganza quotidiana. Realizzati con tessuti italiani di alta qualit\u00e0, si adattano facilmente al corpo garantendo libert\u00e0 di movimento e comfort per tutto il giorno.<br \/>\nIl ricamo aggiunto a questo jeans gli conferisce un tocco unico ed elegante.  <\/p>\n<p>&nbsp;<\/p>\n<p>Materiale, dettagli e istruzioni per la cura Composizione: 98% cotone 2% elastan<br \/>\nVestibilit\u00e0: Slim Fit<br \/>\nVita: Media<br \/>\nGamba: Slim<br \/>\nLavaggio: Medio lavaggio<\/p>\n<p>&nbsp;<\/p>\n<div>Istruzioni per la cura<\/div>\n<div><\/div>\n<div>\n<div><img decoding=\"async\" class=\"v1gmail-CToWUd\" src=\"https:\/\/shop.diesel.com\/on\/demandware.static\/-\/Sites-diesel-master-catalog\/default\/dw52278460\/care\/12.svg\">Lavaggio a 30\u00b0 C &#8211; Ciclo delicato<\/div>\n<div><img decoding=\"async\" class=\"v1gmail-CToWUd\" src=\"https:\/\/shop.diesel.com\/on\/demandware.static\/-\/Sites-diesel-master-catalog\/default\/dwd2d15284\/care\/17.svg\">Non candeggiare<\/div>\n<div><img decoding=\"async\" class=\"v1gmail-CToWUd\" src=\"https:\/\/shop.diesel.com\/on\/demandware.static\/-\/Sites-diesel-master-catalog\/default\/dw8d02c590\/care\/28.svg\">Non asciugare in asciugatrice<\/div>\n<div><img decoding=\"async\" class=\"v1gmail-CToWUd\" src=\"https:\/\/shop.diesel.com\/on\/demandware.static\/-\/Sites-diesel-master-catalog\/default\/dw31cff9ee\/care\/31.svg\">Ferro a max 110 \u00b0C<\/div>\n<div><img decoding=\"async\" class=\"v1gmail-CToWUd\" src=\"https:\/\/shop.diesel.com\/on\/demandware.static\/-\/Sites-diesel-master-catalog\/default\/dwe4155b76\/care\/37.svg\">Non lavare a secco<\/div>\n<div><img decoding=\"async\" class=\"v1gmail-CToWUd\" src=\"https:\/\/shop.diesel.com\/on\/demandware.static\/-\/Sites-diesel-master-catalog\/default\/dw001b2ef4\/care\/24.svg\">Asciugati all&#8217;ombra<\/div>\n<\/div>\n","protected":false},"excerpt":{"rendered":"<p>Questi jeans Classic Blue Slim Fit sono ideali per chi cerca comfort e stile per tutti i giorni con un tocco moderno. Progettati con una vestibilit\u00e0 aderente e confortevole, sono una scelta perfetta per ogni occasione, offrendo un equilibrio tra stile casual ed eleganza quotidiana. Realizzati con tessuti italiani di alta qualit\u00e0, si adattano facilmente al corpo garantendo libert\u00e0 di movimento e comfort per tutto il giorno.<br \/>\nIl ricamo aggiunto a questo jeans gli conferisce un tocco unico ed elegante.  <\/p>\n","protected":false},"featured_media":9470,"comment_status":"open","ping_status":"closed","template":"","meta":[],"product_brand":[],"product_cat":[153,151],"product_tag":[],"class_list":{"0":"post-9906","1":"product","2":"type-product","3":"status-publish","4":"has-post-thumbnail","6":"product_cat-slim-fit-it","7":"product_cat-uomini","9":"first","10":"instock","11":"taxable","12":"shipping-taxable","13":"purchasable","14":"product-type-variable","15":"has-default-attributes","16":"add-to-wishlist-after_add_to_cart"},"yoast_head":"<!-- This site is optimized with the Yoast SEO Premium plugin v24.0 (Yoast SEO v27.5) - https:\/\/yoast.com\/product\/yoast-seo-premium-wordpress\/ -->\n<title>INDRI B04 - Krienko Jeans<\/title>\n<meta name=\"robots\" content=\"index, follow, max-snippet:-1, max-image-preview:large, max-video-preview:-1\" \/>\n<link rel=\"canonical\" href=\"https:\/\/krienko.com\/it\/produkt\/indri-b04-2\/\" \/>\n<meta property=\"og:locale\" content=\"it_IT\" \/>\n<meta property=\"og:type\" content=\"article\" \/>\n<meta property=\"og:title\" content=\"INDRI B04\" \/>\n<meta property=\"og:description\" content=\"Questi jeans Classic Blue Slim Fit sono ideali per chi cerca comfort e stile per tutti i giorni con un tocco moderno. Progettati con una vestibilit\u00e0 aderente e confortevole, sono una scelta perfetta per ogni occasione, offrendo un equilibrio tra stile casual ed eleganza quotidiana. Realizzati con tessuti italiani di alta qualit\u00e0, si adattano facilmente al corpo garantendo libert\u00e0 di movimento e comfort per tutto il giorno. Il ricamo aggiunto a questo jeans gli conferisce un tocco unico ed elegante.\" \/>\n<meta property=\"og:url\" content=\"https:\/\/krienko.com\/it\/produkt\/indri-b04-2\/\" \/>\n<meta property=\"og:site_name\" content=\"Krienko Jeans\" \/>\n<meta property=\"article:modified_time\" content=\"2025-01-07T10:47:09+00:00\" \/>\n<meta property=\"og:image\" content=\"https:\/\/krienko.com\/wp-content\/uploads\/2024\/11\/1-13-1024x1024.png\" \/>\n\t<meta property=\"og:image:width\" content=\"1024\" \/>\n\t<meta property=\"og:image:height\" content=\"1024\" \/>\n\t<meta property=\"og:image:type\" content=\"image\/png\" \/>\n<meta name=\"twitter:card\" content=\"summary_large_image\" \/>\n<meta name=\"twitter:label1\" content=\"Disponibilit\u00e0\" \/>\n\t<meta name=\"twitter:data1\" content=\"In stock\" \/>\n<script type=\"application\/ld+json\" class=\"yoast-schema-graph\">{\"@context\":\"https:\\\/\\\/schema.org\",\"@graph\":[{\"@type\":\"WebPage\",\"@id\":\"https:\\\/\\\/krienko.com\\\/it\\\/produkt\\\/indri-b04-2\\\/\",\"url\":\"https:\\\/\\\/krienko.com\\\/it\\\/produkt\\\/indri-b04-2\\\/\",\"name\":\"INDRI B04 - Krienko Jeans\",\"isPartOf\":{\"@id\":\"https:\\\/\\\/krienko.com\\\/it\\\/#website\"},\"primaryImageOfPage\":{\"@id\":\"https:\\\/\\\/krienko.com\\\/it\\\/produkt\\\/indri-b04-2\\\/#primaryimage\"},\"image\":{\"@id\":\"https:\\\/\\\/krienko.com\\\/it\\\/produkt\\\/indri-b04-2\\\/#primaryimage\"},\"thumbnailUrl\":\"https:\\\/\\\/krienko.com\\\/wp-content\\\/uploads\\\/2024\\\/11\\\/1-13.png\",\"datePublished\":\"2024-11-04T15:50:34+00:00\",\"dateModified\":\"2025-01-07T10:47:09+00:00\",\"breadcrumb\":{\"@id\":\"https:\\\/\\\/krienko.com\\\/it\\\/produkt\\\/indri-b04-2\\\/#breadcrumb\"},\"inLanguage\":\"it-IT\",\"potentialAction\":[{\"@type\":\"ReadAction\",\"target\":[\"https:\\\/\\\/krienko.com\\\/it\\\/produkt\\\/indri-b04-2\\\/\"]}]},{\"@type\":\"ImageObject\",\"inLanguage\":\"it-IT\",\"@id\":\"https:\\\/\\\/krienko.com\\\/it\\\/produkt\\\/indri-b04-2\\\/#primaryimage\",\"url\":\"https:\\\/\\\/krienko.com\\\/wp-content\\\/uploads\\\/2024\\\/11\\\/1-13.png\",\"contentUrl\":\"https:\\\/\\\/krienko.com\\\/wp-content\\\/uploads\\\/2024\\\/11\\\/1-13.png\",\"width\":4000,\"height\":4000},{\"@type\":\"BreadcrumbList\",\"@id\":\"https:\\\/\\\/krienko.com\\\/it\\\/produkt\\\/indri-b04-2\\\/#breadcrumb\",\"itemListElement\":[{\"@type\":\"ListItem\",\"position\":1,\"name\":\"Home\",\"item\":\"https:\\\/\\\/krienko.com\\\/it\\\/\"},{\"@type\":\"ListItem\",\"position\":2,\"name\":\"Negozio\",\"item\":\"https:\\\/\\\/krienko.com\\\/it\\\/negozio\\\/\"},{\"@type\":\"ListItem\",\"position\":3,\"name\":\"INDRI B04\"}]},{\"@type\":\"WebSite\",\"@id\":\"https:\\\/\\\/krienko.com\\\/it\\\/#website\",\"url\":\"https:\\\/\\\/krienko.com\\\/it\\\/\",\"name\":\"krienko\",\"description\":\"KRIENKO Outlet Expansion FOR GLOBAL FASHION. N\u00eb vitin 2025, KRIENKO do t\u00eb festoj\u00eb p\u00ebrfundimin e nj\u00eb prej projekteve t\u00eb saj m\u00eb t\u00eb m\u00ebdha deri m\u00eb tani: nj\u00eb ...\",\"potentialAction\":[{\"@type\":\"SearchAction\",\"target\":{\"@type\":\"EntryPoint\",\"urlTemplate\":\"https:\\\/\\\/krienko.com\\\/it\\\/?s={search_term_string}\"},\"query-input\":{\"@type\":\"PropertyValueSpecification\",\"valueRequired\":true,\"valueName\":\"search_term_string\"}}],\"inLanguage\":\"it-IT\"}]}<\/script>\n<meta property=\"og:availability\" content=\"instock\" \/>\n<meta property=\"product:availability\" content=\"instock\" \/>\n<meta property=\"product:condition\" content=\"new\" \/>\n<!-- \/ Yoast SEO Premium plugin. -->","yoast_head_json":{"title":"INDRI B04 - Krienko Jeans","robots":{"index":"index","follow":"follow","max-snippet":"max-snippet:-1","max-image-preview":"max-image-preview:large","max-video-preview":"max-video-preview:-1"},"canonical":"https:\/\/krienko.com\/it\/produkt\/indri-b04-2\/","og_locale":"it_IT","og_type":"article","og_title":"INDRI B04","og_description":"Questi jeans Classic Blue Slim Fit sono ideali per chi cerca comfort e stile per tutti i giorni con un tocco moderno. Progettati con una vestibilit\u00e0 aderente e confortevole, sono una scelta perfetta per ogni occasione, offrendo un equilibrio tra stile casual ed eleganza quotidiana. Realizzati con tessuti italiani di alta qualit\u00e0, si adattano facilmente al corpo garantendo libert\u00e0 di movimento e comfort per tutto il giorno. Il ricamo aggiunto a questo jeans gli conferisce un tocco unico ed elegante.","og_url":"https:\/\/krienko.com\/it\/produkt\/indri-b04-2\/","og_site_name":"Krienko Jeans","article_modified_time":"2025-01-07T10:47:09+00:00","og_image":[{"width":1024,"height":1024,"url":"https:\/\/krienko.com\/wp-content\/uploads\/2024\/11\/1-13-1024x1024.png","type":"image\/png"}],"twitter_card":"summary_large_image","twitter_misc":{"Disponibilit\u00e0":"In stock"},"schema":{"@context":"https:\/\/schema.org","@graph":[{"@type":"WebPage","@id":"https:\/\/krienko.com\/it\/produkt\/indri-b04-2\/","url":"https:\/\/krienko.com\/it\/produkt\/indri-b04-2\/","name":"INDRI B04 - Krienko Jeans","isPartOf":{"@id":"https:\/\/krienko.com\/it\/#website"},"primaryImageOfPage":{"@id":"https:\/\/krienko.com\/it\/produkt\/indri-b04-2\/#primaryimage"},"image":{"@id":"https:\/\/krienko.com\/it\/produkt\/indri-b04-2\/#primaryimage"},"thumbnailUrl":"https:\/\/krienko.com\/wp-content\/uploads\/2024\/11\/1-13.png","datePublished":"2024-11-04T15:50:34+00:00","dateModified":"2025-01-07T10:47:09+00:00","breadcrumb":{"@id":"https:\/\/krienko.com\/it\/produkt\/indri-b04-2\/#breadcrumb"},"inLanguage":"it-IT","potentialAction":[{"@type":"ReadAction","target":["https:\/\/krienko.com\/it\/produkt\/indri-b04-2\/"]}]},{"@type":"ImageObject","inLanguage":"it-IT","@id":"https:\/\/krienko.com\/it\/produkt\/indri-b04-2\/#primaryimage","url":"https:\/\/krienko.com\/wp-content\/uploads\/2024\/11\/1-13.png","contentUrl":"https:\/\/krienko.com\/wp-content\/uploads\/2024\/11\/1-13.png","width":4000,"height":4000},{"@type":"BreadcrumbList","@id":"https:\/\/krienko.com\/it\/produkt\/indri-b04-2\/#breadcrumb","itemListElement":[{"@type":"ListItem","position":1,"name":"Home","item":"https:\/\/krienko.com\/it\/"},{"@type":"ListItem","position":2,"name":"Negozio","item":"https:\/\/krienko.com\/it\/negozio\/"},{"@type":"ListItem","position":3,"name":"INDRI B04"}]},{"@type":"WebSite","@id":"https:\/\/krienko.com\/it\/#website","url":"https:\/\/krienko.com\/it\/","name":"krienko","description":"KRIENKO Outlet Expansion FOR GLOBAL FASHION. N\u00eb vitin 2025, KRIENKO do t\u00eb festoj\u00eb p\u00ebrfundimin e nj\u00eb prej projekteve t\u00eb saj m\u00eb t\u00eb m\u00ebdha deri m\u00eb tani: nj\u00eb ...","potentialAction":[{"@type":"SearchAction","target":{"@type":"EntryPoint","urlTemplate":"https:\/\/krienko.com\/it\/?s={search_term_string}"},"query-input":{"@type":"PropertyValueSpecification","valueRequired":true,"valueName":"search_term_string"}}],"inLanguage":"it-IT"}]},"og_availability":"instock","product_availability":"instock","product_condition":"new"},"_links":{"self":[{"href":"https:\/\/krienko.com\/it\/wp-json\/wp\/v2\/product\/9906","targetHints":{"allow":["GET"]}}],"collection":[{"href":"https:\/\/krienko.com\/it\/wp-json\/wp\/v2\/product"}],"about":[{"href":"https:\/\/krienko.com\/it\/wp-json\/wp\/v2\/types\/product"}],"replies":[{"embeddable":true,"href":"https:\/\/krienko.com\/it\/wp-json\/wp\/v2\/comments?post=9906"}],"wp:featuredmedia":[{"embeddable":true,"href":"https:\/\/krienko.com\/it\/wp-json\/wp\/v2\/media\/9470"}],"wp:attachment":[{"href":"https:\/\/krienko.com\/it\/wp-json\/wp\/v2\/media?parent=9906"}],"wp:term":[{"taxonomy":"product_brand","embeddable":true,"href":"https:\/\/krienko.com\/it\/wp-json\/wp\/v2\/product_brand?post=9906"},{"taxonomy":"product_cat","embeddable":true,"href":"https:\/\/krienko.com\/it\/wp-json\/wp\/v2\/product_cat?post=9906"},{"taxonomy":"product_tag","embeddable":true,"href":"https:\/\/krienko.com\/it\/wp-json\/wp\/v2\/product_tag?post=9906"}],"curies":[{"name":"wp","href":"https:\/\/api.w.org\/{rel}","templated":true}]}}