
{"id":14628,"date":"2025-06-03T15:27:18","date_gmt":"2025-06-03T13:27:18","guid":{"rendered":"https:\/\/krienko.com\/produkt\/pantallona-lino-apollon-b01\/"},"modified":"2025-06-03T15:36:31","modified_gmt":"2025-06-03T13:36:31","slug":"pantallona-lino-apollon-b01","status":"publish","type":"product","link":"https:\/\/krienko.com\/it\/produkt\/pantallona-lino-apollon-b01\/","title":{"rendered":"Pantaloni di Lino &#8211; APOLLON B01"},"content":{"rendered":"<p>Vivi il comfort e l&#8217;eleganza estiva con questi pantaloni in lino, progettati con cura per unire freschezza, praticit\u00e0 e stile contemporaneo. Realizzati in lino 100% di alta qualit\u00e0, questi pantaloni sono ideali per le giornate calde, perfetti per uomini che desiderano combinare uno stile casual con il massimo comfort. Design pratico con tasche laterali in stile cargo per una funzionalit\u00e0 ottimale. Taglio moderno che segue la forma del corpo senza essere aderente.<\/p>\n<p>Materiale, dettagli e istruzioni per la cura Composizione:<\/p>\n<p>Composizione: 100% lino<br \/>\nTaglio: Taglio dritto<br \/>\nLunghezza: Medio<br \/>\nGamba: Dritta<br \/>\nColori disponibili: Verde militare, Beige, Grigio, Nero<\/p>\n<p>&nbsp;<\/p>\n<p>Istruzioni per la cura<\/p>\n<p>Lavaggio a 30\u00b0 C &#8211; Ciclo delicato<br \/>\nNon candeggiare<br \/>\nNon asciugare in asciugatrice<br \/>\nFerro a max 110 \u00b0C<br \/>\nNon lavare a secco<br \/>\nAsciugati all&#8217;ombra<\/p>\n","protected":false},"excerpt":{"rendered":"<p>Vivi il comfort e l&#8217;eleganza estiva con questi pantaloni in lino, progettati con cura per unire freschezza, praticit\u00e0 e stile contemporaneo. Realizzati in lino 100% di alta qualit\u00e0, questi pantaloni sono ideali per le giornate calde, perfetti per uomini che desiderano combinare uno stile casual con il massimo comfort. Design pratico con tasche laterali in stile cargo per una funzionalit\u00e0 ottimale. Taglio moderno che segue la forma del corpo senza essere aderente.<\/p>\n","protected":false},"featured_media":14527,"comment_status":"open","ping_status":"closed","template":"","meta":[],"product_brand":[],"product_cat":[332,151],"product_tag":[318,365,376,338,339,340,341,342],"class_list":{"0":"post-14628","1":"product","2":"type-product","3":"status-publish","4":"has-post-thumbnail","6":"product_cat-pantallon-lino-it","7":"product_cat-uomini","8":"product_tag-krienko-it","9":"product_tag-lino-it","10":"product_tag-lino-per-meshkuj-it","11":"product_tag-pantallon-lino-it","12":"product_tag-pantallona-it","13":"product_tag-pantallona-per-meshkuj-it","14":"product_tag-veshje-it","15":"product_tag-veshje-per-meshkuj-it","17":"first","18":"instock","19":"taxable","20":"shipping-taxable","21":"purchasable","22":"product-type-variable","23":"add-to-wishlist-after_add_to_cart"},"yoast_head":"<!-- This site is optimized with the Yoast SEO Premium plugin v24.0 (Yoast SEO v27.4) - https:\/\/yoast.com\/product\/yoast-seo-premium-wordpress\/ -->\n<title>Pantaloni di Lino - APOLLON B01 - Krienko Jeans<\/title>\n<meta name=\"robots\" content=\"index, follow, max-snippet:-1, max-image-preview:large, max-video-preview:-1\" \/>\n<link rel=\"canonical\" href=\"https:\/\/krienko.com\/it\/produkt\/pantallona-lino-apollon-b01\/\" \/>\n<meta property=\"og:locale\" content=\"it_IT\" \/>\n<meta property=\"og:type\" content=\"article\" \/>\n<meta property=\"og:title\" content=\"Pantaloni di Lino - APOLLON B01\" \/>\n<meta property=\"og:description\" content=\"Vivi il comfort e l&#039;eleganza estiva con questi pantaloni in lino, progettati con cura per unire freschezza, praticit\u00e0 e stile contemporaneo. Realizzati in lino 100% di alta qualit\u00e0, questi pantaloni sono ideali per le giornate calde, perfetti per uomini che desiderano combinare uno stile casual con il massimo comfort. Design pratico con tasche laterali in stile cargo per una funzionalit\u00e0 ottimale. Taglio moderno che segue la forma del corpo senza essere aderente.\" \/>\n<meta property=\"og:url\" content=\"https:\/\/krienko.com\/it\/produkt\/pantallona-lino-apollon-b01\/\" \/>\n<meta property=\"og:site_name\" content=\"Krienko Jeans\" \/>\n<meta property=\"article:modified_time\" content=\"2025-06-03T13:36:31+00:00\" \/>\n<meta property=\"og:image\" content=\"https:\/\/krienko.com\/wp-content\/uploads\/2025\/06\/11-scaled.jpg\" \/>\n\t<meta property=\"og:image:width\" content=\"2560\" \/>\n\t<meta property=\"og:image:height\" content=\"2560\" \/>\n\t<meta property=\"og:image:type\" content=\"image\/jpeg\" \/>\n<meta name=\"twitter:card\" content=\"summary_large_image\" \/>\n<meta name=\"twitter:label1\" content=\"Disponibilit\u00e0\" \/>\n\t<meta name=\"twitter:data1\" content=\"In stock\" \/>\n<script type=\"application\/ld+json\" class=\"yoast-schema-graph\">{\"@context\":\"https:\\\/\\\/schema.org\",\"@graph\":[{\"@type\":\"WebPage\",\"@id\":\"https:\\\/\\\/krienko.com\\\/it\\\/produkt\\\/pantallona-lino-apollon-b01\\\/\",\"url\":\"https:\\\/\\\/krienko.com\\\/it\\\/produkt\\\/pantallona-lino-apollon-b01\\\/\",\"name\":\"Pantaloni di Lino - APOLLON B01 - Krienko Jeans\",\"isPartOf\":{\"@id\":\"https:\\\/\\\/krienko.com\\\/it\\\/#website\"},\"primaryImageOfPage\":{\"@id\":\"https:\\\/\\\/krienko.com\\\/it\\\/produkt\\\/pantallona-lino-apollon-b01\\\/#primaryimage\"},\"image\":{\"@id\":\"https:\\\/\\\/krienko.com\\\/it\\\/produkt\\\/pantallona-lino-apollon-b01\\\/#primaryimage\"},\"thumbnailUrl\":\"https:\\\/\\\/krienko.com\\\/wp-content\\\/uploads\\\/2025\\\/06\\\/11-scaled.jpg\",\"datePublished\":\"2025-06-03T13:27:18+00:00\",\"dateModified\":\"2025-06-03T13:36:31+00:00\",\"breadcrumb\":{\"@id\":\"https:\\\/\\\/krienko.com\\\/it\\\/produkt\\\/pantallona-lino-apollon-b01\\\/#breadcrumb\"},\"inLanguage\":\"it-IT\",\"potentialAction\":[{\"@type\":\"ReadAction\",\"target\":[\"https:\\\/\\\/krienko.com\\\/it\\\/produkt\\\/pantallona-lino-apollon-b01\\\/\"]}]},{\"@type\":\"ImageObject\",\"inLanguage\":\"it-IT\",\"@id\":\"https:\\\/\\\/krienko.com\\\/it\\\/produkt\\\/pantallona-lino-apollon-b01\\\/#primaryimage\",\"url\":\"https:\\\/\\\/krienko.com\\\/wp-content\\\/uploads\\\/2025\\\/06\\\/11-scaled.jpg\",\"contentUrl\":\"https:\\\/\\\/krienko.com\\\/wp-content\\\/uploads\\\/2025\\\/06\\\/11-scaled.jpg\",\"width\":2560,\"height\":2560},{\"@type\":\"BreadcrumbList\",\"@id\":\"https:\\\/\\\/krienko.com\\\/it\\\/produkt\\\/pantallona-lino-apollon-b01\\\/#breadcrumb\",\"itemListElement\":[{\"@type\":\"ListItem\",\"position\":1,\"name\":\"Home\",\"item\":\"https:\\\/\\\/krienko.com\\\/it\\\/\"},{\"@type\":\"ListItem\",\"position\":2,\"name\":\"Negozio\",\"item\":\"https:\\\/\\\/krienko.com\\\/it\\\/negozio\\\/\"},{\"@type\":\"ListItem\",\"position\":3,\"name\":\"Pantaloni di Lino &#8211; APOLLON B01\"}]},{\"@type\":\"WebSite\",\"@id\":\"https:\\\/\\\/krienko.com\\\/it\\\/#website\",\"url\":\"https:\\\/\\\/krienko.com\\\/it\\\/\",\"name\":\"krienko\",\"description\":\"KRIENKO Outlet Expansion FOR GLOBAL FASHION. N\u00eb vitin 2025, KRIENKO do t\u00eb festoj\u00eb p\u00ebrfundimin e nj\u00eb prej projekteve t\u00eb saj m\u00eb t\u00eb m\u00ebdha deri m\u00eb tani: nj\u00eb ...\",\"potentialAction\":[{\"@type\":\"SearchAction\",\"target\":{\"@type\":\"EntryPoint\",\"urlTemplate\":\"https:\\\/\\\/krienko.com\\\/it\\\/?s={search_term_string}\"},\"query-input\":{\"@type\":\"PropertyValueSpecification\",\"valueRequired\":true,\"valueName\":\"search_term_string\"}}],\"inLanguage\":\"it-IT\"}]}<\/script>\n<meta property=\"og:availability\" content=\"instock\" \/>\n<meta property=\"product:availability\" content=\"instock\" \/>\n<meta property=\"product:condition\" content=\"new\" \/>\n<!-- \/ Yoast SEO Premium plugin. -->","yoast_head_json":{"title":"Pantaloni di Lino - APOLLON B01 - Krienko Jeans","robots":{"index":"index","follow":"follow","max-snippet":"max-snippet:-1","max-image-preview":"max-image-preview:large","max-video-preview":"max-video-preview:-1"},"canonical":"https:\/\/krienko.com\/it\/produkt\/pantallona-lino-apollon-b01\/","og_locale":"it_IT","og_type":"article","og_title":"Pantaloni di Lino - APOLLON B01","og_description":"Vivi il comfort e l'eleganza estiva con questi pantaloni in lino, progettati con cura per unire freschezza, praticit\u00e0 e stile contemporaneo. Realizzati in lino 100% di alta qualit\u00e0, questi pantaloni sono ideali per le giornate calde, perfetti per uomini che desiderano combinare uno stile casual con il massimo comfort. Design pratico con tasche laterali in stile cargo per una funzionalit\u00e0 ottimale. Taglio moderno che segue la forma del corpo senza essere aderente.","og_url":"https:\/\/krienko.com\/it\/produkt\/pantallona-lino-apollon-b01\/","og_site_name":"Krienko Jeans","article_modified_time":"2025-06-03T13:36:31+00:00","og_image":[{"width":2560,"height":2560,"url":"https:\/\/krienko.com\/wp-content\/uploads\/2025\/06\/11-scaled.jpg","type":"image\/jpeg"}],"twitter_card":"summary_large_image","twitter_misc":{"Disponibilit\u00e0":"In stock"},"schema":{"@context":"https:\/\/schema.org","@graph":[{"@type":"WebPage","@id":"https:\/\/krienko.com\/it\/produkt\/pantallona-lino-apollon-b01\/","url":"https:\/\/krienko.com\/it\/produkt\/pantallona-lino-apollon-b01\/","name":"Pantaloni di Lino - APOLLON B01 - Krienko Jeans","isPartOf":{"@id":"https:\/\/krienko.com\/it\/#website"},"primaryImageOfPage":{"@id":"https:\/\/krienko.com\/it\/produkt\/pantallona-lino-apollon-b01\/#primaryimage"},"image":{"@id":"https:\/\/krienko.com\/it\/produkt\/pantallona-lino-apollon-b01\/#primaryimage"},"thumbnailUrl":"https:\/\/krienko.com\/wp-content\/uploads\/2025\/06\/11-scaled.jpg","datePublished":"2025-06-03T13:27:18+00:00","dateModified":"2025-06-03T13:36:31+00:00","breadcrumb":{"@id":"https:\/\/krienko.com\/it\/produkt\/pantallona-lino-apollon-b01\/#breadcrumb"},"inLanguage":"it-IT","potentialAction":[{"@type":"ReadAction","target":["https:\/\/krienko.com\/it\/produkt\/pantallona-lino-apollon-b01\/"]}]},{"@type":"ImageObject","inLanguage":"it-IT","@id":"https:\/\/krienko.com\/it\/produkt\/pantallona-lino-apollon-b01\/#primaryimage","url":"https:\/\/krienko.com\/wp-content\/uploads\/2025\/06\/11-scaled.jpg","contentUrl":"https:\/\/krienko.com\/wp-content\/uploads\/2025\/06\/11-scaled.jpg","width":2560,"height":2560},{"@type":"BreadcrumbList","@id":"https:\/\/krienko.com\/it\/produkt\/pantallona-lino-apollon-b01\/#breadcrumb","itemListElement":[{"@type":"ListItem","position":1,"name":"Home","item":"https:\/\/krienko.com\/it\/"},{"@type":"ListItem","position":2,"name":"Negozio","item":"https:\/\/krienko.com\/it\/negozio\/"},{"@type":"ListItem","position":3,"name":"Pantaloni di Lino &#8211; APOLLON B01"}]},{"@type":"WebSite","@id":"https:\/\/krienko.com\/it\/#website","url":"https:\/\/krienko.com\/it\/","name":"krienko","description":"KRIENKO Outlet Expansion FOR GLOBAL FASHION. N\u00eb vitin 2025, KRIENKO do t\u00eb festoj\u00eb p\u00ebrfundimin e nj\u00eb prej projekteve t\u00eb saj m\u00eb t\u00eb m\u00ebdha deri m\u00eb tani: nj\u00eb ...","potentialAction":[{"@type":"SearchAction","target":{"@type":"EntryPoint","urlTemplate":"https:\/\/krienko.com\/it\/?s={search_term_string}"},"query-input":{"@type":"PropertyValueSpecification","valueRequired":true,"valueName":"search_term_string"}}],"inLanguage":"it-IT"}]},"og_availability":"instock","product_availability":"instock","product_condition":"new"},"_links":{"self":[{"href":"https:\/\/krienko.com\/it\/wp-json\/wp\/v2\/product\/14628","targetHints":{"allow":["GET"]}}],"collection":[{"href":"https:\/\/krienko.com\/it\/wp-json\/wp\/v2\/product"}],"about":[{"href":"https:\/\/krienko.com\/it\/wp-json\/wp\/v2\/types\/product"}],"replies":[{"embeddable":true,"href":"https:\/\/krienko.com\/it\/wp-json\/wp\/v2\/comments?post=14628"}],"wp:featuredmedia":[{"embeddable":true,"href":"https:\/\/krienko.com\/it\/wp-json\/wp\/v2\/media\/14527"}],"wp:attachment":[{"href":"https:\/\/krienko.com\/it\/wp-json\/wp\/v2\/media?parent=14628"}],"wp:term":[{"taxonomy":"product_brand","embeddable":true,"href":"https:\/\/krienko.com\/it\/wp-json\/wp\/v2\/product_brand?post=14628"},{"taxonomy":"product_cat","embeddable":true,"href":"https:\/\/krienko.com\/it\/wp-json\/wp\/v2\/product_cat?post=14628"},{"taxonomy":"product_tag","embeddable":true,"href":"https:\/\/krienko.com\/it\/wp-json\/wp\/v2\/product_tag?post=14628"}],"curies":[{"name":"wp","href":"https:\/\/api.w.org\/{rel}","templated":true}]}}