
{"id":13178,"date":"2025-02-12T14:21:44","date_gmt":"2025-02-12T13:21:44","guid":{"rendered":"https:\/\/krienko.com\/?post_type=product&#038;p=13178"},"modified":"2025-02-12T14:21:45","modified_gmt":"2025-02-12T13:21:45","slug":"super-slim-fit-aaron-b003","status":"publish","type":"product","link":"https:\/\/krienko.com\/it\/produkt\/super-slim-fit-aaron-b003\/","title":{"rendered":"Super Slim Fit &#8211; AARON B003"},"content":{"rendered":"<div>P\u00ebr meshkujt q\u00eb k\u00ebrkojn\u00eb stil, p\u00ebrshtatje t\u00eb sakt\u00eb dhe rehati maksimale, k\u00ebto xhinse Super Slim Fit t\u00eb zeza jan\u00eb zgjedhja e duhur. Dizajnuar p\u00ebr nj\u00eb pamje q\u00eb p\u00ebrqafon trupin, k\u00ebto xhinse kan\u00eb nj\u00eb prerje t\u00eb ngusht\u00eb nga kofsha deri te ky\u00e7i.<br \/>\nI japin trupit nj\u00eb siluet\u00eb moderne dhe t\u00eb sofistikuar, duke qen\u00eb t\u00eb rehatshme fal\u00eb materialit elastik. Ngjyra e zez\u00eb e thell\u00eb krijon nj\u00eb pamje t\u00eb past\u00ebr dhe t\u00eb rafinuar, duke i b\u00ebr\u00eb k\u00ebto xhinse t\u00eb p\u00ebrshtatshme p\u00ebr \u00e7do rast.<\/div>\n<div><\/div>\n<div>\n<p>Materiali, Detajet dhe Instruksionet e larjes<\/p>\n<p>P\u00ebrb\u00ebrja: 96% Pambuk 4% Elastan<br \/>\nQ\u00ebndrimi: Super Slim Fit<\/p>\n<ul>\n<li>Shtrati: Mesatar<\/li>\n<\/ul>\n<p>K\u00ebmba: Super Slim<br \/>\nLarje: Larje e err\u00ebt<\/p>\n<\/div>\n<div><\/div>\n<div>Instruksionet e larjes<\/div>\n<div><\/div>\n<div>\n<div><img decoding=\"async\" class=\"v1gmail-CToWUd\" src=\"https:\/\/shop.diesel.com\/on\/demandware.static\/-\/Sites-diesel-master-catalog\/default\/dw52278460\/care\/12.svg\" \/>Larja mbrapsht n\u00eb 30\u00b0C &#8211; Cik\u00ebl delikat<\/div>\n<div><img decoding=\"async\" class=\"v1gmail-CToWUd\" src=\"https:\/\/shop.diesel.com\/on\/demandware.static\/-\/Sites-diesel-master-catalog\/default\/dwd2d15284\/care\/17.svg\" \/>Nuk duhet p\u00ebrdorur klor ose zbardhues t\u00eb ndrysh\u00ebm<\/div>\n<div><img decoding=\"async\" class=\"v1gmail-CToWUd\" src=\"https:\/\/shop.diesel.com\/on\/demandware.static\/-\/Sites-diesel-master-catalog\/default\/dw8d02c590\/care\/28.svg\" \/>Nuk thahen n\u00eb thar\u00ebse<\/div>\n<div><img decoding=\"async\" class=\"v1gmail-CToWUd\" src=\"https:\/\/shop.diesel.com\/on\/demandware.static\/-\/Sites-diesel-master-catalog\/default\/dw31cff9ee\/care\/31.svg\" \/>Hekurosje n\u00eb maksimum 110 \u00b0C<\/div>\n<div><img decoding=\"async\" class=\"v1gmail-CToWUd\" src=\"https:\/\/shop.diesel.com\/on\/demandware.static\/-\/Sites-diesel-master-catalog\/default\/dwe4155b76\/care\/37.svg\" \/>Duhet patur kujdes n\u00eb pastrim kimik ndaj acideve q\u00eb perdoren<\/div>\n<div><img decoding=\"async\" class=\"v1gmail-CToWUd\" src=\"https:\/\/shop.diesel.com\/on\/demandware.static\/-\/Sites-diesel-master-catalog\/default\/dw001b2ef4\/care\/24.svg\" \/>Nuk duhet t\u00eb thahet n\u00eb diell<\/div>\n<\/div>\n<div><\/div>\n","protected":false},"excerpt":{"rendered":"<p>P\u00ebr meshkujt q\u00eb k\u00ebrkojn\u00eb stil, p\u00ebrshtatje t\u00eb sakt\u00eb dhe rehati maksimale, k\u00ebto xhinse Super Slim Fit t\u00eb zeza jan\u00eb zgjedhja e duhur. Dizajnuar p\u00ebr nj\u00eb pamje q\u00eb p\u00ebrqafon trupin, k\u00ebto xhinse kan\u00eb nj\u00eb prerje t\u00eb ngusht\u00eb nga kofsha deri te ky\u00e7i.<\/p>\n","protected":false},"featured_media":11663,"comment_status":"open","ping_status":"closed","template":"","meta":[],"product_brand":[],"product_cat":[150],"product_tag":[309,310,308],"class_list":{"0":"post-13178","1":"product","2":"type-product","3":"status-publish","4":"has-post-thumbnail","6":"product_cat-meshkuj","7":"product_tag-blue","8":"product_tag-krienko","9":"product_tag-xhinse","10":"product_shipping_class-posta","12":"first","13":"instock","14":"taxable","15":"shipping-taxable","16":"product-type-variable","17":"add-to-wishlist-after_add_to_cart"},"yoast_head":"<!-- This site is optimized with the Yoast SEO Premium plugin v24.0 (Yoast SEO v27.4) - https:\/\/yoast.com\/product\/yoast-seo-premium-wordpress\/ -->\n<title>Super Slim Fit - AARON B003 - Krienko Jeans<\/title>\n<meta name=\"robots\" content=\"index, follow, max-snippet:-1, max-image-preview:large, max-video-preview:-1\" \/>\n<link rel=\"canonical\" href=\"https:\/\/krienko.com\/it\/produkt\/super-slim-fit-aaron-b003\/\" \/>\n<meta property=\"og:locale\" content=\"it_IT\" \/>\n<meta property=\"og:type\" content=\"article\" \/>\n<meta property=\"og:title\" content=\"Super Slim Fit - AARON B003\" \/>\n<meta property=\"og:description\" content=\"P\u00ebr meshkujt q\u00eb k\u00ebrkojn\u00eb stil, p\u00ebrshtatje t\u00eb sakt\u00eb dhe rehati maksimale, k\u00ebto xhinse Super Slim Fit t\u00eb zeza jan\u00eb zgjedhja e duhur. Dizajnuar p\u00ebr nj\u00eb pamje q\u00eb p\u00ebrqafon trupin, k\u00ebto xhinse kan\u00eb nj\u00eb prerje t\u00eb ngusht\u00eb nga kofsha deri te ky\u00e7i.\" \/>\n<meta property=\"og:url\" content=\"https:\/\/krienko.com\/it\/produkt\/super-slim-fit-aaron-b003\/\" \/>\n<meta property=\"og:site_name\" content=\"Krienko Jeans\" \/>\n<meta property=\"article:modified_time\" content=\"2025-02-12T13:21:45+00:00\" \/>\n<meta property=\"og:image\" content=\"https:\/\/krienko.com\/wp-content\/uploads\/2024\/12\/5-1024x1024.png\" \/>\n\t<meta property=\"og:image:width\" content=\"1024\" \/>\n\t<meta property=\"og:image:height\" content=\"1024\" \/>\n\t<meta property=\"og:image:type\" content=\"image\/png\" \/>\n<meta name=\"twitter:card\" content=\"summary_large_image\" \/>\n<meta name=\"twitter:label1\" content=\"Disponibilit\u00e0\" \/>\n\t<meta name=\"twitter:data1\" content=\"In stock\" \/>\n<script type=\"application\/ld+json\" class=\"yoast-schema-graph\">{\"@context\":\"https:\\\/\\\/schema.org\",\"@graph\":[{\"@type\":\"WebPage\",\"@id\":\"https:\\\/\\\/krienko.com\\\/it\\\/produkt\\\/super-slim-fit-aaron-b003\\\/\",\"url\":\"https:\\\/\\\/krienko.com\\\/it\\\/produkt\\\/super-slim-fit-aaron-b003\\\/\",\"name\":\"Super Slim Fit - AARON B003 - Krienko Jeans\",\"isPartOf\":{\"@id\":\"https:\\\/\\\/krienko.com\\\/it\\\/#website\"},\"primaryImageOfPage\":{\"@id\":\"https:\\\/\\\/krienko.com\\\/it\\\/produkt\\\/super-slim-fit-aaron-b003\\\/#primaryimage\"},\"image\":{\"@id\":\"https:\\\/\\\/krienko.com\\\/it\\\/produkt\\\/super-slim-fit-aaron-b003\\\/#primaryimage\"},\"thumbnailUrl\":\"https:\\\/\\\/krienko.com\\\/wp-content\\\/uploads\\\/2024\\\/12\\\/5.png\",\"datePublished\":\"2025-02-12T13:21:44+00:00\",\"dateModified\":\"2025-02-12T13:21:45+00:00\",\"breadcrumb\":{\"@id\":\"https:\\\/\\\/krienko.com\\\/it\\\/produkt\\\/super-slim-fit-aaron-b003\\\/#breadcrumb\"},\"inLanguage\":\"it-IT\",\"potentialAction\":[{\"@type\":\"ReadAction\",\"target\":[\"https:\\\/\\\/krienko.com\\\/it\\\/produkt\\\/super-slim-fit-aaron-b003\\\/\"]}]},{\"@type\":\"ImageObject\",\"inLanguage\":\"it-IT\",\"@id\":\"https:\\\/\\\/krienko.com\\\/it\\\/produkt\\\/super-slim-fit-aaron-b003\\\/#primaryimage\",\"url\":\"https:\\\/\\\/krienko.com\\\/wp-content\\\/uploads\\\/2024\\\/12\\\/5.png\",\"contentUrl\":\"https:\\\/\\\/krienko.com\\\/wp-content\\\/uploads\\\/2024\\\/12\\\/5.png\",\"width\":4000,\"height\":4000},{\"@type\":\"BreadcrumbList\",\"@id\":\"https:\\\/\\\/krienko.com\\\/it\\\/produkt\\\/super-slim-fit-aaron-b003\\\/#breadcrumb\",\"itemListElement\":[{\"@type\":\"ListItem\",\"position\":1,\"name\":\"Home\",\"item\":\"https:\\\/\\\/krienko.com\\\/it\\\/\"},{\"@type\":\"ListItem\",\"position\":2,\"name\":\"Negozio\",\"item\":\"https:\\\/\\\/krienko.com\\\/it\\\/negozio\\\/\"},{\"@type\":\"ListItem\",\"position\":3,\"name\":\"Super Slim Fit &#8211; AARON B003\"}]},{\"@type\":\"WebSite\",\"@id\":\"https:\\\/\\\/krienko.com\\\/it\\\/#website\",\"url\":\"https:\\\/\\\/krienko.com\\\/it\\\/\",\"name\":\"krienko\",\"description\":\"KRIENKO Outlet Expansion FOR GLOBAL FASHION. N\u00eb vitin 2025, KRIENKO do t\u00eb festoj\u00eb p\u00ebrfundimin e nj\u00eb prej projekteve t\u00eb saj m\u00eb t\u00eb m\u00ebdha deri m\u00eb tani: nj\u00eb ...\",\"potentialAction\":[{\"@type\":\"SearchAction\",\"target\":{\"@type\":\"EntryPoint\",\"urlTemplate\":\"https:\\\/\\\/krienko.com\\\/it\\\/?s={search_term_string}\"},\"query-input\":{\"@type\":\"PropertyValueSpecification\",\"valueRequired\":true,\"valueName\":\"search_term_string\"}}],\"inLanguage\":\"it-IT\"}]}<\/script>\n<meta property=\"og:availability\" content=\"instock\" \/>\n<meta property=\"product:availability\" content=\"instock\" \/>\n<meta property=\"product:retailer_item_id\" content=\"0093-2\" \/>\n<meta property=\"product:condition\" content=\"new\" \/>\n<!-- \/ Yoast SEO Premium plugin. -->","yoast_head_json":{"title":"Super Slim Fit - AARON B003 - Krienko Jeans","robots":{"index":"index","follow":"follow","max-snippet":"max-snippet:-1","max-image-preview":"max-image-preview:large","max-video-preview":"max-video-preview:-1"},"canonical":"https:\/\/krienko.com\/it\/produkt\/super-slim-fit-aaron-b003\/","og_locale":"it_IT","og_type":"article","og_title":"Super Slim Fit - AARON B003","og_description":"P\u00ebr meshkujt q\u00eb k\u00ebrkojn\u00eb stil, p\u00ebrshtatje t\u00eb sakt\u00eb dhe rehati maksimale, k\u00ebto xhinse Super Slim Fit t\u00eb zeza jan\u00eb zgjedhja e duhur. Dizajnuar p\u00ebr nj\u00eb pamje q\u00eb p\u00ebrqafon trupin, k\u00ebto xhinse kan\u00eb nj\u00eb prerje t\u00eb ngusht\u00eb nga kofsha deri te ky\u00e7i.","og_url":"https:\/\/krienko.com\/it\/produkt\/super-slim-fit-aaron-b003\/","og_site_name":"Krienko Jeans","article_modified_time":"2025-02-12T13:21:45+00:00","og_image":[{"width":1024,"height":1024,"url":"https:\/\/krienko.com\/wp-content\/uploads\/2024\/12\/5-1024x1024.png","type":"image\/png"}],"twitter_card":"summary_large_image","twitter_misc":{"Disponibilit\u00e0":"In stock"},"schema":{"@context":"https:\/\/schema.org","@graph":[{"@type":"WebPage","@id":"https:\/\/krienko.com\/it\/produkt\/super-slim-fit-aaron-b003\/","url":"https:\/\/krienko.com\/it\/produkt\/super-slim-fit-aaron-b003\/","name":"Super Slim Fit - AARON B003 - Krienko Jeans","isPartOf":{"@id":"https:\/\/krienko.com\/it\/#website"},"primaryImageOfPage":{"@id":"https:\/\/krienko.com\/it\/produkt\/super-slim-fit-aaron-b003\/#primaryimage"},"image":{"@id":"https:\/\/krienko.com\/it\/produkt\/super-slim-fit-aaron-b003\/#primaryimage"},"thumbnailUrl":"https:\/\/krienko.com\/wp-content\/uploads\/2024\/12\/5.png","datePublished":"2025-02-12T13:21:44+00:00","dateModified":"2025-02-12T13:21:45+00:00","breadcrumb":{"@id":"https:\/\/krienko.com\/it\/produkt\/super-slim-fit-aaron-b003\/#breadcrumb"},"inLanguage":"it-IT","potentialAction":[{"@type":"ReadAction","target":["https:\/\/krienko.com\/it\/produkt\/super-slim-fit-aaron-b003\/"]}]},{"@type":"ImageObject","inLanguage":"it-IT","@id":"https:\/\/krienko.com\/it\/produkt\/super-slim-fit-aaron-b003\/#primaryimage","url":"https:\/\/krienko.com\/wp-content\/uploads\/2024\/12\/5.png","contentUrl":"https:\/\/krienko.com\/wp-content\/uploads\/2024\/12\/5.png","width":4000,"height":4000},{"@type":"BreadcrumbList","@id":"https:\/\/krienko.com\/it\/produkt\/super-slim-fit-aaron-b003\/#breadcrumb","itemListElement":[{"@type":"ListItem","position":1,"name":"Home","item":"https:\/\/krienko.com\/it\/"},{"@type":"ListItem","position":2,"name":"Negozio","item":"https:\/\/krienko.com\/it\/negozio\/"},{"@type":"ListItem","position":3,"name":"Super Slim Fit &#8211; AARON B003"}]},{"@type":"WebSite","@id":"https:\/\/krienko.com\/it\/#website","url":"https:\/\/krienko.com\/it\/","name":"krienko","description":"KRIENKO Outlet Expansion FOR GLOBAL FASHION. N\u00eb vitin 2025, KRIENKO do t\u00eb festoj\u00eb p\u00ebrfundimin e nj\u00eb prej projekteve t\u00eb saj m\u00eb t\u00eb m\u00ebdha deri m\u00eb tani: nj\u00eb ...","potentialAction":[{"@type":"SearchAction","target":{"@type":"EntryPoint","urlTemplate":"https:\/\/krienko.com\/it\/?s={search_term_string}"},"query-input":{"@type":"PropertyValueSpecification","valueRequired":true,"valueName":"search_term_string"}}],"inLanguage":"it-IT"}]},"og_availability":"instock","product_availability":"instock","product_retailer_item_id":"0093-2","product_condition":"new"},"_links":{"self":[{"href":"https:\/\/krienko.com\/it\/wp-json\/wp\/v2\/product\/13178","targetHints":{"allow":["GET"]}}],"collection":[{"href":"https:\/\/krienko.com\/it\/wp-json\/wp\/v2\/product"}],"about":[{"href":"https:\/\/krienko.com\/it\/wp-json\/wp\/v2\/types\/product"}],"replies":[{"embeddable":true,"href":"https:\/\/krienko.com\/it\/wp-json\/wp\/v2\/comments?post=13178"}],"wp:featuredmedia":[{"embeddable":true,"href":"https:\/\/krienko.com\/it\/wp-json\/wp\/v2\/media\/11663"}],"wp:attachment":[{"href":"https:\/\/krienko.com\/it\/wp-json\/wp\/v2\/media?parent=13178"}],"wp:term":[{"taxonomy":"product_brand","embeddable":true,"href":"https:\/\/krienko.com\/it\/wp-json\/wp\/v2\/product_brand?post=13178"},{"taxonomy":"product_cat","embeddable":true,"href":"https:\/\/krienko.com\/it\/wp-json\/wp\/v2\/product_cat?post=13178"},{"taxonomy":"product_tag","embeddable":true,"href":"https:\/\/krienko.com\/it\/wp-json\/wp\/v2\/product_tag?post=13178"}],"curies":[{"name":"wp","href":"https:\/\/api.w.org\/{rel}","templated":true}]}}