
{"id":11677,"date":"2024-12-09T19:53:34","date_gmt":"2024-12-09T18:53:34","guid":{"rendered":"http:\/\/krienko.test.iei-group.net\/?post_type=product&#038;p=11677"},"modified":"2025-01-07T11:47:08","modified_gmt":"2025-01-07T10:47:08","slug":"regular-fit-adriano-b04","status":"publish","type":"product","link":"https:\/\/krienko.com\/it\/produkt\/regular-fit-adriano-b04\/","title":{"rendered":"Regular Fit &#8211; Adriano B04"},"content":{"rendered":"<div>\n<p>Prova comfort e stile con questi jeans dalla vestibilit\u00e0 regolare. Pensati per chi apprezza un look classico senza tempo, questi jeans offrono una vestibilit\u00e0 rilassata, mantenendo una gamba dritta dalla coscia al ginocchio e sotto.<br \/>\nIl design minimalista e l&#8217;elegante colore nero creano un look pulito e raffinato. Il ricamo aggiunto a questo denim gli conferisce un tocco unico ed elegante.<\/p>\n<p>&nbsp;<\/p>\n<p>Materiale, Dettagli e Istruzioni di Lavaggio<\/p>\n<p>Composizione: 98% Cotone 2% Elastan<br \/>\nVestibilit\u00e0: vestibilit\u00e0 regolare<\/p>\n<p>Letto: nella media<\/p>\n<p>Gamba: regolare<br \/>\nLavaggio: Design classico con un tocco moderno<\/p>\n<p>&nbsp;<\/p>\n<p>Istruzioni per il lavaggio<\/p>\n<\/div>\n<div><\/div>\n<div>\n<div><img decoding=\"async\" class=\"v1gmail-CToWUd\" src=\"https:\/\/shop.diesel.com\/on\/demandware.static\/-\/Sites-diesel-master-catalog\/default\/dw52278460\/care\/12.svg\" \/>Lavaggio al rovescio a 30\u00b0C &#8211; Ciclo delicati<\/div>\n<div><img decoding=\"async\" class=\"v1gmail-CToWUd\" src=\"https:\/\/shop.diesel.com\/on\/demandware.static\/-\/Sites-diesel-master-catalog\/default\/dwd2d15284\/care\/17.svg\" \/>Non utilizzare cloro o altri candeggina<\/div>\n<div><img decoding=\"async\" class=\"v1gmail-CToWUd\" src=\"https:\/\/shop.diesel.com\/on\/demandware.static\/-\/Sites-diesel-master-catalog\/default\/dw8d02c590\/care\/28.svg\" \/>Non asciugare in asciugatrice<\/div>\n<div><img decoding=\"async\" class=\"v1gmail-CToWUd\" src=\"https:\/\/shop.diesel.com\/on\/demandware.static\/-\/Sites-diesel-master-catalog\/default\/dw31cff9ee\/care\/31.svg\" \/>Stirare a una temperatura massima di 110 \u00b0C<\/div>\n<div><img decoding=\"async\" class=\"v1gmail-CToWUd\" src=\"https:\/\/shop.diesel.com\/on\/demandware.static\/-\/Sites-diesel-master-catalog\/default\/dwe4155b76\/care\/37.svg\" \/>\u00c8 necessario prestare attenzione nella pulizia chimica contro gli acidi utilizzati<\/div>\n<div><img decoding=\"async\" class=\"v1gmail-CToWUd\" src=\"https:\/\/shop.diesel.com\/on\/demandware.static\/-\/Sites-diesel-master-catalog\/default\/dw001b2ef4\/care\/24.svg\" \/>Non dovrebbe essere asciugato al sole<\/div>\n<\/div>\n<div><\/div>\n<div id=\"gtx-trans\" style=\"position: absolute; left: 209px; top: 600.667px;\">\n<div class=\"gtx-trans-icon\"><\/div>\n<\/div>\n","protected":false},"excerpt":{"rendered":"<p>Prova comfort e stile con questi jeans dalla vestibilit\u00e0 regolare. Pensati per chi apprezza un look classico senza tempo, questi jeans offrono una vestibilit\u00e0 rilassata, mantenendo una gamba dritta dalla coscia al ginocchio e sotto.<\/p>\n","protected":false},"featured_media":11627,"comment_status":"open","ping_status":"closed","template":"","meta":[],"product_brand":[],"product_cat":[303,151,285],"product_tag":[],"class_list":{"0":"post-11677","1":"product","2":"type-product","3":"status-publish","4":"has-post-thumbnail","6":"product_cat-uncategorized-it","7":"product_cat-uomini","8":"product_cat-vestibilita-regolare","10":"first","11":"instock","12":"taxable","13":"shipping-taxable","14":"purchasable","15":"product-type-variable","16":"add-to-wishlist-after_add_to_cart"},"yoast_head":"<!-- This site is optimized with the Yoast SEO Premium plugin v24.0 (Yoast SEO v27.5) - https:\/\/yoast.com\/product\/yoast-seo-premium-wordpress\/ -->\n<title>Regular Fit - Adriano B04 - Krienko Jeans<\/title>\n<meta name=\"robots\" content=\"index, follow, max-snippet:-1, max-image-preview:large, max-video-preview:-1\" \/>\n<link rel=\"canonical\" href=\"https:\/\/krienko.com\/it\/produkt\/regular-fit-adriano-b04\/\" \/>\n<meta property=\"og:locale\" content=\"it_IT\" \/>\n<meta property=\"og:type\" content=\"article\" \/>\n<meta property=\"og:title\" content=\"Regular Fit - Adriano B04\" \/>\n<meta property=\"og:description\" content=\"Prova comfort e stile con questi jeans dalla vestibilit\u00e0 regolare. Pensati per chi apprezza un look classico senza tempo, questi jeans offrono una vestibilit\u00e0 rilassata, mantenendo una gamba dritta dalla coscia al ginocchio e sotto.\" \/>\n<meta property=\"og:url\" content=\"https:\/\/krienko.com\/it\/produkt\/regular-fit-adriano-b04\/\" \/>\n<meta property=\"og:site_name\" content=\"Krienko Jeans\" \/>\n<meta property=\"article:modified_time\" content=\"2025-01-07T10:47:08+00:00\" \/>\n<meta property=\"og:image\" content=\"https:\/\/krienko.com\/wp-content\/uploads\/2024\/12\/1-1-scaled.jpg\" \/>\n\t<meta property=\"og:image:width\" content=\"2560\" \/>\n\t<meta property=\"og:image:height\" content=\"2560\" \/>\n\t<meta property=\"og:image:type\" content=\"image\/jpeg\" \/>\n<meta name=\"twitter:card\" content=\"summary_large_image\" \/>\n<meta name=\"twitter:label1\" content=\"Disponibilit\u00e0\" \/>\n\t<meta name=\"twitter:data1\" content=\"In stock\" \/>\n<script type=\"application\/ld+json\" class=\"yoast-schema-graph\">{\"@context\":\"https:\\\/\\\/schema.org\",\"@graph\":[{\"@type\":\"WebPage\",\"@id\":\"https:\\\/\\\/krienko.com\\\/it\\\/produkt\\\/regular-fit-adriano-b04\\\/\",\"url\":\"https:\\\/\\\/krienko.com\\\/it\\\/produkt\\\/regular-fit-adriano-b04\\\/\",\"name\":\"Regular Fit - Adriano B04 - Krienko Jeans\",\"isPartOf\":{\"@id\":\"https:\\\/\\\/krienko.com\\\/it\\\/#website\"},\"primaryImageOfPage\":{\"@id\":\"https:\\\/\\\/krienko.com\\\/it\\\/produkt\\\/regular-fit-adriano-b04\\\/#primaryimage\"},\"image\":{\"@id\":\"https:\\\/\\\/krienko.com\\\/it\\\/produkt\\\/regular-fit-adriano-b04\\\/#primaryimage\"},\"thumbnailUrl\":\"https:\\\/\\\/krienko.com\\\/wp-content\\\/uploads\\\/2024\\\/12\\\/1-1-scaled.jpg\",\"datePublished\":\"2024-12-09T18:53:34+00:00\",\"dateModified\":\"2025-01-07T10:47:08+00:00\",\"breadcrumb\":{\"@id\":\"https:\\\/\\\/krienko.com\\\/it\\\/produkt\\\/regular-fit-adriano-b04\\\/#breadcrumb\"},\"inLanguage\":\"it-IT\",\"potentialAction\":[{\"@type\":\"ReadAction\",\"target\":[\"https:\\\/\\\/krienko.com\\\/it\\\/produkt\\\/regular-fit-adriano-b04\\\/\"]}]},{\"@type\":\"ImageObject\",\"inLanguage\":\"it-IT\",\"@id\":\"https:\\\/\\\/krienko.com\\\/it\\\/produkt\\\/regular-fit-adriano-b04\\\/#primaryimage\",\"url\":\"https:\\\/\\\/krienko.com\\\/wp-content\\\/uploads\\\/2024\\\/12\\\/1-1-scaled.jpg\",\"contentUrl\":\"https:\\\/\\\/krienko.com\\\/wp-content\\\/uploads\\\/2024\\\/12\\\/1-1-scaled.jpg\",\"width\":2560,\"height\":2560},{\"@type\":\"BreadcrumbList\",\"@id\":\"https:\\\/\\\/krienko.com\\\/it\\\/produkt\\\/regular-fit-adriano-b04\\\/#breadcrumb\",\"itemListElement\":[{\"@type\":\"ListItem\",\"position\":1,\"name\":\"Home\",\"item\":\"https:\\\/\\\/krienko.com\\\/it\\\/\"},{\"@type\":\"ListItem\",\"position\":2,\"name\":\"Negozio\",\"item\":\"https:\\\/\\\/krienko.com\\\/it\\\/negozio\\\/\"},{\"@type\":\"ListItem\",\"position\":3,\"name\":\"Regular Fit &#8211; Adriano B04\"}]},{\"@type\":\"WebSite\",\"@id\":\"https:\\\/\\\/krienko.com\\\/it\\\/#website\",\"url\":\"https:\\\/\\\/krienko.com\\\/it\\\/\",\"name\":\"krienko\",\"description\":\"KRIENKO Outlet Expansion FOR GLOBAL FASHION. N\u00eb vitin 2025, KRIENKO do t\u00eb festoj\u00eb p\u00ebrfundimin e nj\u00eb prej projekteve t\u00eb saj m\u00eb t\u00eb m\u00ebdha deri m\u00eb tani: nj\u00eb ...\",\"potentialAction\":[{\"@type\":\"SearchAction\",\"target\":{\"@type\":\"EntryPoint\",\"urlTemplate\":\"https:\\\/\\\/krienko.com\\\/it\\\/?s={search_term_string}\"},\"query-input\":{\"@type\":\"PropertyValueSpecification\",\"valueRequired\":true,\"valueName\":\"search_term_string\"}}],\"inLanguage\":\"it-IT\"}]}<\/script>\n<meta property=\"og:availability\" content=\"instock\" \/>\n<meta property=\"product:availability\" content=\"instock\" \/>\n<meta property=\"product:condition\" content=\"new\" \/>\n<!-- \/ Yoast SEO Premium plugin. -->","yoast_head_json":{"title":"Regular Fit - Adriano B04 - Krienko Jeans","robots":{"index":"index","follow":"follow","max-snippet":"max-snippet:-1","max-image-preview":"max-image-preview:large","max-video-preview":"max-video-preview:-1"},"canonical":"https:\/\/krienko.com\/it\/produkt\/regular-fit-adriano-b04\/","og_locale":"it_IT","og_type":"article","og_title":"Regular Fit - Adriano B04","og_description":"Prova comfort e stile con questi jeans dalla vestibilit\u00e0 regolare. Pensati per chi apprezza un look classico senza tempo, questi jeans offrono una vestibilit\u00e0 rilassata, mantenendo una gamba dritta dalla coscia al ginocchio e sotto.","og_url":"https:\/\/krienko.com\/it\/produkt\/regular-fit-adriano-b04\/","og_site_name":"Krienko Jeans","article_modified_time":"2025-01-07T10:47:08+00:00","og_image":[{"width":2560,"height":2560,"url":"https:\/\/krienko.com\/wp-content\/uploads\/2024\/12\/1-1-scaled.jpg","type":"image\/jpeg"}],"twitter_card":"summary_large_image","twitter_misc":{"Disponibilit\u00e0":"In stock"},"schema":{"@context":"https:\/\/schema.org","@graph":[{"@type":"WebPage","@id":"https:\/\/krienko.com\/it\/produkt\/regular-fit-adriano-b04\/","url":"https:\/\/krienko.com\/it\/produkt\/regular-fit-adriano-b04\/","name":"Regular Fit - Adriano B04 - Krienko Jeans","isPartOf":{"@id":"https:\/\/krienko.com\/it\/#website"},"primaryImageOfPage":{"@id":"https:\/\/krienko.com\/it\/produkt\/regular-fit-adriano-b04\/#primaryimage"},"image":{"@id":"https:\/\/krienko.com\/it\/produkt\/regular-fit-adriano-b04\/#primaryimage"},"thumbnailUrl":"https:\/\/krienko.com\/wp-content\/uploads\/2024\/12\/1-1-scaled.jpg","datePublished":"2024-12-09T18:53:34+00:00","dateModified":"2025-01-07T10:47:08+00:00","breadcrumb":{"@id":"https:\/\/krienko.com\/it\/produkt\/regular-fit-adriano-b04\/#breadcrumb"},"inLanguage":"it-IT","potentialAction":[{"@type":"ReadAction","target":["https:\/\/krienko.com\/it\/produkt\/regular-fit-adriano-b04\/"]}]},{"@type":"ImageObject","inLanguage":"it-IT","@id":"https:\/\/krienko.com\/it\/produkt\/regular-fit-adriano-b04\/#primaryimage","url":"https:\/\/krienko.com\/wp-content\/uploads\/2024\/12\/1-1-scaled.jpg","contentUrl":"https:\/\/krienko.com\/wp-content\/uploads\/2024\/12\/1-1-scaled.jpg","width":2560,"height":2560},{"@type":"BreadcrumbList","@id":"https:\/\/krienko.com\/it\/produkt\/regular-fit-adriano-b04\/#breadcrumb","itemListElement":[{"@type":"ListItem","position":1,"name":"Home","item":"https:\/\/krienko.com\/it\/"},{"@type":"ListItem","position":2,"name":"Negozio","item":"https:\/\/krienko.com\/it\/negozio\/"},{"@type":"ListItem","position":3,"name":"Regular Fit &#8211; Adriano B04"}]},{"@type":"WebSite","@id":"https:\/\/krienko.com\/it\/#website","url":"https:\/\/krienko.com\/it\/","name":"krienko","description":"KRIENKO Outlet Expansion FOR GLOBAL FASHION. N\u00eb vitin 2025, KRIENKO do t\u00eb festoj\u00eb p\u00ebrfundimin e nj\u00eb prej projekteve t\u00eb saj m\u00eb t\u00eb m\u00ebdha deri m\u00eb tani: nj\u00eb ...","potentialAction":[{"@type":"SearchAction","target":{"@type":"EntryPoint","urlTemplate":"https:\/\/krienko.com\/it\/?s={search_term_string}"},"query-input":{"@type":"PropertyValueSpecification","valueRequired":true,"valueName":"search_term_string"}}],"inLanguage":"it-IT"}]},"og_availability":"instock","product_availability":"instock","product_condition":"new"},"_links":{"self":[{"href":"https:\/\/krienko.com\/it\/wp-json\/wp\/v2\/product\/11677","targetHints":{"allow":["GET"]}}],"collection":[{"href":"https:\/\/krienko.com\/it\/wp-json\/wp\/v2\/product"}],"about":[{"href":"https:\/\/krienko.com\/it\/wp-json\/wp\/v2\/types\/product"}],"replies":[{"embeddable":true,"href":"https:\/\/krienko.com\/it\/wp-json\/wp\/v2\/comments?post=11677"}],"wp:featuredmedia":[{"embeddable":true,"href":"https:\/\/krienko.com\/it\/wp-json\/wp\/v2\/media\/11627"}],"wp:attachment":[{"href":"https:\/\/krienko.com\/it\/wp-json\/wp\/v2\/media?parent=11677"}],"wp:term":[{"taxonomy":"product_brand","embeddable":true,"href":"https:\/\/krienko.com\/it\/wp-json\/wp\/v2\/product_brand?post=11677"},{"taxonomy":"product_cat","embeddable":true,"href":"https:\/\/krienko.com\/it\/wp-json\/wp\/v2\/product_cat?post=11677"},{"taxonomy":"product_tag","embeddable":true,"href":"https:\/\/krienko.com\/it\/wp-json\/wp\/v2\/product_tag?post=11677"}],"curies":[{"name":"wp","href":"https:\/\/api.w.org\/{rel}","templated":true}]}}