
{"id":10015,"date":"2024-10-31T16:04:06","date_gmt":"2024-10-31T15:04:06","guid":{"rendered":"http:\/\/krienko.test.iei-group.net\/produkt\/indri-w12\/"},"modified":"2024-11-12T16:52:20","modified_gmt":"2024-11-12T15:52:20","slug":"indri-w12","status":"publish","type":"product","link":"https:\/\/krienko.com\/it\/produkt\/indri-w12\/","title":{"rendered":"INDRI W12"},"content":{"rendered":"<p>Per chi desidera un look raffinato e una vestibilit\u00e0 perfetta, i nostri jeans Slim Fit sono la scelta ideale.<\/p>\n<p>Realizzati con materiali italiani di alta qualit\u00e0, questi jeans uniscono eleganza e comodit\u00e0, per un look che rimane alla moda tutto l&#8217;anno.<\/p>\n<p>&nbsp;<\/p>\n<p>&nbsp;<\/p>\n<p>Materiale, dettagli e istruzioni per la cura Composizione: 98% cotone 2% elastan<br \/>\nVestibilit\u00e0: Slim Fit<br \/>\nVita: media<br \/>\nGamba: slim<br \/>\nLavaggio: medio<br \/>\nLunghezza: 30,32<\/p>\n<p>&nbsp;<\/p>\n<div>Istruzioni per la cura<\/div>\n<div><\/div>\n<div>\n<div><img decoding=\"async\" class=\"v1gmail-CToWUd\" src=\"https:\/\/shop.diesel.com\/on\/demandware.static\/-\/Sites-diesel-master-catalog\/default\/dw52278460\/care\/12.svg\">Lavaggio a 30\u00b0 C &#8211; Ciclo delicato<\/div>\n<div><img decoding=\"async\" class=\"v1gmail-CToWUd\" src=\"https:\/\/shop.diesel.com\/on\/demandware.static\/-\/Sites-diesel-master-catalog\/default\/dwd2d15284\/care\/17.svg\">Non candeggiare<\/div>\n<div><img decoding=\"async\" class=\"v1gmail-CToWUd\" src=\"https:\/\/shop.diesel.com\/on\/demandware.static\/-\/Sites-diesel-master-catalog\/default\/dw8d02c590\/care\/28.svg\">Non asciugare in asciugatrice<\/div>\n<div><img decoding=\"async\" class=\"v1gmail-CToWUd\" src=\"https:\/\/shop.diesel.com\/on\/demandware.static\/-\/Sites-diesel-master-catalog\/default\/dw31cff9ee\/care\/31.svg\">Ferro a max 110 \u00b0C<\/div>\n<div><img decoding=\"async\" class=\"v1gmail-CToWUd\" src=\"https:\/\/shop.diesel.com\/on\/demandware.static\/-\/Sites-diesel-master-catalog\/default\/dwe4155b76\/care\/37.svg\">Non lavare a secco<\/div>\n<div><img decoding=\"async\" class=\"v1gmail-CToWUd\" src=\"https:\/\/shop.diesel.com\/on\/demandware.static\/-\/Sites-diesel-master-catalog\/default\/dw001b2ef4\/care\/24.svg\">Asciugati all&#8217;ombra<\/div>\n<\/div>\n","protected":false},"excerpt":{"rendered":"<p>Per chi desidera un look raffinato e una vestibilit\u00e0 perfetta, i nostri jeans Slim Fit sono la scelta ideale.<\/p>\n<p>Con materiali italiani di alta qualit\u00e0, questi jeans combinano eleganza e comfort per un look che rimane alla moda tutto l&#8217;anno.<\/p>\n","protected":false},"featured_media":8953,"comment_status":"open","ping_status":"closed","template":"","meta":[],"product_brand":[],"product_cat":[153,151],"product_tag":[],"class_list":{"0":"post-10015","1":"product","2":"type-product","3":"status-publish","4":"has-post-thumbnail","6":"product_cat-slim-fit-it","7":"product_cat-uomini","9":"first","10":"instock","11":"taxable","12":"shipping-taxable","13":"purchasable","14":"product-type-variable","15":"add-to-wishlist-after_add_to_cart"},"yoast_head":"<!-- This site is optimized with the Yoast SEO Premium plugin v24.0 (Yoast SEO v27.4) - https:\/\/yoast.com\/product\/yoast-seo-premium-wordpress\/ -->\n<title>INDRI W12 - Krienko Jeans<\/title>\n<meta name=\"robots\" content=\"index, follow, max-snippet:-1, max-image-preview:large, max-video-preview:-1\" \/>\n<link rel=\"canonical\" href=\"https:\/\/krienko.com\/it\/produkt\/indri-w12\/\" \/>\n<meta property=\"og:locale\" content=\"it_IT\" \/>\n<meta property=\"og:type\" content=\"article\" \/>\n<meta property=\"og:title\" content=\"INDRI W12\" \/>\n<meta property=\"og:description\" content=\"Per chi desidera un look raffinato e una vestibilit\u00e0 perfetta, i nostri jeans Slim Fit sono la scelta ideale. Con materiali italiani di alta qualit\u00e0, questi jeans combinano eleganza e comfort per un look che rimane alla moda tutto l&#039;anno.\" \/>\n<meta property=\"og:url\" content=\"https:\/\/krienko.com\/it\/produkt\/indri-w12\/\" \/>\n<meta property=\"og:site_name\" content=\"Krienko Jeans\" \/>\n<meta property=\"article:modified_time\" content=\"2024-11-12T15:52:20+00:00\" \/>\n<meta property=\"og:image\" content=\"https:\/\/krienko.com\/wp-content\/uploads\/2024\/10\/1-1-1024x1024.png\" \/>\n\t<meta property=\"og:image:width\" content=\"1024\" \/>\n\t<meta property=\"og:image:height\" content=\"1024\" \/>\n\t<meta property=\"og:image:type\" content=\"image\/png\" \/>\n<meta name=\"twitter:card\" content=\"summary_large_image\" \/>\n<meta name=\"twitter:label1\" content=\"Disponibilit\u00e0\" \/>\n\t<meta name=\"twitter:data1\" content=\"In stock\" \/>\n<script type=\"application\/ld+json\" class=\"yoast-schema-graph\">{\"@context\":\"https:\\\/\\\/schema.org\",\"@graph\":[{\"@type\":\"WebPage\",\"@id\":\"https:\\\/\\\/krienko.com\\\/it\\\/produkt\\\/indri-w12\\\/\",\"url\":\"https:\\\/\\\/krienko.com\\\/it\\\/produkt\\\/indri-w12\\\/\",\"name\":\"INDRI W12 - Krienko Jeans\",\"isPartOf\":{\"@id\":\"https:\\\/\\\/krienko.com\\\/it\\\/#website\"},\"primaryImageOfPage\":{\"@id\":\"https:\\\/\\\/krienko.com\\\/it\\\/produkt\\\/indri-w12\\\/#primaryimage\"},\"image\":{\"@id\":\"https:\\\/\\\/krienko.com\\\/it\\\/produkt\\\/indri-w12\\\/#primaryimage\"},\"thumbnailUrl\":\"https:\\\/\\\/krienko.com\\\/wp-content\\\/uploads\\\/2024\\\/10\\\/1-1.png\",\"datePublished\":\"2024-10-31T15:04:06+00:00\",\"dateModified\":\"2024-11-12T15:52:20+00:00\",\"breadcrumb\":{\"@id\":\"https:\\\/\\\/krienko.com\\\/it\\\/produkt\\\/indri-w12\\\/#breadcrumb\"},\"inLanguage\":\"it-IT\",\"potentialAction\":[{\"@type\":\"ReadAction\",\"target\":[\"https:\\\/\\\/krienko.com\\\/it\\\/produkt\\\/indri-w12\\\/\"]}]},{\"@type\":\"ImageObject\",\"inLanguage\":\"it-IT\",\"@id\":\"https:\\\/\\\/krienko.com\\\/it\\\/produkt\\\/indri-w12\\\/#primaryimage\",\"url\":\"https:\\\/\\\/krienko.com\\\/wp-content\\\/uploads\\\/2024\\\/10\\\/1-1.png\",\"contentUrl\":\"https:\\\/\\\/krienko.com\\\/wp-content\\\/uploads\\\/2024\\\/10\\\/1-1.png\",\"width\":4000,\"height\":4000},{\"@type\":\"BreadcrumbList\",\"@id\":\"https:\\\/\\\/krienko.com\\\/it\\\/produkt\\\/indri-w12\\\/#breadcrumb\",\"itemListElement\":[{\"@type\":\"ListItem\",\"position\":1,\"name\":\"Home\",\"item\":\"https:\\\/\\\/krienko.com\\\/it\\\/\"},{\"@type\":\"ListItem\",\"position\":2,\"name\":\"Negozio\",\"item\":\"https:\\\/\\\/krienko.com\\\/it\\\/negozio\\\/\"},{\"@type\":\"ListItem\",\"position\":3,\"name\":\"INDRI W12\"}]},{\"@type\":\"WebSite\",\"@id\":\"https:\\\/\\\/krienko.com\\\/it\\\/#website\",\"url\":\"https:\\\/\\\/krienko.com\\\/it\\\/\",\"name\":\"krienko\",\"description\":\"KRIENKO Outlet Expansion FOR GLOBAL FASHION. N\u00eb vitin 2025, KRIENKO do t\u00eb festoj\u00eb p\u00ebrfundimin e nj\u00eb prej projekteve t\u00eb saj m\u00eb t\u00eb m\u00ebdha deri m\u00eb tani: nj\u00eb ...\",\"potentialAction\":[{\"@type\":\"SearchAction\",\"target\":{\"@type\":\"EntryPoint\",\"urlTemplate\":\"https:\\\/\\\/krienko.com\\\/it\\\/?s={search_term_string}\"},\"query-input\":{\"@type\":\"PropertyValueSpecification\",\"valueRequired\":true,\"valueName\":\"search_term_string\"}}],\"inLanguage\":\"it-IT\"}]}<\/script>\n<meta property=\"og:availability\" content=\"instock\" \/>\n<meta property=\"product:availability\" content=\"instock\" \/>\n<meta property=\"product:condition\" content=\"new\" \/>\n<!-- \/ Yoast SEO Premium plugin. -->","yoast_head_json":{"title":"INDRI W12 - Krienko Jeans","robots":{"index":"index","follow":"follow","max-snippet":"max-snippet:-1","max-image-preview":"max-image-preview:large","max-video-preview":"max-video-preview:-1"},"canonical":"https:\/\/krienko.com\/it\/produkt\/indri-w12\/","og_locale":"it_IT","og_type":"article","og_title":"INDRI W12","og_description":"Per chi desidera un look raffinato e una vestibilit\u00e0 perfetta, i nostri jeans Slim Fit sono la scelta ideale. Con materiali italiani di alta qualit\u00e0, questi jeans combinano eleganza e comfort per un look che rimane alla moda tutto l'anno.","og_url":"https:\/\/krienko.com\/it\/produkt\/indri-w12\/","og_site_name":"Krienko Jeans","article_modified_time":"2024-11-12T15:52:20+00:00","og_image":[{"width":1024,"height":1024,"url":"https:\/\/krienko.com\/wp-content\/uploads\/2024\/10\/1-1-1024x1024.png","type":"image\/png"}],"twitter_card":"summary_large_image","twitter_misc":{"Disponibilit\u00e0":"In stock"},"schema":{"@context":"https:\/\/schema.org","@graph":[{"@type":"WebPage","@id":"https:\/\/krienko.com\/it\/produkt\/indri-w12\/","url":"https:\/\/krienko.com\/it\/produkt\/indri-w12\/","name":"INDRI W12 - Krienko Jeans","isPartOf":{"@id":"https:\/\/krienko.com\/it\/#website"},"primaryImageOfPage":{"@id":"https:\/\/krienko.com\/it\/produkt\/indri-w12\/#primaryimage"},"image":{"@id":"https:\/\/krienko.com\/it\/produkt\/indri-w12\/#primaryimage"},"thumbnailUrl":"https:\/\/krienko.com\/wp-content\/uploads\/2024\/10\/1-1.png","datePublished":"2024-10-31T15:04:06+00:00","dateModified":"2024-11-12T15:52:20+00:00","breadcrumb":{"@id":"https:\/\/krienko.com\/it\/produkt\/indri-w12\/#breadcrumb"},"inLanguage":"it-IT","potentialAction":[{"@type":"ReadAction","target":["https:\/\/krienko.com\/it\/produkt\/indri-w12\/"]}]},{"@type":"ImageObject","inLanguage":"it-IT","@id":"https:\/\/krienko.com\/it\/produkt\/indri-w12\/#primaryimage","url":"https:\/\/krienko.com\/wp-content\/uploads\/2024\/10\/1-1.png","contentUrl":"https:\/\/krienko.com\/wp-content\/uploads\/2024\/10\/1-1.png","width":4000,"height":4000},{"@type":"BreadcrumbList","@id":"https:\/\/krienko.com\/it\/produkt\/indri-w12\/#breadcrumb","itemListElement":[{"@type":"ListItem","position":1,"name":"Home","item":"https:\/\/krienko.com\/it\/"},{"@type":"ListItem","position":2,"name":"Negozio","item":"https:\/\/krienko.com\/it\/negozio\/"},{"@type":"ListItem","position":3,"name":"INDRI W12"}]},{"@type":"WebSite","@id":"https:\/\/krienko.com\/it\/#website","url":"https:\/\/krienko.com\/it\/","name":"krienko","description":"KRIENKO Outlet Expansion FOR GLOBAL FASHION. N\u00eb vitin 2025, KRIENKO do t\u00eb festoj\u00eb p\u00ebrfundimin e nj\u00eb prej projekteve t\u00eb saj m\u00eb t\u00eb m\u00ebdha deri m\u00eb tani: nj\u00eb ...","potentialAction":[{"@type":"SearchAction","target":{"@type":"EntryPoint","urlTemplate":"https:\/\/krienko.com\/it\/?s={search_term_string}"},"query-input":{"@type":"PropertyValueSpecification","valueRequired":true,"valueName":"search_term_string"}}],"inLanguage":"it-IT"}]},"og_availability":"instock","product_availability":"instock","product_condition":"new"},"_links":{"self":[{"href":"https:\/\/krienko.com\/it\/wp-json\/wp\/v2\/product\/10015","targetHints":{"allow":["GET"]}}],"collection":[{"href":"https:\/\/krienko.com\/it\/wp-json\/wp\/v2\/product"}],"about":[{"href":"https:\/\/krienko.com\/it\/wp-json\/wp\/v2\/types\/product"}],"replies":[{"embeddable":true,"href":"https:\/\/krienko.com\/it\/wp-json\/wp\/v2\/comments?post=10015"}],"wp:featuredmedia":[{"embeddable":true,"href":"https:\/\/krienko.com\/it\/wp-json\/wp\/v2\/media\/8953"}],"wp:attachment":[{"href":"https:\/\/krienko.com\/it\/wp-json\/wp\/v2\/media?parent=10015"}],"wp:term":[{"taxonomy":"product_brand","embeddable":true,"href":"https:\/\/krienko.com\/it\/wp-json\/wp\/v2\/product_brand?post=10015"},{"taxonomy":"product_cat","embeddable":true,"href":"https:\/\/krienko.com\/it\/wp-json\/wp\/v2\/product_cat?post=10015"},{"taxonomy":"product_tag","embeddable":true,"href":"https:\/\/krienko.com\/it\/wp-json\/wp\/v2\/product_tag?post=10015"}],"curies":[{"name":"wp","href":"https:\/\/api.w.org\/{rel}","templated":true}]}}