
{"id":8359,"date":"2021-04-01T13:59:59","date_gmt":"2021-04-01T11:59:59","guid":{"rendered":"http:\/\/krienko.test.iei-group.net\/termini-e-condizioni\/"},"modified":"2025-01-29T17:28:06","modified_gmt":"2025-01-29T16:28:06","slug":"termini-e-condizioni","status":"publish","type":"page","link":"https:\/\/krienko.com\/it\/termini-e-condizioni\/","title":{"rendered":"Termini e condizioni"},"content":{"rendered":"\t\t<div data-elementor-type=\"wp-page\" data-elementor-id=\"8359\" class=\"elementor elementor-8359 elementor-855\" data-elementor-post-type=\"page\">\n\t\t\t\t<div class=\"elementor-element elementor-element-55942a6a e-flex e-con-boxed e-con e-parent\" data-id=\"55942a6a\" data-element_type=\"container\" data-e-type=\"container\">\n\t\t\t\t\t<div class=\"e-con-inner\">\n\t\t\t\t<div class=\"elementor-element elementor-element-997e08d elementor-widget elementor-widget-spacer\" data-id=\"997e08d\" data-element_type=\"widget\" data-e-type=\"widget\" data-widget_type=\"spacer.default\">\n\t\t\t\t<div class=\"elementor-widget-container\">\n\t\t\t\t\t\t\t<div class=\"elementor-spacer\">\n\t\t\t<div class=\"elementor-spacer-inner\"><\/div>\n\t\t<\/div>\n\t\t\t\t\t\t<\/div>\n\t\t\t\t<\/div>\n\t\t\t\t<div class=\"elementor-element elementor-element-8fe786f elementor-widget elementor-widget-heading\" data-id=\"8fe786f\" data-element_type=\"widget\" data-e-type=\"widget\" data-widget_type=\"heading.default\">\n\t\t\t\t<div class=\"elementor-widget-container\">\n\t\t\t\t\t<h2 class=\"elementor-heading-title elementor-size-default\">Termini e condizioni<\/h2>\t\t\t\t<\/div>\n\t\t\t\t<\/div>\n\t\t\t\t<div class=\"elementor-element elementor-element-484480c elementor-widget elementor-widget-spacer\" data-id=\"484480c\" data-element_type=\"widget\" data-e-type=\"widget\" data-widget_type=\"spacer.default\">\n\t\t\t\t<div class=\"elementor-widget-container\">\n\t\t\t\t\t\t\t<div class=\"elementor-spacer\">\n\t\t\t<div class=\"elementor-spacer-inner\"><\/div>\n\t\t<\/div>\n\t\t\t\t\t\t<\/div>\n\t\t\t\t<\/div>\n\t\t\t\t<div class=\"elementor-element elementor-element-645dc8c8 elementor-widget elementor-widget-text-editor\" data-id=\"645dc8c8\" data-element_type=\"widget\" data-e-type=\"widget\" data-widget_type=\"text-editor.default\">\n\t\t\t\t<div class=\"elementor-widget-container\">\n\t\t\t\t\t\t\t\t\t\n<p><strong>Condizioni di utilizzo di questo sito web<\/strong><\/p>\n<p><strong>Le presenti Condizioni d&#8217;uso (le &#8220;Condizioni&#8221;, &#8220;Condizioni d&#8217;uso&#8221;) si applicano a https:\/\/krienko.com, il sito web (il nostro &#8220;Servizio&#8221;, il nostro &#8220;Sito&#8221;) gestito da KRIENKO (di seguito &#8220;noi&#8221;, &#8220;ci&#8221; o &#8220;nostro&#8221;). Ti invitiamo a leggere attentamente le presenti Condizioni d&#8217;uso prima di iniziare a utilizzare il nostro Sito, in quanto esse si applicheranno all&#8217;utilizzo del Sito da parte tua. Utilizzando il nostro Sito, l&#8217;utente conferma di accettare le presenti Condizioni d&#8217;uso e di impegnarsi a rispettarle. Se non accetti le presenti Condizioni d&#8217;uso, ti invitiamo ad astenerti dall&#8217;utilizzare il nostro Sito.   <\/strong><\/p>\n<p><strong>Ci riserviamo il diritto, a nostra esclusiva discrezione, di cambiare, modificare, aggiungere o rimuovere parti delle presenti Condizioni d&#8217;uso, in qualsiasi momento. \u00c8 responsabilit\u00e0 dell&#8217;utente controllare periodicamente le presenti Condizioni d&#8217;uso per verificare la presenza di eventuali modifiche. L&#8217;uso continuato del Sito da parte dell&#8217;utente dopo la pubblicazione delle modifiche implica l&#8217;accettazione delle stesse. Se l&#8217;utente rispetta le presenti Condizioni d&#8217;uso, gli concediamo il privilegio personale, non esclusivo, non trasferibile e limitato di accedere e utilizzare il nostro Sito.   <\/strong><\/p>\n<p><strong><em>*****<\/em><\/strong><\/p>\n<ol>\n<li><strong>  Informazioni personali<\/strong><\/li>\n<\/ol>\n<p><strong>La nostra Informativa sulla privacy si applica all&#8217;uso del nostro Sito e i Termini sono parte integrante delle presenti Condizioni d&#8217;uso. Per visualizzare la nostra Informativa sulla privacy, clicca <a href=\"https:\/\/krienko.com\/privacy\">qui<\/a> <\/strong><strong>  .<\/strong><\/p>\n<ol start=\"2\">\n<li><strong>  Biscotti<\/strong><\/li>\n<\/ol>\n<p><strong>La nostra Politica sui cookie si applica all&#8217;utilizzo del nostro Sito e i Termini sono parte integrante delle presenti Condizioni d&#8217;uso. Per visualizzare la nostra Politica sui cookie, clicca <a href=\"https:\/\/krienko.com\/cookie-policy\/\">qui<\/a> <\/strong><strong>.<\/strong><\/p>\n<ol start=\"3\">\n<li><strong>  Doveri dell&#8217;utente del nostro sito?<\/strong><\/li>\n<\/ol>\n<ul>\n<li>  3.1. In accessing or using our Site, you shall not:   <ul>\n<li>3.1.1. harm other persons, in particular minors, or infringe their personal rights; <\/li>\n<li>3.1.2. breach public morality in its manner of use; <\/li>\n<li>3.1.3. violate any intellectual property right or any other proprietary right; <\/li>\n<li>3.1.4. upload any contents containing a virus, so-called Trojan Horse, or any other program that could damage data; <\/li>\n<li>3.1.5. transmit, store or upload hyperlinks or contents to which the User is not entitled, in particular in cases where such hyperlinks or contents are in breach of confidentiality obligations or unlawful; or <\/li>\n<li>3.1.6. distribute advertising or unsolicited e-mails (so-called \u201cspam\u201d) or inaccurate warnings of viruses, defects or similar material and the User shall not solicit or request the participation in any lottery, snowball system, chain letter, pyramid game or similar activity. <\/li>\n<\/ul>\n<\/li>\n<li>3.2. We may deny access to our Site at any time, in particular if you breach any obligation arising from these Terms of Use. <\/li>\n<li>3.3. We reserve the right at all times to disclose any information that we deem necessary to comply with any applicable law, regulation, legal process or governmental request. We also may disclose your information when we determine that applicable law requires or permits such disclosure, including exchanging information with other companies and organizations for fraud protection purposes.  <\/li>\n<li>3.4. You also agree that any violation by you of these Terms of Use will constitute an unlawful and unfair business practice, and will cause irreparable harm to us, for which monetary damages would be inadequate, and you consent to our obtaining any injunctive or equitable relief that we deem necessary or appropriate in such circumstances. These remedies are in addition to any other remedies we may have at law or in equity.  <\/li>\n<\/ul>\n<ol start=\"4\">\n<li><strong>  Nessuna responsabilit\u00e0<\/strong><\/li>\n<\/ol>\n<ul>\n<li>4.1.L&#8217;utente riconosce che KRIENKO non si assume alcuna responsabilit\u00e0 in merito alla disponibilit\u00e0 e all&#8217;utilizzo dei servizi.<\/li>\n<li>4.2. Non ci assumiamo alcuna responsabilit\u00e0 per il contenuto dei siti web di terzi collegati al nostro Sito o da esso provenienti.<\/li>\n<li>4.3.Salvo ove vietato dalla legge, in nessun caso KRIENKO sar\u00e0 responsabile nei confronti dell&#8217;utente per danni indiretti, consequenziali, esemplari, incidentali o punitivi, inclusa la perdita di profitti, anche se siamo stati avvisati della possibilit\u00e0 di tali danni.<\/li>\n<li>4.4.Non saremo responsabili nei confronti dell&#8217;utente per qualsiasi perdita o danno, derivante da o in relazione all&#8217;accesso o all&#8217;uso del nostro Sito, delle sue funzionalit\u00e0 o di qualsiasi informazione resa disponibile attraverso il nostro Sito, anche se avvisati in anticipo di tali danni o perdite, nella misura consentita dalla legge applicabile.<\/li>\n<\/ul>\n<ol start=\"5\">\n<li><strong>  Pratiche proibite<\/strong><\/li>\n<\/ol>\n<ul>\n<li>5.1. The following practices are strictly forbidden on our website:   <ul>\n<li>5.1.1. Linking to our Site from a website:   <ul>\n<li>5.1.1.1. with defamatory content of or otherwise injurious to the company or its products or harmful to its reputation; <\/li>\n<li>5.1.1.2. With content that goes against the public order and morals; <\/li>\n<li>5.1.1.3. illegal content, or involved in or likely to be involved in illegal activity. <\/li>\n<\/ul>\n<\/li>\n<li>5.1.2. Using a frame or other means to disguise the fact that the displayed content is from our Site. <\/li>\n<\/ul>\n<\/li>\n<li>5.2. If you do not agree, in full or in part, with the Terms of Use of https:\/\/krienko.com we ask that you do not use our website. <\/li>\n<li>5.3. However, please remember that you can always contact our company by e-mail \u2013 for any questions or doubt \u2013 to the following address: <a href=\"mailto:info@krienko.com\">info@krienko.com<\/a> we will respond you in the shortest time possible. <\/li>\n<li>5.4. Otherwise, for any other legal information, please consult the Privacy Policy section of <strong>https:\/\/krienko.com<\/strong>. <\/li>\n<\/ul>\n<ol start=\"6\">\n<li><strong>  Esclusioni di responsabilit\u00e0<\/strong><\/li>\n<\/ol>\n<ul>\n<li>6.1. The content on our Site is provided for general information only. Although we make reasonable efforts to update the information on our Site, we make no representations, warranties or guarantees, whether express or implied, that the content on our Site is accurate, complete or up to date.  <\/li>\n<li>6.2. We may update and change our Site from time to time. We do not guarantee that our Site, or any content on it, will always be available or be uninterrupted. We may suspend, withdraw or restrict the availability of all or any part of our Site for business and operational reasons.   <\/li>\n<li>6.3. You acknowledge and agree that Internet transmissions are never completely private or secure. You understand that any message or information you send to our Site may be read or intercepted by others, even if there is a special notice that a particular transmission (for example, credit card information) is encrypted.  <\/li>\n<li>6.4. The above disclaimer applies to any damages, liability or injuries caused by any failure of performance, error, omission, interruption, deletion, defect, delay in operation or transmission, computer virus, communication line failure, theft or destruction of or unauthorized access to, alteration of, or use, whether for breach of contract, tort, negligence or any other cause of action.<br>We may amend or simply update these Terms of Use and the documents mentioned therein, at our sole discretion, in full or in part. Every amendments or updates to the Terms of Use will become binding as soon as they are published on the website in this same section.  <\/li>\n<\/ul>\n<ol start=\"7\">\n<li><strong>  Diritti di propriet\u00e0 intellettuale<\/strong><\/li>\n<\/ol>\n<ul>\n<li>7.1. <u>Se non diversamente specificato, i diritti d&#8217;autore, i marchi di fabbrica, i nomi dei brand e gli altri contenuti di tutti i documenti, le immagini, le fotografie, il software e gli altri contenuti forniti sul nostro Sito (&#8220;Propriet\u00e0 Intellettuale&#8221;) appartengono a<\/u> KRIENKO <u>o a terzi che ne hanno concesso i diritti a<\/u> KRIENKO.<\/li>\n<\/ul>\n<ol start=\"8\">\n<li><strong>  Varie<\/strong><\/li>\n<\/ol>\n<ul>\n<li>8.1. <u>Le presenti Condizioni d&#8217;uso costituiscono l&#8217;intero accordo tra l&#8217;utente e<\/u> KRIENKO <u>con riferimento esclusivo all&#8217;utilizzo del nostro Sito da parte dell&#8217;utente, e tutti gli altri accordi o intese scritte o orali precedentemente esistenti tra l&#8217;utente e<\/u> KRIENKO.  <u>in relazione a tale utilizzo sono con il presente documento superati e annullati. Le presenti Condizioni d&#8217;uso non devono essere interpretate o interpretate in modo da conferire alcun diritto o rimedio a terzi. <\/u><\/li>\n<li>8.2.  <u>Le presenti Condizioni d&#8217;uso sono disciplinate dalle leggi italiane e tutte le controversie relative o connesse alle presenti Condizioni d&#8217;uso o al loro oggetto saranno risolte in conformit\u00e0 con le leggi italiane.<\/u><\/li>\n<\/ul>\n<p> <\/p>\n\t\t\t\t\t\t\t\t<\/div>\n\t\t\t\t<\/div>\n\t\t\t\t\t<\/div>\n\t\t\t\t<\/div>\n\t\t\t\t<\/div>\n\t\t","protected":false},"excerpt":{"rendered":"<p>Termini e condizioni Condizioni di utilizzo di questo sito web Le presenti Condizioni d&#8217;uso (le &#8220;Condizioni&#8221;, &#8220;Condizioni d&#8217;uso&#8221;) si applicano a https:\/\/krienko.com, il sito web (il nostro &#8220;Servizio&#8221;, il nostro &#8220;Sito&#8221;) gestito da KRIENKO (di seguito &#8220;noi&#8221;, &#8220;ci&#8221; o &#8220;nostro&#8221;). Ti invitiamo a leggere attentamente le presenti Condizioni d&#8217;uso prima di iniziare a utilizzare il [&hellip;]<\/p>\n","protected":false},"author":1,"featured_media":0,"parent":0,"menu_order":0,"comment_status":"closed","ping_status":"closed","template":"elementor_header_footer","meta":{"footnotes":""},"class_list":["post-8359","page","type-page","status-publish","hentry"],"yoast_head":"<!-- This site is optimized with the Yoast SEO Premium plugin v24.0 (Yoast SEO v27.5) - https:\/\/yoast.com\/product\/yoast-seo-premium-wordpress\/ -->\n<title>Termini e condizioni - Krienko Jeans<\/title>\n<meta name=\"robots\" content=\"index, follow, max-snippet:-1, max-image-preview:large, max-video-preview:-1\" \/>\n<link rel=\"canonical\" href=\"https:\/\/krienko.com\/it\/termini-e-condizioni\/\" \/>\n<meta property=\"og:locale\" content=\"it_IT\" \/>\n<meta property=\"og:type\" content=\"article\" \/>\n<meta property=\"og:title\" content=\"Termini e condizioni\" \/>\n<meta property=\"og:description\" content=\"Termini e condizioni Condizioni di utilizzo di questo sito web Le presenti Condizioni d&#8217;uso (le &#8220;Condizioni&#8221;, &#8220;Condizioni d&#8217;uso&#8221;) si applicano a https:\/\/krienko.com, il sito web (il nostro &#8220;Servizio&#8221;, il nostro &#8220;Sito&#8221;) gestito da KRIENKO (di seguito &#8220;noi&#8221;, &#8220;ci&#8221; o &#8220;nostro&#8221;). Ti invitiamo a leggere attentamente le presenti Condizioni d&#8217;uso prima di iniziare a utilizzare il [&hellip;]\" \/>\n<meta property=\"og:url\" content=\"https:\/\/krienko.com\/it\/termini-e-condizioni\/\" \/>\n<meta property=\"og:site_name\" content=\"Krienko Jeans\" \/>\n<meta property=\"article:modified_time\" content=\"2025-01-29T16:28:06+00:00\" \/>\n<meta name=\"twitter:card\" content=\"summary_large_image\" \/>\n<meta name=\"twitter:label1\" content=\"Tempo di lettura stimato\" \/>\n\t<meta name=\"twitter:data1\" content=\"7 minuti\" \/>\n<script type=\"application\/ld+json\" class=\"yoast-schema-graph\">{\"@context\":\"https:\\\/\\\/schema.org\",\"@graph\":[{\"@type\":\"WebPage\",\"@id\":\"https:\\\/\\\/krienko.com\\\/it\\\/termini-e-condizioni\\\/\",\"url\":\"https:\\\/\\\/krienko.com\\\/it\\\/termini-e-condizioni\\\/\",\"name\":\"Termini e condizioni - Krienko Jeans\",\"isPartOf\":{\"@id\":\"https:\\\/\\\/krienko.com\\\/it\\\/#website\"},\"datePublished\":\"2021-04-01T11:59:59+00:00\",\"dateModified\":\"2025-01-29T16:28:06+00:00\",\"breadcrumb\":{\"@id\":\"https:\\\/\\\/krienko.com\\\/it\\\/termini-e-condizioni\\\/#breadcrumb\"},\"inLanguage\":\"it-IT\",\"potentialAction\":[{\"@type\":\"ReadAction\",\"target\":[\"https:\\\/\\\/krienko.com\\\/it\\\/termini-e-condizioni\\\/\"]}]},{\"@type\":\"BreadcrumbList\",\"@id\":\"https:\\\/\\\/krienko.com\\\/it\\\/termini-e-condizioni\\\/#breadcrumb\",\"itemListElement\":[{\"@type\":\"ListItem\",\"position\":1,\"name\":\"Home\",\"item\":\"https:\\\/\\\/krienko.com\\\/it\\\/\"},{\"@type\":\"ListItem\",\"position\":2,\"name\":\"Termini e condizioni\"}]},{\"@type\":\"WebSite\",\"@id\":\"https:\\\/\\\/krienko.com\\\/it\\\/#website\",\"url\":\"https:\\\/\\\/krienko.com\\\/it\\\/\",\"name\":\"krienko\",\"description\":\"KRIENKO Outlet Expansion FOR GLOBAL FASHION. N\u00eb vitin 2025, KRIENKO do t\u00eb festoj\u00eb p\u00ebrfundimin e nj\u00eb prej projekteve t\u00eb saj m\u00eb t\u00eb m\u00ebdha deri m\u00eb tani: nj\u00eb ...\",\"potentialAction\":[{\"@type\":\"SearchAction\",\"target\":{\"@type\":\"EntryPoint\",\"urlTemplate\":\"https:\\\/\\\/krienko.com\\\/it\\\/?s={search_term_string}\"},\"query-input\":{\"@type\":\"PropertyValueSpecification\",\"valueRequired\":true,\"valueName\":\"search_term_string\"}}],\"inLanguage\":\"it-IT\"}]}<\/script>\n<!-- \/ Yoast SEO Premium plugin. -->","yoast_head_json":{"title":"Termini e condizioni - Krienko Jeans","robots":{"index":"index","follow":"follow","max-snippet":"max-snippet:-1","max-image-preview":"max-image-preview:large","max-video-preview":"max-video-preview:-1"},"canonical":"https:\/\/krienko.com\/it\/termini-e-condizioni\/","og_locale":"it_IT","og_type":"article","og_title":"Termini e condizioni","og_description":"Termini e condizioni Condizioni di utilizzo di questo sito web Le presenti Condizioni d&#8217;uso (le &#8220;Condizioni&#8221;, &#8220;Condizioni d&#8217;uso&#8221;) si applicano a https:\/\/krienko.com, il sito web (il nostro &#8220;Servizio&#8221;, il nostro &#8220;Sito&#8221;) gestito da KRIENKO (di seguito &#8220;noi&#8221;, &#8220;ci&#8221; o &#8220;nostro&#8221;). Ti invitiamo a leggere attentamente le presenti Condizioni d&#8217;uso prima di iniziare a utilizzare il [&hellip;]","og_url":"https:\/\/krienko.com\/it\/termini-e-condizioni\/","og_site_name":"Krienko Jeans","article_modified_time":"2025-01-29T16:28:06+00:00","twitter_card":"summary_large_image","twitter_misc":{"Tempo di lettura stimato":"7 minuti"},"schema":{"@context":"https:\/\/schema.org","@graph":[{"@type":"WebPage","@id":"https:\/\/krienko.com\/it\/termini-e-condizioni\/","url":"https:\/\/krienko.com\/it\/termini-e-condizioni\/","name":"Termini e condizioni - Krienko Jeans","isPartOf":{"@id":"https:\/\/krienko.com\/it\/#website"},"datePublished":"2021-04-01T11:59:59+00:00","dateModified":"2025-01-29T16:28:06+00:00","breadcrumb":{"@id":"https:\/\/krienko.com\/it\/termini-e-condizioni\/#breadcrumb"},"inLanguage":"it-IT","potentialAction":[{"@type":"ReadAction","target":["https:\/\/krienko.com\/it\/termini-e-condizioni\/"]}]},{"@type":"BreadcrumbList","@id":"https:\/\/krienko.com\/it\/termini-e-condizioni\/#breadcrumb","itemListElement":[{"@type":"ListItem","position":1,"name":"Home","item":"https:\/\/krienko.com\/it\/"},{"@type":"ListItem","position":2,"name":"Termini e condizioni"}]},{"@type":"WebSite","@id":"https:\/\/krienko.com\/it\/#website","url":"https:\/\/krienko.com\/it\/","name":"krienko","description":"KRIENKO Outlet Expansion FOR GLOBAL FASHION. N\u00eb vitin 2025, KRIENKO do t\u00eb festoj\u00eb p\u00ebrfundimin e nj\u00eb prej projekteve t\u00eb saj m\u00eb t\u00eb m\u00ebdha deri m\u00eb tani: nj\u00eb ...","potentialAction":[{"@type":"SearchAction","target":{"@type":"EntryPoint","urlTemplate":"https:\/\/krienko.com\/it\/?s={search_term_string}"},"query-input":{"@type":"PropertyValueSpecification","valueRequired":true,"valueName":"search_term_string"}}],"inLanguage":"it-IT"}]}},"_links":{"self":[{"href":"https:\/\/krienko.com\/it\/wp-json\/wp\/v2\/pages\/8359","targetHints":{"allow":["GET"]}}],"collection":[{"href":"https:\/\/krienko.com\/it\/wp-json\/wp\/v2\/pages"}],"about":[{"href":"https:\/\/krienko.com\/it\/wp-json\/wp\/v2\/types\/page"}],"author":[{"embeddable":true,"href":"https:\/\/krienko.com\/it\/wp-json\/wp\/v2\/users\/1"}],"replies":[{"embeddable":true,"href":"https:\/\/krienko.com\/it\/wp-json\/wp\/v2\/comments?post=8359"}],"version-history":[{"count":4,"href":"https:\/\/krienko.com\/it\/wp-json\/wp\/v2\/pages\/8359\/revisions"}],"predecessor-version":[{"id":12948,"href":"https:\/\/krienko.com\/it\/wp-json\/wp\/v2\/pages\/8359\/revisions\/12948"}],"wp:attachment":[{"href":"https:\/\/krienko.com\/it\/wp-json\/wp\/v2\/media?parent=8359"}],"curies":[{"name":"wp","href":"https:\/\/api.w.org\/{rel}","templated":true}]}}