
{"id":8300,"date":"2024-08-19T16:18:54","date_gmt":"2024-08-19T14:18:54","guid":{"rendered":"http:\/\/krienko.test.iei-group.net\/carrello-2\/"},"modified":"2025-01-29T17:26:23","modified_gmt":"2025-01-29T16:26:23","slug":"carrello-2","status":"publish","type":"page","link":"https:\/\/krienko.com\/it\/carrello-2\/","title":{"rendered":"Carrello"},"content":{"rendered":"\r\n<div data-block-name=\"woocommerce\/cart\" class=\"wp-block-woocommerce-cart alignwide is-loading\">\r\n<div data-block-name=\"woocommerce\/filled-cart-block\" class=\"wp-block-woocommerce-filled-cart-block\">\r\n<div data-block-name=\"woocommerce\/cart-items-block\" class=\"wp-block-woocommerce-cart-items-block\">\r\n<div data-block-name=\"woocommerce\/cart-line-items-block\" class=\"wp-block-woocommerce-cart-line-items-block\">\u00a0<\/div>\r\n\r\n\r\n\r\n<div data-block-name=\"woocommerce\/cart-cross-sells-block\" class=\"wp-block-woocommerce-cart-cross-sells-block\">\r\n<h2 class=\"wp-block-heading has-large-font-size\">Potresti essere interessato a&#8230;<\/h2>\r\n\r\n\r\n\r\n<div data-block-name=\"woocommerce\/cart-cross-sells-products-block\" class=\"wp-block-woocommerce-cart-cross-sells-products-block\">\u00a0<\/div>\r\n<\/div>\r\n<\/div>\r\n\r\n\r\n\r\n<div data-block-name=\"woocommerce\/cart-totals-block\" class=\"wp-block-woocommerce-cart-totals-block\">\r\n<div data-block-name=\"woocommerce\/cart-order-summary-block\" class=\"wp-block-woocommerce-cart-order-summary-block\">\r\n<div data-block-name=\"woocommerce\/cart-order-summary-heading-block\" class=\"wp-block-woocommerce-cart-order-summary-heading-block\">\u00a0<\/div>\r\n\r\n\r\n\r\n<div data-block-name=\"woocommerce\/cart-order-summary-coupon-form-block\" class=\"wp-block-woocommerce-cart-order-summary-coupon-form-block\">\u00a0<\/div>\r\n\r\n\r\n\r\n\r\n\r\n\r\n\r\n\r\n\r\n\r\n\r\n\r\n\r\n\r\n\r\n\r\n\r\n\r\n\r\n<div data-block-name=\"woocommerce\/cart-order-summary-totals-block\" class=\"wp-block-woocommerce-cart-order-summary-totals-block\">\n<div data-block-name=\"woocommerce\/cart-order-summary-subtotal-block\" class=\"wp-block-woocommerce-cart-order-summary-subtotal-block\">\u00a0<\/div>\n<div data-block-name=\"woocommerce\/cart-order-summary-discount-block\" class=\"wp-block-woocommerce-cart-order-summary-discount-block\">\u00a0<\/div>\n<div data-block-name=\"woocommerce\/cart-order-summary-fee-block\" class=\"wp-block-woocommerce-cart-order-summary-fee-block\">\u00a0<\/div>\n<div data-block-name=\"woocommerce\/cart-order-summary-shipping-block\" class=\"wp-block-woocommerce-cart-order-summary-shipping-block\">\u00a0<\/div>\n<div data-block-name=\"woocommerce\/cart-order-summary-taxes-block\" class=\"wp-block-woocommerce-cart-order-summary-taxes-block\">\u00a0<\/div><\/div>\r\n<\/div>\r\n\r\n\r\n\r\n<div data-block-name=\"woocommerce\/cart-express-payment-block\" class=\"wp-block-woocommerce-cart-express-payment-block\">\u00a0<\/div>\r\n\r\n\r\n\r\n<div data-block-name=\"woocommerce\/proceed-to-checkout-block\" class=\"wp-block-woocommerce-proceed-to-checkout-block\">\u00a0<\/div>\r\n<div id=\"ppcp-recaptcha-v2-container\" style=\"margin:20px 0;\"><\/div>\r\n\r\n\r\n<div data-block-name=\"woocommerce\/cart-accepted-payment-methods-block\" class=\"wp-block-woocommerce-cart-accepted-payment-methods-block\">\u00a0<\/div>\r\n<\/div>\r\n<\/div>\r\n\r\n\r\n\r\n<div data-block-name=\"woocommerce\/empty-cart-block\" class=\"wp-block-woocommerce-empty-cart-block\">\r\n<h2 class=\"wp-block-heading has-text-align-center with-empty-cart-icon wc-block-cart__empty-cart__title\">Il tuo carrello \u00e8 attualmente vuoto!<\/h2>\r\n\r\n\r\n<hr class=\"wp-block-separator has-alpha-channel-opacity is-style-dots\" \/>\r\n\r\n\r\n<h2 class=\"wp-block-heading has-text-align-center\">Novit\u00e0 in negozio<\/h2>\r\n\r\n\r\n<div data-block-name=\"woocommerce\/product-new\" data-columns=\"4\" data-rows=\"1\" class=\"wc-block-grid wp-block-product-new wp-block-woocommerce-product-new wc-block-product-new has-4-columns\"><ul class=\"wc-block-grid__products\"><li class=\"wc-block-grid__product add-to-wishlist-after_add_to_cart\"><a href=\"https:\/\/krienko.com\/it\/produkt\/pantallona-lino-tomas-short-b01\/\" class=\"wc-block-grid__product-link\">\n\t\t\t\t\t\n\t\t\t\t\t<div class=\"wc-block-grid__product-image\"><img fetchpriority=\"high\" decoding=\"async\" width=\"450\" height=\"572\" src=\"https:\/\/krienko.com\/wp-content\/uploads\/2025\/06\/6-1-450x572.jpg\" class=\"attachment-woocommerce_thumbnail size-woocommerce_thumbnail\" alt=\"Pantaloni di Lino - TOMAS SHORT B01\" \/><\/div>\n\t\t\t\t\t<div class=\"wc-block-grid__product-title\">Pantaloni di Lino &#8211; TOMAS SHORT B01<\/div>\n\t\t\t\t<\/a>\n\t\t\t\t<div class=\"wc-block-grid__product-price price\"><span class=\"woocommerce-Price-amount amount\">37&nbsp;<span class=\"woocommerce-Price-currencySymbol\">&euro;<\/span><\/span><\/div>\n\t\t\t\t\n\t\t\t\t<div class=\"wp-block-button wc-block-grid__product-add-to-cart\"><a href=\"https:\/\/krienko.com\/it\/produkt\/pantallona-lino-tomas-short-b01\/\" aria-label=\"Seleziona le opzioni per &ldquo;Pantaloni di Lino - TOMAS SHORT B01&rdquo;\" data-quantity=\"1\" data-product_id=\"14957\" data-product_sku=\"\" data-price=\"37\" rel=\"nofollow\" class=\"wp-block-button__link  add_to_cart_button\">Scegli<\/a><\/div>\n\t\t\t\n<div\n\tclass=\"yith-wcwl-add-to-wishlist add-to-wishlist-14957 yith-wcwl-add-to-wishlist--link-style wishlist-fragment on-first-load\"\n\tdata-fragment-ref=\"14957\"\n\tdata-fragment-options=\"{&quot;base_url&quot;:&quot;&quot;,&quot;product_id&quot;:14957,&quot;parent_product_id&quot;:0,&quot;product_type&quot;:&quot;variable&quot;,&quot;is_single&quot;:false,&quot;in_default_wishlist&quot;:false,&quot;show_view&quot;:false,&quot;browse_wishlist_text&quot;:&quot;Shihni list\\u00ebn&quot;,&quot;already_in_wishslist_text&quot;:&quot;Produkti \\u00ebsht\\u00eb tashm\\u00eb n\\u00eb list\\u00ebn tuaj!&quot;,&quot;product_added_text&quot;:&quot;Produkti i shtuar&quot;,&quot;available_multi_wishlist&quot;:false,&quot;disable_wishlist&quot;:false,&quot;show_count&quot;:false,&quot;ajax_loading&quot;:false,&quot;loop_position&quot;:&quot;after_add_to_cart&quot;,&quot;item&quot;:&quot;add_to_wishlist&quot;}\"\n>\n\t<\/div>\n<\/li><li class=\"wc-block-grid__product add-to-wishlist-after_add_to_cart\"><a href=\"https:\/\/krienko.com\/it\/produkt\/pantallona-lino-enko-short-b01\/\" class=\"wc-block-grid__product-link\">\n\t\t\t\t\t\n\t\t\t\t\t<div class=\"wc-block-grid__product-image\"><img decoding=\"async\" width=\"450\" height=\"572\" src=\"https:\/\/krienko.com\/wp-content\/uploads\/2025\/06\/3-450x572.png\" class=\"attachment-woocommerce_thumbnail size-woocommerce_thumbnail\" alt=\"Pantaloni di Lino - ENKO SHORT B01\" \/><\/div>\n\t\t\t\t\t<div class=\"wc-block-grid__product-title\">Pantaloni di Lino &#8211; ENKO SHORT B01<\/div>\n\t\t\t\t<\/a>\n\t\t\t\t<div class=\"wc-block-grid__product-price price\"><span class=\"woocommerce-Price-amount amount\">34&nbsp;<span class=\"woocommerce-Price-currencySymbol\">&euro;<\/span><\/span><\/div>\n\t\t\t\t\n\t\t\t\t<div class=\"wp-block-button wc-block-grid__product-add-to-cart\"><a href=\"https:\/\/krienko.com\/it\/produkt\/pantallona-lino-enko-short-b01\/\" aria-label=\"Seleziona le opzioni per &ldquo;Pantaloni di Lino - ENKO SHORT B01&rdquo;\" data-quantity=\"1\" data-product_id=\"14751\" data-product_sku=\"\" data-price=\"34\" rel=\"nofollow\" class=\"wp-block-button__link  add_to_cart_button\">Scegli<\/a><\/div>\n\t\t\t\n<div\n\tclass=\"yith-wcwl-add-to-wishlist add-to-wishlist-14751 yith-wcwl-add-to-wishlist--link-style wishlist-fragment on-first-load\"\n\tdata-fragment-ref=\"14751\"\n\tdata-fragment-options=\"{&quot;base_url&quot;:&quot;&quot;,&quot;product_id&quot;:14751,&quot;parent_product_id&quot;:0,&quot;product_type&quot;:&quot;variable&quot;,&quot;is_single&quot;:false,&quot;in_default_wishlist&quot;:false,&quot;show_view&quot;:false,&quot;browse_wishlist_text&quot;:&quot;Shihni list\\u00ebn&quot;,&quot;already_in_wishslist_text&quot;:&quot;Produkti \\u00ebsht\\u00eb tashm\\u00eb n\\u00eb list\\u00ebn tuaj!&quot;,&quot;product_added_text&quot;:&quot;Produkti i shtuar&quot;,&quot;available_multi_wishlist&quot;:false,&quot;disable_wishlist&quot;:false,&quot;show_count&quot;:false,&quot;ajax_loading&quot;:false,&quot;loop_position&quot;:&quot;after_add_to_cart&quot;,&quot;item&quot;:&quot;add_to_wishlist&quot;}\"\n>\n\t<\/div>\n<\/li><li class=\"wc-block-grid__product add-to-wishlist-after_add_to_cart\"><a href=\"https:\/\/krienko.com\/it\/produkt\/pantallona-lino-apollon-b01\/\" class=\"wc-block-grid__product-link\">\n\t\t\t\t\t\n\t\t\t\t\t<div class=\"wc-block-grid__product-image\"><img decoding=\"async\" width=\"450\" height=\"572\" src=\"https:\/\/krienko.com\/wp-content\/uploads\/2025\/06\/11-450x572.jpg\" class=\"attachment-woocommerce_thumbnail size-woocommerce_thumbnail\" alt=\"Pantaloni di Lino - APOLLON B01\" \/><\/div>\n\t\t\t\t\t<div class=\"wc-block-grid__product-title\">Pantaloni di Lino &#8211; APOLLON B01<\/div>\n\t\t\t\t<\/a>\n\t\t\t\t<div class=\"wc-block-grid__product-price price\"><span class=\"woocommerce-Price-amount amount\">39&nbsp;<span class=\"woocommerce-Price-currencySymbol\">&euro;<\/span><\/span><\/div>\n\t\t\t\t\n\t\t\t\t<div class=\"wp-block-button wc-block-grid__product-add-to-cart\"><a href=\"https:\/\/krienko.com\/it\/produkt\/pantallona-lino-apollon-b01\/\" aria-label=\"Seleziona le opzioni per &ldquo;Pantaloni di Lino - APOLLON B01&rdquo;\" data-quantity=\"1\" data-product_id=\"14628\" data-product_sku=\"\" data-price=\"39\" rel=\"nofollow\" class=\"wp-block-button__link  add_to_cart_button\">Scegli<\/a><\/div>\n\t\t\t\n<div\n\tclass=\"yith-wcwl-add-to-wishlist add-to-wishlist-14628 yith-wcwl-add-to-wishlist--link-style wishlist-fragment on-first-load\"\n\tdata-fragment-ref=\"14628\"\n\tdata-fragment-options=\"{&quot;base_url&quot;:&quot;&quot;,&quot;product_id&quot;:14628,&quot;parent_product_id&quot;:0,&quot;product_type&quot;:&quot;variable&quot;,&quot;is_single&quot;:false,&quot;in_default_wishlist&quot;:false,&quot;show_view&quot;:false,&quot;browse_wishlist_text&quot;:&quot;Shihni list\\u00ebn&quot;,&quot;already_in_wishslist_text&quot;:&quot;Produkti \\u00ebsht\\u00eb tashm\\u00eb n\\u00eb list\\u00ebn tuaj!&quot;,&quot;product_added_text&quot;:&quot;Produkti i shtuar&quot;,&quot;available_multi_wishlist&quot;:false,&quot;disable_wishlist&quot;:false,&quot;show_count&quot;:false,&quot;ajax_loading&quot;:false,&quot;loop_position&quot;:&quot;after_add_to_cart&quot;,&quot;item&quot;:&quot;add_to_wishlist&quot;}\"\n>\n\t<\/div>\n<\/li><li class=\"wc-block-grid__product add-to-wishlist-after_add_to_cart\"><a href=\"https:\/\/krienko.com\/it\/produkt\/pantallon-lino-lori-short-b01\/\" class=\"wc-block-grid__product-link\">\n\t\t\t\t\t\n\t\t\t\t\t<div class=\"wc-block-grid__product-image\"><img loading=\"lazy\" decoding=\"async\" width=\"450\" height=\"572\" src=\"https:\/\/krienko.com\/wp-content\/uploads\/2025\/05\/5-6-450x572.jpg\" class=\"attachment-woocommerce_thumbnail size-woocommerce_thumbnail\" alt=\"Pantaloni di Lino- LORI SHORT B01\" \/><\/div>\n\t\t\t\t\t<div class=\"wc-block-grid__product-title\">Pantaloni di Lino- LORI SHORT B01<\/div>\n\t\t\t\t<\/a>\n\t\t\t\t<div class=\"wc-block-grid__product-price price\"><span class=\"woocommerce-Price-amount amount\">32&nbsp;<span class=\"woocommerce-Price-currencySymbol\">&euro;<\/span><\/span><\/div>\n\t\t\t\t\n\t\t\t\t<div class=\"wp-block-button wc-block-grid__product-add-to-cart\"><a href=\"https:\/\/krienko.com\/it\/produkt\/pantallon-lino-lori-short-b01\/\" aria-label=\"Seleziona le opzioni per &ldquo;Pantaloni di Lino- LORI SHORT B01&rdquo;\" data-quantity=\"1\" data-product_id=\"14453\" data-product_sku=\"\" data-price=\"32\" rel=\"nofollow\" class=\"wp-block-button__link  add_to_cart_button\">Scegli<\/a><\/div>\n\t\t\t\n<div\n\tclass=\"yith-wcwl-add-to-wishlist add-to-wishlist-14453 yith-wcwl-add-to-wishlist--link-style wishlist-fragment on-first-load\"\n\tdata-fragment-ref=\"14453\"\n\tdata-fragment-options=\"{&quot;base_url&quot;:&quot;&quot;,&quot;product_id&quot;:14453,&quot;parent_product_id&quot;:0,&quot;product_type&quot;:&quot;variable&quot;,&quot;is_single&quot;:false,&quot;in_default_wishlist&quot;:false,&quot;show_view&quot;:false,&quot;browse_wishlist_text&quot;:&quot;Shihni list\\u00ebn&quot;,&quot;already_in_wishslist_text&quot;:&quot;Produkti \\u00ebsht\\u00eb tashm\\u00eb n\\u00eb list\\u00ebn tuaj!&quot;,&quot;product_added_text&quot;:&quot;Produkti i shtuar&quot;,&quot;available_multi_wishlist&quot;:false,&quot;disable_wishlist&quot;:false,&quot;show_count&quot;:false,&quot;ajax_loading&quot;:false,&quot;loop_position&quot;:&quot;after_add_to_cart&quot;,&quot;item&quot;:&quot;add_to_wishlist&quot;}\"\n>\n\t<\/div>\n<\/li><\/ul><\/div><\/div>\r\n<\/div>\r\n","protected":false},"excerpt":{"rendered":"","protected":false},"author":1,"featured_media":0,"parent":0,"menu_order":0,"comment_status":"closed","ping_status":"closed","template":"","meta":{"footnotes":""},"class_list":["post-8300","page","type-page","status-publish","hentry"],"yoast_head":"<!-- This site is optimized with the Yoast SEO Premium plugin v24.0 (Yoast SEO v27.5) - https:\/\/yoast.com\/product\/yoast-seo-premium-wordpress\/ -->\n<title>Carrello - Krienko Jeans<\/title>\n<meta name=\"robots\" content=\"index, follow, max-snippet:-1, max-image-preview:large, max-video-preview:-1\" \/>\n<link rel=\"canonical\" href=\"https:\/\/krienko.com\/it\/carrello-2\/\" \/>\n<meta property=\"og:locale\" content=\"it_IT\" \/>\n<meta property=\"og:type\" content=\"article\" \/>\n<meta property=\"og:title\" content=\"Carrello\" \/>\n<meta property=\"og:url\" content=\"https:\/\/krienko.com\/it\/carrello-2\/\" \/>\n<meta property=\"og:site_name\" content=\"Krienko Jeans\" \/>\n<meta property=\"article:modified_time\" content=\"2025-01-29T16:26:23+00:00\" \/>\n<meta name=\"twitter:card\" content=\"summary_large_image\" \/>\n<meta name=\"twitter:label1\" content=\"Tempo di lettura stimato\" \/>\n\t<meta name=\"twitter:data1\" content=\"1 minuto\" \/>\n<script type=\"application\/ld+json\" class=\"yoast-schema-graph\">{\"@context\":\"https:\\\/\\\/schema.org\",\"@graph\":[{\"@type\":\"WebPage\",\"@id\":\"https:\\\/\\\/krienko.com\\\/it\\\/carrello-2\\\/\",\"url\":\"https:\\\/\\\/krienko.com\\\/it\\\/carrello-2\\\/\",\"name\":\"Carrello - Krienko Jeans\",\"isPartOf\":{\"@id\":\"https:\\\/\\\/krienko.com\\\/it\\\/#website\"},\"datePublished\":\"2024-08-19T14:18:54+00:00\",\"dateModified\":\"2025-01-29T16:26:23+00:00\",\"breadcrumb\":{\"@id\":\"https:\\\/\\\/krienko.com\\\/it\\\/carrello-2\\\/#breadcrumb\"},\"inLanguage\":\"it-IT\",\"potentialAction\":[{\"@type\":\"ReadAction\",\"target\":[\"https:\\\/\\\/krienko.com\\\/it\\\/carrello-2\\\/\"]}]},{\"@type\":\"BreadcrumbList\",\"@id\":\"https:\\\/\\\/krienko.com\\\/it\\\/carrello-2\\\/#breadcrumb\",\"itemListElement\":[{\"@type\":\"ListItem\",\"position\":1,\"name\":\"Home\",\"item\":\"https:\\\/\\\/krienko.com\\\/it\\\/\"},{\"@type\":\"ListItem\",\"position\":2,\"name\":\"Carrello\"}]},{\"@type\":\"WebSite\",\"@id\":\"https:\\\/\\\/krienko.com\\\/it\\\/#website\",\"url\":\"https:\\\/\\\/krienko.com\\\/it\\\/\",\"name\":\"krienko\",\"description\":\"KRIENKO Outlet Expansion FOR GLOBAL FASHION. N\u00eb vitin 2025, KRIENKO do t\u00eb festoj\u00eb p\u00ebrfundimin e nj\u00eb prej projekteve t\u00eb saj m\u00eb t\u00eb m\u00ebdha deri m\u00eb tani: nj\u00eb ...\",\"potentialAction\":[{\"@type\":\"SearchAction\",\"target\":{\"@type\":\"EntryPoint\",\"urlTemplate\":\"https:\\\/\\\/krienko.com\\\/it\\\/?s={search_term_string}\"},\"query-input\":{\"@type\":\"PropertyValueSpecification\",\"valueRequired\":true,\"valueName\":\"search_term_string\"}}],\"inLanguage\":\"it-IT\"}]}<\/script>\n<!-- \/ Yoast SEO Premium plugin. -->","yoast_head_json":{"title":"Carrello - Krienko Jeans","robots":{"index":"index","follow":"follow","max-snippet":"max-snippet:-1","max-image-preview":"max-image-preview:large","max-video-preview":"max-video-preview:-1"},"canonical":"https:\/\/krienko.com\/it\/carrello-2\/","og_locale":"it_IT","og_type":"article","og_title":"Carrello","og_url":"https:\/\/krienko.com\/it\/carrello-2\/","og_site_name":"Krienko Jeans","article_modified_time":"2025-01-29T16:26:23+00:00","twitter_card":"summary_large_image","twitter_misc":{"Tempo di lettura stimato":"1 minuto"},"schema":{"@context":"https:\/\/schema.org","@graph":[{"@type":"WebPage","@id":"https:\/\/krienko.com\/it\/carrello-2\/","url":"https:\/\/krienko.com\/it\/carrello-2\/","name":"Carrello - Krienko Jeans","isPartOf":{"@id":"https:\/\/krienko.com\/it\/#website"},"datePublished":"2024-08-19T14:18:54+00:00","dateModified":"2025-01-29T16:26:23+00:00","breadcrumb":{"@id":"https:\/\/krienko.com\/it\/carrello-2\/#breadcrumb"},"inLanguage":"it-IT","potentialAction":[{"@type":"ReadAction","target":["https:\/\/krienko.com\/it\/carrello-2\/"]}]},{"@type":"BreadcrumbList","@id":"https:\/\/krienko.com\/it\/carrello-2\/#breadcrumb","itemListElement":[{"@type":"ListItem","position":1,"name":"Home","item":"https:\/\/krienko.com\/it\/"},{"@type":"ListItem","position":2,"name":"Carrello"}]},{"@type":"WebSite","@id":"https:\/\/krienko.com\/it\/#website","url":"https:\/\/krienko.com\/it\/","name":"krienko","description":"KRIENKO Outlet Expansion FOR GLOBAL FASHION. N\u00eb vitin 2025, KRIENKO do t\u00eb festoj\u00eb p\u00ebrfundimin e nj\u00eb prej projekteve t\u00eb saj m\u00eb t\u00eb m\u00ebdha deri m\u00eb tani: nj\u00eb ...","potentialAction":[{"@type":"SearchAction","target":{"@type":"EntryPoint","urlTemplate":"https:\/\/krienko.com\/it\/?s={search_term_string}"},"query-input":{"@type":"PropertyValueSpecification","valueRequired":true,"valueName":"search_term_string"}}],"inLanguage":"it-IT"}]}},"_links":{"self":[{"href":"https:\/\/krienko.com\/it\/wp-json\/wp\/v2\/pages\/8300","targetHints":{"allow":["GET"]}}],"collection":[{"href":"https:\/\/krienko.com\/it\/wp-json\/wp\/v2\/pages"}],"about":[{"href":"https:\/\/krienko.com\/it\/wp-json\/wp\/v2\/types\/page"}],"author":[{"embeddable":true,"href":"https:\/\/krienko.com\/it\/wp-json\/wp\/v2\/users\/1"}],"replies":[{"embeddable":true,"href":"https:\/\/krienko.com\/it\/wp-json\/wp\/v2\/comments?post=8300"}],"version-history":[{"count":2,"href":"https:\/\/krienko.com\/it\/wp-json\/wp\/v2\/pages\/8300\/revisions"}],"predecessor-version":[{"id":12934,"href":"https:\/\/krienko.com\/it\/wp-json\/wp\/v2\/pages\/8300\/revisions\/12934"}],"wp:attachment":[{"href":"https:\/\/krienko.com\/it\/wp-json\/wp\/v2\/media?parent=8300"}],"curies":[{"name":"wp","href":"https:\/\/api.w.org\/{rel}","templated":true}]}}