
{"id":9449,"date":"2024-11-04T16:50:34","date_gmt":"2024-11-04T15:50:34","guid":{"rendered":"http:\/\/krienko.test.iei-group.net\/?post_type=product&#038;p=9449"},"modified":"2025-01-07T11:52:51","modified_gmt":"2025-01-07T10:52:51","slug":"indri-b04","status":"publish","type":"product","link":"https:\/\/krienko.com\/en\/produkt\/indri-b04\/","title":{"rendered":"INDRI B04"},"content":{"rendered":"<p>These Classic Blue Slim Fit Jeans are ideal for those looking for everyday comfort and style with a modern touch. Designed with a close and comfortable fit, they are a perfect choice for any occasion, offering a balance between casual style and everyday elegance. Made with high quality Italian textiles, they easily adapt to the body ensuring free movement and all day comfort.<br \/>\nThe embroidery added to this denim gives it a unique and elegant touch.<\/p>\n<p>&nbsp;<\/p>\n<p>Material, Details and Care Instructions<\/p>\n<p>Composition: 98% Cotton 2% Elastane<br \/>\nFit: Slim Fit<br \/>\nWaist: Mid<br \/>\nLeg: Slim<br \/>\nWashing: Medium wash<\/p>\n<p>&nbsp;<\/p>\n<div>Care instructions<\/div>\n<div><\/div>\n<div>\n<div><img decoding=\"async\" class=\"v1gmail-CToWUd\" src=\"https:\/\/shop.diesel.com\/on\/demandware.static\/-\/Sites-diesel-master-catalog\/default\/dw52278460\/care\/12.svg\" \/>Wash at 30\u00b0 C &#8211; Delicate cycle<\/div>\n<div><img decoding=\"async\" class=\"v1gmail-CToWUd\" src=\"https:\/\/shop.diesel.com\/on\/demandware.static\/-\/Sites-diesel-master-catalog\/default\/dwd2d15284\/care\/17.svg\" \/>Do not bleach<\/div>\n<div><img decoding=\"async\" class=\"v1gmail-CToWUd\" src=\"https:\/\/shop.diesel.com\/on\/demandware.static\/-\/Sites-diesel-master-catalog\/default\/dw8d02c590\/care\/28.svg\" \/>Do not tumble dry<\/div>\n<div><img decoding=\"async\" class=\"v1gmail-CToWUd\" src=\"https:\/\/shop.diesel.com\/on\/demandware.static\/-\/Sites-diesel-master-catalog\/default\/dw31cff9ee\/care\/31.svg\" \/>Iron at max 110 \u00b0C<\/div>\n<div><img decoding=\"async\" class=\"v1gmail-CToWUd\" src=\"https:\/\/shop.diesel.com\/on\/demandware.static\/-\/Sites-diesel-master-catalog\/default\/dwe4155b76\/care\/37.svg\" \/>Do not dry clean<\/div>\n<div><img decoding=\"async\" class=\"v1gmail-CToWUd\" src=\"https:\/\/shop.diesel.com\/on\/demandware.static\/-\/Sites-diesel-master-catalog\/default\/dw001b2ef4\/care\/24.svg\" \/>Dry flat in the shade<\/div>\n<\/div>\n","protected":false},"excerpt":{"rendered":"<p>These Classic Blue Slim Fit Jeans are ideal for those looking for everyday comfort and style with a modern touch. Designed with a close and comfortable fit, they are a perfect choice for any occasion, offering a balance between casual style and everyday elegance. Made with high quality Italian textiles, they easily adapt to the body ensuring free movement and all day comfort.<br \/>\nThe embroidery added to this denim gives it a unique and elegant touch.<\/p>\n","protected":false},"featured_media":9468,"comment_status":"open","ping_status":"closed","template":"","meta":[],"product_brand":[],"product_cat":[65,149],"product_tag":[],"class_list":{"0":"post-9449","1":"product","2":"type-product","3":"status-publish","4":"has-post-thumbnail","6":"product_cat-men","7":"product_cat-slim-fit-men","8":"product_shipping_class-posta-2","10":"first","11":"instock","12":"taxable","13":"shipping-taxable","14":"purchasable","15":"product-type-variable","16":"has-default-attributes","17":"add-to-wishlist-after_add_to_cart"},"yoast_head":"<!-- This site is optimized with the Yoast SEO Premium plugin v24.0 (Yoast SEO v27.3) - https:\/\/yoast.com\/product\/yoast-seo-premium-wordpress\/ -->\n<title>INDRI B04 - Krienko Jeans<\/title>\n<meta name=\"robots\" content=\"index, follow, max-snippet:-1, max-image-preview:large, max-video-preview:-1\" \/>\n<link rel=\"canonical\" href=\"https:\/\/krienko.com\/en\/produkt\/indri-b04\/\" \/>\n<meta property=\"og:locale\" content=\"en_US\" \/>\n<meta property=\"og:type\" content=\"article\" \/>\n<meta property=\"og:title\" content=\"INDRI B04\" \/>\n<meta property=\"og:description\" content=\"These Classic Blue Slim Fit Jeans are ideal for those looking for everyday comfort and style with a modern touch. Designed with a close and comfortable fit, they are a perfect choice for any occasion, offering a balance between casual style and everyday elegance. Made with high quality Italian textiles, they easily adapt to the body ensuring free movement and all day comfort. The embroidery added to this denim gives it a unique and elegant touch.\" \/>\n<meta property=\"og:url\" content=\"https:\/\/krienko.com\/en\/produkt\/indri-b04\/\" \/>\n<meta property=\"og:site_name\" content=\"Krienko Jeans\" \/>\n<meta property=\"article:modified_time\" content=\"2025-01-07T10:52:51+00:00\" \/>\n<meta property=\"og:image\" content=\"https:\/\/krienko.com\/wp-content\/uploads\/2024\/11\/1-13-1024x1024.png\" \/>\n\t<meta property=\"og:image:width\" content=\"1024\" \/>\n\t<meta property=\"og:image:height\" content=\"1024\" \/>\n\t<meta property=\"og:image:type\" content=\"image\/png\" \/>\n<meta name=\"twitter:card\" content=\"summary_large_image\" \/>\n<meta name=\"twitter:label1\" content=\"Availability\" \/>\n\t<meta name=\"twitter:data1\" content=\"In stock\" \/>\n<script type=\"application\/ld+json\" class=\"yoast-schema-graph\">{\"@context\":\"https:\\\/\\\/schema.org\",\"@graph\":[{\"@type\":\"WebPage\",\"@id\":\"https:\\\/\\\/krienko.com\\\/en\\\/produkt\\\/indri-b04\\\/\",\"url\":\"https:\\\/\\\/krienko.com\\\/en\\\/produkt\\\/indri-b04\\\/\",\"name\":\"INDRI B04 - Krienko Jeans\",\"isPartOf\":{\"@id\":\"https:\\\/\\\/krienko.com\\\/en\\\/#website\"},\"primaryImageOfPage\":{\"@id\":\"https:\\\/\\\/krienko.com\\\/en\\\/produkt\\\/indri-b04\\\/#primaryimage\"},\"image\":{\"@id\":\"https:\\\/\\\/krienko.com\\\/en\\\/produkt\\\/indri-b04\\\/#primaryimage\"},\"thumbnailUrl\":\"https:\\\/\\\/krienko.com\\\/wp-content\\\/uploads\\\/2024\\\/11\\\/1-13.png\",\"datePublished\":\"2024-11-04T15:50:34+00:00\",\"dateModified\":\"2025-01-07T10:52:51+00:00\",\"breadcrumb\":{\"@id\":\"https:\\\/\\\/krienko.com\\\/en\\\/produkt\\\/indri-b04\\\/#breadcrumb\"},\"inLanguage\":\"en-US\",\"potentialAction\":[{\"@type\":\"ReadAction\",\"target\":[\"https:\\\/\\\/krienko.com\\\/en\\\/produkt\\\/indri-b04\\\/\"]}]},{\"@type\":\"ImageObject\",\"inLanguage\":\"en-US\",\"@id\":\"https:\\\/\\\/krienko.com\\\/en\\\/produkt\\\/indri-b04\\\/#primaryimage\",\"url\":\"https:\\\/\\\/krienko.com\\\/wp-content\\\/uploads\\\/2024\\\/11\\\/1-13.png\",\"contentUrl\":\"https:\\\/\\\/krienko.com\\\/wp-content\\\/uploads\\\/2024\\\/11\\\/1-13.png\",\"width\":4000,\"height\":4000},{\"@type\":\"BreadcrumbList\",\"@id\":\"https:\\\/\\\/krienko.com\\\/en\\\/produkt\\\/indri-b04\\\/#breadcrumb\",\"itemListElement\":[{\"@type\":\"ListItem\",\"position\":1,\"name\":\"Home\",\"item\":\"https:\\\/\\\/krienko.com\\\/en\\\/\"},{\"@type\":\"ListItem\",\"position\":2,\"name\":\"Shop\",\"item\":\"https:\\\/\\\/krienko.com\\\/en\\\/shop\\\/\"},{\"@type\":\"ListItem\",\"position\":3,\"name\":\"INDRI B04\"}]},{\"@type\":\"WebSite\",\"@id\":\"https:\\\/\\\/krienko.com\\\/en\\\/#website\",\"url\":\"https:\\\/\\\/krienko.com\\\/en\\\/\",\"name\":\"krienko\",\"description\":\"KRIENKO Outlet Expansion FOR GLOBAL FASHION. N\u00eb vitin 2025, KRIENKO do t\u00eb festoj\u00eb p\u00ebrfundimin e nj\u00eb prej projekteve t\u00eb saj m\u00eb t\u00eb m\u00ebdha deri m\u00eb tani: nj\u00eb ...\",\"potentialAction\":[{\"@type\":\"SearchAction\",\"target\":{\"@type\":\"EntryPoint\",\"urlTemplate\":\"https:\\\/\\\/krienko.com\\\/en\\\/?s={search_term_string}\"},\"query-input\":{\"@type\":\"PropertyValueSpecification\",\"valueRequired\":true,\"valueName\":\"search_term_string\"}}],\"inLanguage\":\"en-US\"}]}<\/script>\n<meta property=\"og:availability\" content=\"instock\" \/>\n<meta property=\"product:availability\" content=\"instock\" \/>\n<meta property=\"product:condition\" content=\"new\" \/>\n<!-- \/ Yoast SEO Premium plugin. -->","yoast_head_json":{"title":"INDRI B04 - Krienko Jeans","robots":{"index":"index","follow":"follow","max-snippet":"max-snippet:-1","max-image-preview":"max-image-preview:large","max-video-preview":"max-video-preview:-1"},"canonical":"https:\/\/krienko.com\/en\/produkt\/indri-b04\/","og_locale":"en_US","og_type":"article","og_title":"INDRI B04","og_description":"These Classic Blue Slim Fit Jeans are ideal for those looking for everyday comfort and style with a modern touch. Designed with a close and comfortable fit, they are a perfect choice for any occasion, offering a balance between casual style and everyday elegance. Made with high quality Italian textiles, they easily adapt to the body ensuring free movement and all day comfort. The embroidery added to this denim gives it a unique and elegant touch.","og_url":"https:\/\/krienko.com\/en\/produkt\/indri-b04\/","og_site_name":"Krienko Jeans","article_modified_time":"2025-01-07T10:52:51+00:00","og_image":[{"width":1024,"height":1024,"url":"https:\/\/krienko.com\/wp-content\/uploads\/2024\/11\/1-13-1024x1024.png","type":"image\/png"}],"twitter_card":"summary_large_image","twitter_misc":{"Availability":"In stock"},"schema":{"@context":"https:\/\/schema.org","@graph":[{"@type":"WebPage","@id":"https:\/\/krienko.com\/en\/produkt\/indri-b04\/","url":"https:\/\/krienko.com\/en\/produkt\/indri-b04\/","name":"INDRI B04 - Krienko Jeans","isPartOf":{"@id":"https:\/\/krienko.com\/en\/#website"},"primaryImageOfPage":{"@id":"https:\/\/krienko.com\/en\/produkt\/indri-b04\/#primaryimage"},"image":{"@id":"https:\/\/krienko.com\/en\/produkt\/indri-b04\/#primaryimage"},"thumbnailUrl":"https:\/\/krienko.com\/wp-content\/uploads\/2024\/11\/1-13.png","datePublished":"2024-11-04T15:50:34+00:00","dateModified":"2025-01-07T10:52:51+00:00","breadcrumb":{"@id":"https:\/\/krienko.com\/en\/produkt\/indri-b04\/#breadcrumb"},"inLanguage":"en-US","potentialAction":[{"@type":"ReadAction","target":["https:\/\/krienko.com\/en\/produkt\/indri-b04\/"]}]},{"@type":"ImageObject","inLanguage":"en-US","@id":"https:\/\/krienko.com\/en\/produkt\/indri-b04\/#primaryimage","url":"https:\/\/krienko.com\/wp-content\/uploads\/2024\/11\/1-13.png","contentUrl":"https:\/\/krienko.com\/wp-content\/uploads\/2024\/11\/1-13.png","width":4000,"height":4000},{"@type":"BreadcrumbList","@id":"https:\/\/krienko.com\/en\/produkt\/indri-b04\/#breadcrumb","itemListElement":[{"@type":"ListItem","position":1,"name":"Home","item":"https:\/\/krienko.com\/en\/"},{"@type":"ListItem","position":2,"name":"Shop","item":"https:\/\/krienko.com\/en\/shop\/"},{"@type":"ListItem","position":3,"name":"INDRI B04"}]},{"@type":"WebSite","@id":"https:\/\/krienko.com\/en\/#website","url":"https:\/\/krienko.com\/en\/","name":"krienko","description":"KRIENKO Outlet Expansion FOR GLOBAL FASHION. N\u00eb vitin 2025, KRIENKO do t\u00eb festoj\u00eb p\u00ebrfundimin e nj\u00eb prej projekteve t\u00eb saj m\u00eb t\u00eb m\u00ebdha deri m\u00eb tani: nj\u00eb ...","potentialAction":[{"@type":"SearchAction","target":{"@type":"EntryPoint","urlTemplate":"https:\/\/krienko.com\/en\/?s={search_term_string}"},"query-input":{"@type":"PropertyValueSpecification","valueRequired":true,"valueName":"search_term_string"}}],"inLanguage":"en-US"}]},"og_availability":"instock","product_availability":"instock","product_condition":"new"},"_links":{"self":[{"href":"https:\/\/krienko.com\/en\/wp-json\/wp\/v2\/product\/9449","targetHints":{"allow":["GET"]}}],"collection":[{"href":"https:\/\/krienko.com\/en\/wp-json\/wp\/v2\/product"}],"about":[{"href":"https:\/\/krienko.com\/en\/wp-json\/wp\/v2\/types\/product"}],"replies":[{"embeddable":true,"href":"https:\/\/krienko.com\/en\/wp-json\/wp\/v2\/comments?post=9449"}],"wp:featuredmedia":[{"embeddable":true,"href":"https:\/\/krienko.com\/en\/wp-json\/wp\/v2\/media\/9468"}],"wp:attachment":[{"href":"https:\/\/krienko.com\/en\/wp-json\/wp\/v2\/media?parent=9449"}],"wp:term":[{"taxonomy":"product_brand","embeddable":true,"href":"https:\/\/krienko.com\/en\/wp-json\/wp\/v2\/product_brand?post=9449"},{"taxonomy":"product_cat","embeddable":true,"href":"https:\/\/krienko.com\/en\/wp-json\/wp\/v2\/product_cat?post=9449"},{"taxonomy":"product_tag","embeddable":true,"href":"https:\/\/krienko.com\/en\/wp-json\/wp\/v2\/product_tag?post=9449"}],"curies":[{"name":"wp","href":"https:\/\/api.w.org\/{rel}","templated":true}]}}