
{"id":14277,"date":"2025-05-29T10:48:18","date_gmt":"2025-05-29T08:48:18","guid":{"rendered":"https:\/\/krienko.com\/produkt\/pantallon-lino-jonila-short-b01\/"},"modified":"2025-05-30T08:44:35","modified_gmt":"2025-05-30T06:44:35","slug":"pantallon-lino-jonila-short-b01","status":"publish","type":"product","link":"https:\/\/krienko.com\/en\/produkt\/pantallon-lino-jonila-short-b01\/","title":{"rendered":"Linen Pants &#8211; JONILA SHORT B01"},"content":{"rendered":"<p>Experience summer comfort and elegance with these linen pants, carefully designed to combine freshness, practicality, and contemporary style. Crafted from 100% high-quality linen, these pants are perfect for warm days and for women who want to feel free, comfortable, and stylish at any moment of the day. Easy to mix and match with your summer wardrobe.<\/p>\n<p>Material, Details and Washing Instructions<\/p>\n<p>Composition: 100% Linen<br \/>\nStanding: Straight Cut<br \/>\nLength: High<br \/>\nLeg: Straight<br \/>\nColors: Beige, Pink, Military<\/p>\n<div>\n<p>&nbsp;<\/p>\n<div>Care instructions<\/div>\n<div><\/div>\n<div>\n<div><img decoding=\"async\" class=\"v1gmail-CToWUd\" src=\"https:\/\/shop.diesel.com\/on\/demandware.static\/-\/Sites-diesel-master-catalog\/default\/dw52278460\/care\/12.svg\" \/>Wash at 30\u00b0 C &#8211; Delicate cycle<\/div>\n<div><img decoding=\"async\" class=\"v1gmail-CToWUd\" src=\"https:\/\/shop.diesel.com\/on\/demandware.static\/-\/Sites-diesel-master-catalog\/default\/dwd2d15284\/care\/17.svg\" \/>Do not bleach<\/div>\n<div><img decoding=\"async\" class=\"v1gmail-CToWUd\" src=\"https:\/\/shop.diesel.com\/on\/demandware.static\/-\/Sites-diesel-master-catalog\/default\/dw8d02c590\/care\/28.svg\" \/>Do not tumble dry<\/div>\n<div><img decoding=\"async\" class=\"v1gmail-CToWUd\" src=\"https:\/\/shop.diesel.com\/on\/demandware.static\/-\/Sites-diesel-master-catalog\/default\/dw31cff9ee\/care\/31.svg\" \/>Iron at max 110 \u00b0C<\/div>\n<div><img decoding=\"async\" class=\"v1gmail-CToWUd\" src=\"https:\/\/shop.diesel.com\/on\/demandware.static\/-\/Sites-diesel-master-catalog\/default\/dwe4155b76\/care\/37.svg\" \/>Do not dry clean<\/div>\n<div><img decoding=\"async\" class=\"v1gmail-CToWUd\" src=\"https:\/\/shop.diesel.com\/on\/demandware.static\/-\/Sites-diesel-master-catalog\/default\/dw001b2ef4\/care\/24.svg\" \/>Dry flat in the shade<\/div>\n<\/div>\n<\/div>\n","protected":false},"excerpt":{"rendered":"<p>Experience summer comfort and elegance with these linen pants, carefully designed to combine freshness, practicality, and contemporary style. Crafted from 100% high-quality linen, these pants are perfect for warm days and for women who want to feel free, comfortable, and stylish at any moment of the day. Easy to mix and match with your summer wardrobe.<\/p>\n","protected":false},"featured_media":14227,"comment_status":"open","ping_status":"closed","template":"","meta":[],"product_brand":[],"product_cat":[360,98],"product_tag":[312,369,333,353,336,362],"class_list":{"0":"post-14277","1":"product","2":"type-product","3":"status-publish","4":"has-post-thumbnail","6":"product_cat-pantallon-lino-femra-en","7":"product_cat-women","8":"product_tag-krienko-en","9":"product_tag-lino-per-femra-en","10":"product_tag-pantallon-lino-en","11":"product_tag-pantallona-per-femra-en","12":"product_tag-veshje-en","13":"product_tag-veshje-per-femra-en","15":"first","16":"instock","17":"taxable","18":"shipping-taxable","19":"purchasable","20":"product-type-variable","21":"add-to-wishlist-after_add_to_cart"},"yoast_head":"<!-- This site is optimized with the Yoast SEO Premium plugin v24.0 (Yoast SEO v27.4) - https:\/\/yoast.com\/product\/yoast-seo-premium-wordpress\/ -->\n<title>Linen Pants - JONILA SHORT B01 - Krienko Jeans<\/title>\n<meta name=\"robots\" content=\"index, follow, max-snippet:-1, max-image-preview:large, max-video-preview:-1\" \/>\n<link rel=\"canonical\" href=\"https:\/\/krienko.com\/en\/produkt\/pantallon-lino-jonila-short-b01\/\" \/>\n<meta property=\"og:locale\" content=\"en_US\" \/>\n<meta property=\"og:type\" content=\"article\" \/>\n<meta property=\"og:title\" content=\"Linen Pants - JONILA SHORT B01\" \/>\n<meta property=\"og:description\" content=\"Experience summer comfort and elegance with these linen pants, carefully designed to combine freshness, practicality, and contemporary style. Crafted from 100% high-quality linen, these pants are perfect for warm days and for women who want to feel free, comfortable, and stylish at any moment of the day. Easy to mix and match with your summer wardrobe.\" \/>\n<meta property=\"og:url\" content=\"https:\/\/krienko.com\/en\/produkt\/pantallon-lino-jonila-short-b01\/\" \/>\n<meta property=\"og:site_name\" content=\"Krienko Jeans\" \/>\n<meta property=\"article:modified_time\" content=\"2025-05-30T06:44:35+00:00\" \/>\n<meta property=\"og:image\" content=\"https:\/\/krienko.com\/wp-content\/uploads\/2025\/05\/5-5-scaled.jpg\" \/>\n\t<meta property=\"og:image:width\" content=\"2560\" \/>\n\t<meta property=\"og:image:height\" content=\"2560\" \/>\n\t<meta property=\"og:image:type\" content=\"image\/jpeg\" \/>\n<meta name=\"twitter:card\" content=\"summary_large_image\" \/>\n<meta name=\"twitter:label1\" content=\"Availability\" \/>\n\t<meta name=\"twitter:data1\" content=\"In stock\" \/>\n<script type=\"application\/ld+json\" class=\"yoast-schema-graph\">{\"@context\":\"https:\\\/\\\/schema.org\",\"@graph\":[{\"@type\":\"WebPage\",\"@id\":\"https:\\\/\\\/krienko.com\\\/en\\\/produkt\\\/pantallon-lino-jonila-short-b01\\\/\",\"url\":\"https:\\\/\\\/krienko.com\\\/en\\\/produkt\\\/pantallon-lino-jonila-short-b01\\\/\",\"name\":\"Linen Pants - JONILA SHORT B01 - Krienko Jeans\",\"isPartOf\":{\"@id\":\"https:\\\/\\\/krienko.com\\\/en\\\/#website\"},\"primaryImageOfPage\":{\"@id\":\"https:\\\/\\\/krienko.com\\\/en\\\/produkt\\\/pantallon-lino-jonila-short-b01\\\/#primaryimage\"},\"image\":{\"@id\":\"https:\\\/\\\/krienko.com\\\/en\\\/produkt\\\/pantallon-lino-jonila-short-b01\\\/#primaryimage\"},\"thumbnailUrl\":\"https:\\\/\\\/krienko.com\\\/wp-content\\\/uploads\\\/2025\\\/05\\\/5-5-scaled.jpg\",\"datePublished\":\"2025-05-29T08:48:18+00:00\",\"dateModified\":\"2025-05-30T06:44:35+00:00\",\"breadcrumb\":{\"@id\":\"https:\\\/\\\/krienko.com\\\/en\\\/produkt\\\/pantallon-lino-jonila-short-b01\\\/#breadcrumb\"},\"inLanguage\":\"en-US\",\"potentialAction\":[{\"@type\":\"ReadAction\",\"target\":[\"https:\\\/\\\/krienko.com\\\/en\\\/produkt\\\/pantallon-lino-jonila-short-b01\\\/\"]}]},{\"@type\":\"ImageObject\",\"inLanguage\":\"en-US\",\"@id\":\"https:\\\/\\\/krienko.com\\\/en\\\/produkt\\\/pantallon-lino-jonila-short-b01\\\/#primaryimage\",\"url\":\"https:\\\/\\\/krienko.com\\\/wp-content\\\/uploads\\\/2025\\\/05\\\/5-5-scaled.jpg\",\"contentUrl\":\"https:\\\/\\\/krienko.com\\\/wp-content\\\/uploads\\\/2025\\\/05\\\/5-5-scaled.jpg\",\"width\":2560,\"height\":2560},{\"@type\":\"BreadcrumbList\",\"@id\":\"https:\\\/\\\/krienko.com\\\/en\\\/produkt\\\/pantallon-lino-jonila-short-b01\\\/#breadcrumb\",\"itemListElement\":[{\"@type\":\"ListItem\",\"position\":1,\"name\":\"Home\",\"item\":\"https:\\\/\\\/krienko.com\\\/en\\\/\"},{\"@type\":\"ListItem\",\"position\":2,\"name\":\"Shop\",\"item\":\"https:\\\/\\\/krienko.com\\\/en\\\/shop\\\/\"},{\"@type\":\"ListItem\",\"position\":3,\"name\":\"Linen Pants &#8211; JONILA SHORT B01\"}]},{\"@type\":\"WebSite\",\"@id\":\"https:\\\/\\\/krienko.com\\\/en\\\/#website\",\"url\":\"https:\\\/\\\/krienko.com\\\/en\\\/\",\"name\":\"krienko\",\"description\":\"KRIENKO Outlet Expansion FOR GLOBAL FASHION. N\u00eb vitin 2025, KRIENKO do t\u00eb festoj\u00eb p\u00ebrfundimin e nj\u00eb prej projekteve t\u00eb saj m\u00eb t\u00eb m\u00ebdha deri m\u00eb tani: nj\u00eb ...\",\"potentialAction\":[{\"@type\":\"SearchAction\",\"target\":{\"@type\":\"EntryPoint\",\"urlTemplate\":\"https:\\\/\\\/krienko.com\\\/en\\\/?s={search_term_string}\"},\"query-input\":{\"@type\":\"PropertyValueSpecification\",\"valueRequired\":true,\"valueName\":\"search_term_string\"}}],\"inLanguage\":\"en-US\"}]}<\/script>\n<meta property=\"og:availability\" content=\"instock\" \/>\n<meta property=\"product:availability\" content=\"instock\" \/>\n<meta property=\"product:condition\" content=\"new\" \/>\n<!-- \/ Yoast SEO Premium plugin. -->","yoast_head_json":{"title":"Linen Pants - JONILA SHORT B01 - Krienko Jeans","robots":{"index":"index","follow":"follow","max-snippet":"max-snippet:-1","max-image-preview":"max-image-preview:large","max-video-preview":"max-video-preview:-1"},"canonical":"https:\/\/krienko.com\/en\/produkt\/pantallon-lino-jonila-short-b01\/","og_locale":"en_US","og_type":"article","og_title":"Linen Pants - JONILA SHORT B01","og_description":"Experience summer comfort and elegance with these linen pants, carefully designed to combine freshness, practicality, and contemporary style. Crafted from 100% high-quality linen, these pants are perfect for warm days and for women who want to feel free, comfortable, and stylish at any moment of the day. Easy to mix and match with your summer wardrobe.","og_url":"https:\/\/krienko.com\/en\/produkt\/pantallon-lino-jonila-short-b01\/","og_site_name":"Krienko Jeans","article_modified_time":"2025-05-30T06:44:35+00:00","og_image":[{"width":2560,"height":2560,"url":"https:\/\/krienko.com\/wp-content\/uploads\/2025\/05\/5-5-scaled.jpg","type":"image\/jpeg"}],"twitter_card":"summary_large_image","twitter_misc":{"Availability":"In stock"},"schema":{"@context":"https:\/\/schema.org","@graph":[{"@type":"WebPage","@id":"https:\/\/krienko.com\/en\/produkt\/pantallon-lino-jonila-short-b01\/","url":"https:\/\/krienko.com\/en\/produkt\/pantallon-lino-jonila-short-b01\/","name":"Linen Pants - JONILA SHORT B01 - Krienko Jeans","isPartOf":{"@id":"https:\/\/krienko.com\/en\/#website"},"primaryImageOfPage":{"@id":"https:\/\/krienko.com\/en\/produkt\/pantallon-lino-jonila-short-b01\/#primaryimage"},"image":{"@id":"https:\/\/krienko.com\/en\/produkt\/pantallon-lino-jonila-short-b01\/#primaryimage"},"thumbnailUrl":"https:\/\/krienko.com\/wp-content\/uploads\/2025\/05\/5-5-scaled.jpg","datePublished":"2025-05-29T08:48:18+00:00","dateModified":"2025-05-30T06:44:35+00:00","breadcrumb":{"@id":"https:\/\/krienko.com\/en\/produkt\/pantallon-lino-jonila-short-b01\/#breadcrumb"},"inLanguage":"en-US","potentialAction":[{"@type":"ReadAction","target":["https:\/\/krienko.com\/en\/produkt\/pantallon-lino-jonila-short-b01\/"]}]},{"@type":"ImageObject","inLanguage":"en-US","@id":"https:\/\/krienko.com\/en\/produkt\/pantallon-lino-jonila-short-b01\/#primaryimage","url":"https:\/\/krienko.com\/wp-content\/uploads\/2025\/05\/5-5-scaled.jpg","contentUrl":"https:\/\/krienko.com\/wp-content\/uploads\/2025\/05\/5-5-scaled.jpg","width":2560,"height":2560},{"@type":"BreadcrumbList","@id":"https:\/\/krienko.com\/en\/produkt\/pantallon-lino-jonila-short-b01\/#breadcrumb","itemListElement":[{"@type":"ListItem","position":1,"name":"Home","item":"https:\/\/krienko.com\/en\/"},{"@type":"ListItem","position":2,"name":"Shop","item":"https:\/\/krienko.com\/en\/shop\/"},{"@type":"ListItem","position":3,"name":"Linen Pants &#8211; JONILA SHORT B01"}]},{"@type":"WebSite","@id":"https:\/\/krienko.com\/en\/#website","url":"https:\/\/krienko.com\/en\/","name":"krienko","description":"KRIENKO Outlet Expansion FOR GLOBAL FASHION. N\u00eb vitin 2025, KRIENKO do t\u00eb festoj\u00eb p\u00ebrfundimin e nj\u00eb prej projekteve t\u00eb saj m\u00eb t\u00eb m\u00ebdha deri m\u00eb tani: nj\u00eb ...","potentialAction":[{"@type":"SearchAction","target":{"@type":"EntryPoint","urlTemplate":"https:\/\/krienko.com\/en\/?s={search_term_string}"},"query-input":{"@type":"PropertyValueSpecification","valueRequired":true,"valueName":"search_term_string"}}],"inLanguage":"en-US"}]},"og_availability":"instock","product_availability":"instock","product_condition":"new"},"_links":{"self":[{"href":"https:\/\/krienko.com\/en\/wp-json\/wp\/v2\/product\/14277","targetHints":{"allow":["GET"]}}],"collection":[{"href":"https:\/\/krienko.com\/en\/wp-json\/wp\/v2\/product"}],"about":[{"href":"https:\/\/krienko.com\/en\/wp-json\/wp\/v2\/types\/product"}],"replies":[{"embeddable":true,"href":"https:\/\/krienko.com\/en\/wp-json\/wp\/v2\/comments?post=14277"}],"wp:featuredmedia":[{"embeddable":true,"href":"https:\/\/krienko.com\/en\/wp-json\/wp\/v2\/media\/14227"}],"wp:attachment":[{"href":"https:\/\/krienko.com\/en\/wp-json\/wp\/v2\/media?parent=14277"}],"wp:term":[{"taxonomy":"product_brand","embeddable":true,"href":"https:\/\/krienko.com\/en\/wp-json\/wp\/v2\/product_brand?post=14277"},{"taxonomy":"product_cat","embeddable":true,"href":"https:\/\/krienko.com\/en\/wp-json\/wp\/v2\/product_cat?post=14277"},{"taxonomy":"product_tag","embeddable":true,"href":"https:\/\/krienko.com\/en\/wp-json\/wp\/v2\/product_tag?post=14277"}],"curies":[{"name":"wp","href":"https:\/\/api.w.org\/{rel}","templated":true}]}}