
{"id":7322,"date":"2024-09-12T10:04:49","date_gmt":"2024-09-12T08:04:49","guid":{"rendered":"http:\/\/krienko.test.iei-group.net\/?page_id=7322"},"modified":"2025-01-29T17:28:47","modified_gmt":"2025-01-29T16:28:47","slug":"privacy-policy","status":"publish","type":"page","link":"https:\/\/krienko.com\/en\/privacy-policy\/","title":{"rendered":"Privacy Policy"},"content":{"rendered":"\t\t<div data-elementor-type=\"wp-page\" data-elementor-id=\"7322\" class=\"elementor elementor-7322\" data-elementor-post-type=\"page\">\n\t\t\t\t<div class=\"elementor-element elementor-element-d8af54e e-flex e-con-boxed e-con e-parent\" data-id=\"d8af54e\" data-element_type=\"container\" data-e-type=\"container\">\n\t\t\t\t\t<div class=\"e-con-inner\">\n\t\t\t\t<div class=\"elementor-element elementor-element-32a2f44 elementor-widget elementor-widget-spacer\" data-id=\"32a2f44\" data-element_type=\"widget\" data-e-type=\"widget\" data-widget_type=\"spacer.default\">\n\t\t\t\t<div class=\"elementor-widget-container\">\n\t\t\t\t\t\t\t<div class=\"elementor-spacer\">\n\t\t\t<div class=\"elementor-spacer-inner\"><\/div>\n\t\t<\/div>\n\t\t\t\t\t\t<\/div>\n\t\t\t\t<\/div>\n\t\t\t\t<div class=\"elementor-element elementor-element-77015d1 elementor-widget elementor-widget-heading\" data-id=\"77015d1\" data-element_type=\"widget\" data-e-type=\"widget\" data-widget_type=\"heading.default\">\n\t\t\t\t<div class=\"elementor-widget-container\">\n\t\t\t\t\t<h2 class=\"elementor-heading-title elementor-size-default\">Privacy Policy<\/h2>\t\t\t\t<\/div>\n\t\t\t\t<\/div>\n\t\t\t\t<div class=\"elementor-element elementor-element-b932dea elementor-widget elementor-widget-spacer\" data-id=\"b932dea\" data-element_type=\"widget\" data-e-type=\"widget\" data-widget_type=\"spacer.default\">\n\t\t\t\t<div class=\"elementor-widget-container\">\n\t\t\t\t\t\t\t<div class=\"elementor-spacer\">\n\t\t\t<div class=\"elementor-spacer-inner\"><\/div>\n\t\t<\/div>\n\t\t\t\t\t\t<\/div>\n\t\t\t\t<\/div>\n\t\t\t\t\t<\/div>\n\t\t\t\t<\/div>\n\t\t<div class=\"elementor-element elementor-element-224b2c27 e-flex e-con-boxed e-con e-parent\" data-id=\"224b2c27\" data-element_type=\"container\" data-e-type=\"container\">\n\t\t\t\t\t<div class=\"e-con-inner\">\n\t\t\t\t<div class=\"elementor-element elementor-element-20ed752d elementor-widget elementor-widget-text-editor\" data-id=\"20ed752d\" data-element_type=\"widget\" data-e-type=\"widget\" data-widget_type=\"text-editor.default\">\n\t\t\t\t<div class=\"elementor-widget-container\">\n\t\t\t\t\t\t\t\t\t<strong>Krienko respects your privacy<\/strong>\r\n<strong>Read the policy<\/strong>\r\n<ol>\r\n \t<li><strong>WHO IS THE DATA CONTROLLER OF YOUR PERSONAL DATA?<\/strong>\r\nKrienko (\u201cKrienko\u201d), having its registered office at \u201cLlukan Toska\u201d street, FIER, ALBANIA, in person of the legal representative Mr. Krienko Memo, e-mail address <a rel=\"noopener\">info@krienko.com<\/a>, is the \u201cData Controller.\u201d<\/li>\r\n \t<li><strong>WHAT IS THE TYPE OF DATA THAT KRIENKO PROCESSES?<\/strong>\r\nThe Data Controller processes personal data of the users of its electronic communication services, which include name, last name, address, telephone number, mobile number, e-mail address, and any type of contact data (\u201cPersonal Data\u201d).\r\nThe Data Controller may also process your sensitive personal data, with specific and exclusive reference to your medical data, biometric, or genetic data (\u201cHealth-Related Personal Data\u201d).<\/li>\r\n \t<li><strong>ABOUT THE DATA PROCESSING<\/strong>\r\nThe Data Controller processes the Personal Data provided by users in the appropriate form to offer the best quality service for its customers and to better respond to their requests. This data gives Krienko the possibility to further enhance and improve its services and provide information according to the user\u2019s requests, such as through SMS, MMS, e-mail, telemarketing, etc.<\/li>\r\n<\/ol>\r\n<ul>\r\n \t<li>Personal data that Krienko collects from its customers are always used in compliance with the legislation in force.<\/li>\r\n \t<li>Personal data are processed honestly, fairly, and in compliance with the law.<\/li>\r\n \t<li>Personal data are processed only for the time period relevant to the specific goals for which these data are being collected by Krienko.<\/li>\r\n \t<li>All methods of gathering personal data (e.g. customer application forms) will entail full and clear information on why they are being gathered, even though it might be of secondary nature and not easily understandable (e.g. if personal data are collected for marketing purposes, you will be explained this and given the possibility to refuse providing the data).<\/li>\r\n<\/ul>\r\n<strong>Focus on the Health-Related Personal Data Processing<\/strong>\r\nThe Data Controller shall process the user\u2019s Health-Related Personal Data only when necessary for the performance of the specific service requested by the user from Krienko.\r\nExplicit consent is always required for processing the Health-Related Personal Data of the users.\r\nFor example, the Data Controller may ask for explicit consent when a specific service required by the user involves the transmission and\/or comparison of dental procedure quotes.\r\nIn such cases, Krienko may require the user to attach some medical or dental records to the specific request.\r\n\r\n<strong>Focus on distributing personal data to third persons<\/strong>\r\nDistribution of personal data to third parties is allowed only if these parties are agents of Krienko or under its service, and if they act in compliance with our instructions. Krienko does not transmit your personal data to third parties, unless you have given your express consent. If you have given consent to a third party for Krienko to receive the data, then Krienko is not responsible for the provision or transfer of those data.\r\n<ol start=\"4\">\r\n \t<li><strong>HOW YOU CAN GET ACCESS TO YOUR INFORMATION<\/strong>\r\nFor the implementation of Law no. 9887 dated 10.03.2008 \u201cOn Personal Data Protection,\u201d you have the right to request information on your personal data processed by the Data Controller, and we will respond within 30 days. The request should be sent in writing to the following address: <a rel=\"noopener\">info@krienko.com<\/a>.\r\nIn the request, you should mention your name, address, and mobile number. Krienko will take all necessary measures to verify your identity before issuing a copy of the information.<\/li>\r\n \t<li><strong>HOW LONG WILL THE USER\u2019S PERSONAL DATA BE RETAINED BY US?<\/strong>\r\n<strong>Focus on Data Retention<\/strong>\r\nPersonal data will be saved for the time needed in accordance with the primary purpose for which they were collected.\r\nThe time period for data retention will fully comply with the legal framework in force.\r\nIn certain cases, some data that would not normally be retained by Krienko may be saved due to special circumstances, such as judicial investigations.<\/li>\r\n<\/ol>\r\nThe retention period for data is as follows:\r\n<ul>\r\n \t<li>Data from customer contact forms are preserved for as long as necessary to ensure the provision of services. Traffic data are preserved for use by the prosecution and the courts in penal cases, in accordance with relevant legislation.<\/li>\r\n \t<li>We will retain the user\u2019s personal data only as long as necessary.<\/li>\r\n<\/ul>\r\nPersonal data are deleted after a reasonable time based on the following retention criteria:\r\n<ul>\r\n \t<li>We retain your data as long as we have an ongoing relationship with you (in particular, if you have an account with us).<\/li>\r\n \t<li>We will only keep the data while your account is active or for as long as needed to provide services to you.<\/li>\r\n \t<li>We retain your data for as long as needed to comply with our global legal and contractual obligations.<\/li>\r\n \t<li>We retain your Health-Related Personal Data for a maximum of 30 days.<\/li>\r\n<\/ul>\r\n<ol start=\"6\">\r\n \t<li><strong>ABOUT THE CORRECTION AND DELETION OF PERSONAL DATA<\/strong>\r\nFor correcting or deleting your personal data, please contact us in writing at the following address: <a rel=\"noopener\">info@krienko.com<\/a>. Krienko, in compliance with Law no. 9887 dated 10.03.2008 \u201cOn Personal Data Protection,\u201d is legally obliged to take measures to correct or delete your personal data within 30 days. A copy of a valid identification document may be needed along with the written request.<\/li>\r\n \t<li><strong>SAFETY MEASURES REGARDING PERSONAL DATA<\/strong>\r\nKrienko is aware of the importance and sensitivity of personal data, and we rigorously adhere to the safety measures outlined in Law No. 9887 dated 10.03.2008 \u201cOn Personal Data Protection.\u201d This is achieved through the use of advanced and modern techniques for preserving databases and computer systems. Additionally, Krienko ensures that data transfers and registrations are carried out under strict safety measures, in full compliance with relevant legislation.<\/li>\r\n<\/ol>\r\nHowever, Krienko\u2019s site may contain links to other websites. Krienko is not responsible for the content of those sites and advises you to read the privacy statements on those websites. The conditions on those sites may differ from Krienko\u2019s.\r\n<ol start=\"8\">\r\n \t<li><strong>DO YOU HAVE QUESTIONS OR SUGGESTIONS? DO NOT HESITATE TO CONTACT US!<\/strong>\r\nWith the explanations above, Krienko hopes to have provided you with full and accurate information about its privacy policies concerning the services it provides.\r\nIf you have any questions, claims\/requests, or suggestions, please contact us at: <a rel=\"noopener\">info@krienko.com<\/a>.<\/li>\r\n \t<li><strong>MISCELLANEOUS<\/strong>\r\nThis regulation shall be construed in compliance with the General Conditions of this site and the General Conditions applied by Krienko for its customers.\r\nKrienko reserves the right to change or modify this regulation at any time, in line with any potential changes in the legislation on personal data protection and privacy.<\/li>\r\n<\/ol>\t\t\t\t\t\t\t\t<\/div>\n\t\t\t\t<\/div>\n\t\t\t\t\t<\/div>\n\t\t\t\t<\/div>\n\t\t\t\t<\/div>\n\t\t","protected":false},"excerpt":{"rendered":"<p>Privacy Policy Krienko respects your privacy Read the policy WHO IS THE DATA CONTROLLER OF YOUR PERSONAL DATA? Krienko (\u201cKrienko\u201d), having its registered office at \u201cLlukan Toska\u201d street, FIER, ALBANIA, in person of the legal representative Mr. Krienko Memo, e-mail address info@krienko.com, is the \u201cData Controller.\u201d WHAT IS THE TYPE OF DATA THAT KRIENKO PROCESSES? [&hellip;]<\/p>\n","protected":false},"author":1,"featured_media":0,"parent":0,"menu_order":0,"comment_status":"closed","ping_status":"closed","template":"elementor_header_footer","meta":{"footnotes":""},"class_list":["post-7322","page","type-page","status-publish","hentry"],"yoast_head":"<!-- This site is optimized with the Yoast SEO Premium plugin v24.0 (Yoast SEO v27.4) - https:\/\/yoast.com\/product\/yoast-seo-premium-wordpress\/ -->\n<title>Privacy Policy - Krienko Jeans<\/title>\n<meta name=\"robots\" content=\"index, follow, max-snippet:-1, max-image-preview:large, max-video-preview:-1\" \/>\n<link rel=\"canonical\" href=\"https:\/\/krienko.com\/en\/privacy-policy\/\" \/>\n<meta property=\"og:locale\" content=\"en_US\" \/>\n<meta property=\"og:type\" content=\"article\" \/>\n<meta property=\"og:title\" content=\"Privacy Policy\" \/>\n<meta property=\"og:description\" content=\"Privacy Policy Krienko respects your privacy Read the policy WHO IS THE DATA CONTROLLER OF YOUR PERSONAL DATA? Krienko (\u201cKrienko\u201d), having its registered office at \u201cLlukan Toska\u201d street, FIER, ALBANIA, in person of the legal representative Mr. Krienko Memo, e-mail address info@krienko.com, is the \u201cData Controller.\u201d WHAT IS THE TYPE OF DATA THAT KRIENKO PROCESSES? [&hellip;]\" \/>\n<meta property=\"og:url\" content=\"https:\/\/krienko.com\/en\/privacy-policy\/\" \/>\n<meta property=\"og:site_name\" content=\"Krienko Jeans\" \/>\n<meta property=\"article:modified_time\" content=\"2025-01-29T16:28:47+00:00\" \/>\n<meta name=\"twitter:card\" content=\"summary_large_image\" \/>\n<meta name=\"twitter:label1\" content=\"Est. reading time\" \/>\n\t<meta name=\"twitter:data1\" content=\"6 minutes\" \/>\n<script type=\"application\/ld+json\" class=\"yoast-schema-graph\">{\"@context\":\"https:\\\/\\\/schema.org\",\"@graph\":[{\"@type\":\"WebPage\",\"@id\":\"https:\\\/\\\/krienko.com\\\/en\\\/privacy-policy\\\/\",\"url\":\"https:\\\/\\\/krienko.com\\\/en\\\/privacy-policy\\\/\",\"name\":\"Privacy Policy - Krienko Jeans\",\"isPartOf\":{\"@id\":\"https:\\\/\\\/krienko.com\\\/en\\\/#website\"},\"datePublished\":\"2024-09-12T08:04:49+00:00\",\"dateModified\":\"2025-01-29T16:28:47+00:00\",\"breadcrumb\":{\"@id\":\"https:\\\/\\\/krienko.com\\\/en\\\/privacy-policy\\\/#breadcrumb\"},\"inLanguage\":\"en-US\",\"potentialAction\":[{\"@type\":\"ReadAction\",\"target\":[\"https:\\\/\\\/krienko.com\\\/en\\\/privacy-policy\\\/\"]}]},{\"@type\":\"BreadcrumbList\",\"@id\":\"https:\\\/\\\/krienko.com\\\/en\\\/privacy-policy\\\/#breadcrumb\",\"itemListElement\":[{\"@type\":\"ListItem\",\"position\":1,\"name\":\"Home\",\"item\":\"https:\\\/\\\/krienko.com\\\/en\\\/\"},{\"@type\":\"ListItem\",\"position\":2,\"name\":\"Privacy Policy\"}]},{\"@type\":\"WebSite\",\"@id\":\"https:\\\/\\\/krienko.com\\\/en\\\/#website\",\"url\":\"https:\\\/\\\/krienko.com\\\/en\\\/\",\"name\":\"krienko\",\"description\":\"KRIENKO Outlet Expansion FOR GLOBAL FASHION. N\u00eb vitin 2025, KRIENKO do t\u00eb festoj\u00eb p\u00ebrfundimin e nj\u00eb prej projekteve t\u00eb saj m\u00eb t\u00eb m\u00ebdha deri m\u00eb tani: nj\u00eb ...\",\"potentialAction\":[{\"@type\":\"SearchAction\",\"target\":{\"@type\":\"EntryPoint\",\"urlTemplate\":\"https:\\\/\\\/krienko.com\\\/en\\\/?s={search_term_string}\"},\"query-input\":{\"@type\":\"PropertyValueSpecification\",\"valueRequired\":true,\"valueName\":\"search_term_string\"}}],\"inLanguage\":\"en-US\"}]}<\/script>\n<!-- \/ Yoast SEO Premium plugin. -->","yoast_head_json":{"title":"Privacy Policy - Krienko Jeans","robots":{"index":"index","follow":"follow","max-snippet":"max-snippet:-1","max-image-preview":"max-image-preview:large","max-video-preview":"max-video-preview:-1"},"canonical":"https:\/\/krienko.com\/en\/privacy-policy\/","og_locale":"en_US","og_type":"article","og_title":"Privacy Policy","og_description":"Privacy Policy Krienko respects your privacy Read the policy WHO IS THE DATA CONTROLLER OF YOUR PERSONAL DATA? Krienko (\u201cKrienko\u201d), having its registered office at \u201cLlukan Toska\u201d street, FIER, ALBANIA, in person of the legal representative Mr. Krienko Memo, e-mail address info@krienko.com, is the \u201cData Controller.\u201d WHAT IS THE TYPE OF DATA THAT KRIENKO PROCESSES? [&hellip;]","og_url":"https:\/\/krienko.com\/en\/privacy-policy\/","og_site_name":"Krienko Jeans","article_modified_time":"2025-01-29T16:28:47+00:00","twitter_card":"summary_large_image","twitter_misc":{"Est. reading time":"6 minutes"},"schema":{"@context":"https:\/\/schema.org","@graph":[{"@type":"WebPage","@id":"https:\/\/krienko.com\/en\/privacy-policy\/","url":"https:\/\/krienko.com\/en\/privacy-policy\/","name":"Privacy Policy - Krienko Jeans","isPartOf":{"@id":"https:\/\/krienko.com\/en\/#website"},"datePublished":"2024-09-12T08:04:49+00:00","dateModified":"2025-01-29T16:28:47+00:00","breadcrumb":{"@id":"https:\/\/krienko.com\/en\/privacy-policy\/#breadcrumb"},"inLanguage":"en-US","potentialAction":[{"@type":"ReadAction","target":["https:\/\/krienko.com\/en\/privacy-policy\/"]}]},{"@type":"BreadcrumbList","@id":"https:\/\/krienko.com\/en\/privacy-policy\/#breadcrumb","itemListElement":[{"@type":"ListItem","position":1,"name":"Home","item":"https:\/\/krienko.com\/en\/"},{"@type":"ListItem","position":2,"name":"Privacy Policy"}]},{"@type":"WebSite","@id":"https:\/\/krienko.com\/en\/#website","url":"https:\/\/krienko.com\/en\/","name":"krienko","description":"KRIENKO Outlet Expansion FOR GLOBAL FASHION. N\u00eb vitin 2025, KRIENKO do t\u00eb festoj\u00eb p\u00ebrfundimin e nj\u00eb prej projekteve t\u00eb saj m\u00eb t\u00eb m\u00ebdha deri m\u00eb tani: nj\u00eb ...","potentialAction":[{"@type":"SearchAction","target":{"@type":"EntryPoint","urlTemplate":"https:\/\/krienko.com\/en\/?s={search_term_string}"},"query-input":{"@type":"PropertyValueSpecification","valueRequired":true,"valueName":"search_term_string"}}],"inLanguage":"en-US"}]}},"_links":{"self":[{"href":"https:\/\/krienko.com\/en\/wp-json\/wp\/v2\/pages\/7322","targetHints":{"allow":["GET"]}}],"collection":[{"href":"https:\/\/krienko.com\/en\/wp-json\/wp\/v2\/pages"}],"about":[{"href":"https:\/\/krienko.com\/en\/wp-json\/wp\/v2\/types\/page"}],"author":[{"embeddable":true,"href":"https:\/\/krienko.com\/en\/wp-json\/wp\/v2\/users\/1"}],"replies":[{"embeddable":true,"href":"https:\/\/krienko.com\/en\/wp-json\/wp\/v2\/comments?post=7322"}],"version-history":[{"count":8,"href":"https:\/\/krienko.com\/en\/wp-json\/wp\/v2\/pages\/7322\/revisions"}],"predecessor-version":[{"id":12952,"href":"https:\/\/krienko.com\/en\/wp-json\/wp\/v2\/pages\/7322\/revisions\/12952"}],"wp:attachment":[{"href":"https:\/\/krienko.com\/en\/wp-json\/wp\/v2\/media?parent=7322"}],"curies":[{"name":"wp","href":"https:\/\/api.w.org\/{rel}","templated":true}]}}