
{"id":7208,"date":"2024-09-11T17:26:14","date_gmt":"2024-09-11T15:26:14","guid":{"rendered":"http:\/\/krienko.test.iei-group.net\/?page_id=7208"},"modified":"2025-02-06T12:02:08","modified_gmt":"2025-02-06T11:02:08","slug":"diamond-hill-spa-resort","status":"publish","type":"page","link":"https:\/\/krienko.com\/en\/diamond-hill-spa-resort\/","title":{"rendered":"Diamond Hill &#038; Spa Resort"},"content":{"rendered":"\t\t<div data-elementor-type=\"wp-page\" data-elementor-id=\"7208\" class=\"elementor elementor-7208\" data-elementor-post-type=\"page\">\n\t\t\t\t<div class=\"elementor-element elementor-element-a7199f2 e-flex e-con-boxed e-con e-parent\" data-id=\"a7199f2\" data-element_type=\"container\" data-e-type=\"container\">\n\t\t\t\t\t<div class=\"e-con-inner\">\n\t\t\t\t<div class=\"elementor-element elementor-element-70ba736 elementor-widget elementor-widget-spacer\" data-id=\"70ba736\" data-element_type=\"widget\" data-e-type=\"widget\" data-widget_type=\"spacer.default\">\n\t\t\t\t<div class=\"elementor-widget-container\">\n\t\t\t\t\t\t\t<div class=\"elementor-spacer\">\n\t\t\t<div class=\"elementor-spacer-inner\"><\/div>\n\t\t<\/div>\n\t\t\t\t\t\t<\/div>\n\t\t\t\t<\/div>\n\t\t\t\t\t<\/div>\n\t\t\t\t<\/div>\n\t\t<div class=\"elementor-element elementor-element-8284c58 e-flex e-con-boxed e-con e-parent\" data-id=\"8284c58\" data-element_type=\"container\" data-e-type=\"container\">\n\t\t\t\t\t<div class=\"e-con-inner\">\n\t\t<div class=\"elementor-element elementor-element-4a4c7eb e-con-full e-flex e-con e-child\" data-id=\"4a4c7eb\" data-element_type=\"container\" data-e-type=\"container\">\n\t\t\t\t<div class=\"elementor-element elementor-element-4df8f96 elementor-widget elementor-widget-spacer\" data-id=\"4df8f96\" data-element_type=\"widget\" data-e-type=\"widget\" data-widget_type=\"spacer.default\">\n\t\t\t\t<div class=\"elementor-widget-container\">\n\t\t\t\t\t\t\t<div class=\"elementor-spacer\">\n\t\t\t<div class=\"elementor-spacer-inner\"><\/div>\n\t\t<\/div>\n\t\t\t\t\t\t<\/div>\n\t\t\t\t<\/div>\n\t\t\t\t<div class=\"elementor-element elementor-element-aeee4ec elementor-invisible elementor-widget elementor-widget-heading\" data-id=\"aeee4ec\" data-element_type=\"widget\" data-e-type=\"widget\" data-settings=\"{&quot;motion_fx_motion_fx_mouse&quot;:&quot;yes&quot;,&quot;_animation&quot;:&quot;slideInLeft&quot;}\" data-widget_type=\"heading.default\">\n\t\t\t\t<div class=\"elementor-widget-container\">\n\t\t\t\t\t<h2 class=\"elementor-heading-title elementor-size-default\">Diamond Hill &amp; Spa Resort<\/h2>\t\t\t\t<\/div>\n\t\t\t\t<\/div>\n\t\t\t\t<div class=\"elementor-element elementor-element-995af2f elementor-invisible elementor-widget elementor-widget-text-editor\" data-id=\"995af2f\" data-element_type=\"widget\" data-e-type=\"widget\" data-settings=\"{&quot;motion_fx_motion_fx_mouse&quot;:&quot;yes&quot;,&quot;_animation&quot;:&quot;slideInLeft&quot;}\" data-widget_type=\"text-editor.default\">\n\t\t\t\t<div class=\"elementor-widget-container\">\n\t\t\t\t\t\t\t\t\t<div style=\"text-align: justify;\"><span style=\"font-size: 16px; font-family: tommy-regular;\">The resort is also associated with the KRIENKO Group, reinforcing its commitment to excellence and international standards.<\/span><br \/><span style=\"font-size: 16px; font-family: tommy-regular;\">A luxurious stay with breathtaking views.<\/span><br \/><span style=\"font-size: 16px; font-family: tommy-regular;\">It provides both convenience and a peaceful atmosphere.<\/span><br \/><span style=\"font-size: 16px; font-family: tommy-regular;\">Its strategic location, just 5 kilometers from the city center, makes it a popular destination for tourists seeking relaxation by the Albanian Riviera.<\/span><\/div>\t\t\t\t\t\t\t\t<\/div>\n\t\t\t\t<\/div>\n\t\t\t\t<div class=\"elementor-element elementor-element-e71db0f elementor-shape-rounded elementor-grid-0 e-grid-align-center elementor-invisible elementor-widget elementor-widget-social-icons\" data-id=\"e71db0f\" data-element_type=\"widget\" data-e-type=\"widget\" data-settings=\"{&quot;motion_fx_motion_fx_mouse&quot;:&quot;yes&quot;,&quot;motion_fx_tilt_effect&quot;:&quot;yes&quot;,&quot;motion_fx_tilt_speed&quot;:{&quot;unit&quot;:&quot;px&quot;,&quot;size&quot;:2,&quot;sizes&quot;:[]},&quot;_animation&quot;:&quot;fadeInUp&quot;}\" data-widget_type=\"social-icons.default\">\n\t\t\t\t<div class=\"elementor-widget-container\">\n\t\t\t\t\t\t\t<div class=\"elementor-social-icons-wrapper elementor-grid\" role=\"list\">\n\t\t\t\t\t\t\t<span class=\"elementor-grid-item\" role=\"listitem\">\n\t\t\t\t\t<a class=\"elementor-icon elementor-social-icon elementor-social-icon-instagram elementor-repeater-item-64a8d57\" href=\"https:\/\/www.instagram.com\/diamond.hill.vlore\/\" target=\"_blank\">\n\t\t\t\t\t\t<span class=\"elementor-screen-only\">Instagram<\/span>\n\t\t\t\t\t\t<svg aria-hidden=\"true\" class=\"e-font-icon-svg e-fab-instagram\" viewBox=\"0 0 448 512\" xmlns=\"http:\/\/www.w3.org\/2000\/svg\"><path d=\"M224.1 141c-63.6 0-114.9 51.3-114.9 114.9s51.3 114.9 114.9 114.9S339 319.5 339 255.9 287.7 141 224.1 141zm0 189.6c-41.1 0-74.7-33.5-74.7-74.7s33.5-74.7 74.7-74.7 74.7 33.5 74.7 74.7-33.6 74.7-74.7 74.7zm146.4-194.3c0 14.9-12 26.8-26.8 26.8-14.9 0-26.8-12-26.8-26.8s12-26.8 26.8-26.8 26.8 12 26.8 26.8zm76.1 27.2c-1.7-35.9-9.9-67.7-36.2-93.9-26.2-26.2-58-34.4-93.9-36.2-37-2.1-147.9-2.1-184.9 0-35.8 1.7-67.6 9.9-93.9 36.1s-34.4 58-36.2 93.9c-2.1 37-2.1 147.9 0 184.9 1.7 35.9 9.9 67.7 36.2 93.9s58 34.4 93.9 36.2c37 2.1 147.9 2.1 184.9 0 35.9-1.7 67.7-9.9 93.9-36.2 26.2-26.2 34.4-58 36.2-93.9 2.1-37 2.1-147.8 0-184.8zM398.8 388c-7.8 19.6-22.9 34.7-42.6 42.6-29.5 11.7-99.5 9-132.1 9s-102.7 2.6-132.1-9c-19.6-7.8-34.7-22.9-42.6-42.6-11.7-29.5-9-99.5-9-132.1s-2.6-102.7 9-132.1c7.8-19.6 22.9-34.7 42.6-42.6 29.5-11.7 99.5-9 132.1-9s102.7-2.6 132.1 9c19.6 7.8 34.7 22.9 42.6 42.6 11.7 29.5 9 99.5 9 132.1s2.7 102.7-9 132.1z\"><\/path><\/svg>\t\t\t\t\t<\/a>\n\t\t\t\t<\/span>\n\t\t\t\t\t\t\t<span class=\"elementor-grid-item\" role=\"listitem\">\n\t\t\t\t\t<a class=\"elementor-icon elementor-social-icon elementor-social-icon-facebook elementor-repeater-item-3284d33\" href=\"https:\/\/www.facebook.com\/diamond.hill.spa.vlore\" target=\"_blank\">\n\t\t\t\t\t\t<span class=\"elementor-screen-only\">Facebook<\/span>\n\t\t\t\t\t\t<svg aria-hidden=\"true\" class=\"e-font-icon-svg e-fab-facebook\" viewBox=\"0 0 512 512\" xmlns=\"http:\/\/www.w3.org\/2000\/svg\"><path d=\"M504 256C504 119 393 8 256 8S8 119 8 256c0 123.78 90.69 226.38 209.25 245V327.69h-63V256h63v-54.64c0-62.15 37-96.48 93.67-96.48 27.14 0 55.52 4.84 55.52 4.84v61h-31.28c-30.8 0-40.41 19.12-40.41 38.73V256h68.78l-11 71.69h-57.78V501C413.31 482.38 504 379.78 504 256z\"><\/path><\/svg>\t\t\t\t\t<\/a>\n\t\t\t\t<\/span>\n\t\t\t\t\t\t\t<span class=\"elementor-grid-item\" role=\"listitem\">\n\t\t\t\t\t<a class=\"elementor-icon elementor-social-icon elementor-social-icon-tb-icon-world elementor-repeater-item-5aa4701\" href=\"http:\/\/www.diamond-hill.al\" target=\"_blank\">\n\t\t\t\t\t\t<span class=\"elementor-screen-only\">Tb-icon-world<\/span>\n\t\t\t\t\t\t<i aria-hidden=\"true\" class=\"tb-icon tb-icon-world\"><\/i>\t\t\t\t\t<\/a>\n\t\t\t\t<\/span>\n\t\t\t\t\t<\/div>\n\t\t\t\t\t\t<\/div>\n\t\t\t\t<\/div>\n\t\t\t\t<\/div>\n\t\t\t\t<div class=\"elementor-element elementor-element-18f9de7 elementor-widget elementor-widget-spacer\" data-id=\"18f9de7\" data-element_type=\"widget\" data-e-type=\"widget\" data-widget_type=\"spacer.default\">\n\t\t\t\t<div class=\"elementor-widget-container\">\n\t\t\t\t\t\t\t<div class=\"elementor-spacer\">\n\t\t\t<div class=\"elementor-spacer-inner\"><\/div>\n\t\t<\/div>\n\t\t\t\t\t\t<\/div>\n\t\t\t\t<\/div>\n\t\t<div class=\"elementor-element elementor-element-3785aa0 e-con-full e-flex e-con e-child\" data-id=\"3785aa0\" data-element_type=\"container\" data-e-type=\"container\">\n\t\t\t\t<div class=\"elementor-element elementor-element-12384a0 elementor-invisible elementor-widget elementor-widget-image\" data-id=\"12384a0\" data-element_type=\"widget\" data-e-type=\"widget\" data-settings=\"{&quot;_animation&quot;:&quot;slideInRight&quot;}\" data-widget_type=\"image.default\">\n\t\t\t\t<div class=\"elementor-widget-container\">\n\t\t\t\t\t\t\t\t\t\t\t\t\t\t\t<img fetchpriority=\"high\" decoding=\"async\" width=\"2560\" height=\"1920\" src=\"https:\/\/krienko.com\/wp-content\/uploads\/2024\/09\/image-scaled.jpg\" class=\"attachment-full size-full wp-image-7408\" alt=\"\" srcset=\"https:\/\/krienko.com\/wp-content\/uploads\/2024\/09\/image-scaled.jpg 2560w, https:\/\/krienko.com\/wp-content\/uploads\/2024\/09\/image-scaled-1000x750.jpg 1000w, https:\/\/krienko.com\/wp-content\/uploads\/2024\/09\/image-300x225.jpg 300w, https:\/\/krienko.com\/wp-content\/uploads\/2024\/09\/image-1024x768.jpg 1024w, https:\/\/krienko.com\/wp-content\/uploads\/2024\/09\/image-768x576.jpg 768w, https:\/\/krienko.com\/wp-content\/uploads\/2024\/09\/image-1536x1152.jpg 1536w, https:\/\/krienko.com\/wp-content\/uploads\/2024\/09\/image-2048x1536.jpg 2048w\" sizes=\"(max-width: 2560px) 100vw, 2560px\" \/>\t\t\t\t\t\t\t\t\t\t\t\t\t\t\t<\/div>\n\t\t\t\t<\/div>\n\t\t\t\t<\/div>\n\t\t\t\t\t<\/div>\n\t\t\t\t<\/div>\n\t\t<div class=\"elementor-element elementor-element-e529840 e-flex e-con-boxed e-con e-parent\" data-id=\"e529840\" data-element_type=\"container\" data-e-type=\"container\">\n\t\t\t\t\t<div class=\"e-con-inner\">\n\t\t\t\t<div class=\"elementor-element elementor-element-0c6cc9f elementor-widget elementor-widget-spacer\" data-id=\"0c6cc9f\" data-element_type=\"widget\" data-e-type=\"widget\" data-widget_type=\"spacer.default\">\n\t\t\t\t<div class=\"elementor-widget-container\">\n\t\t\t\t\t\t\t<div class=\"elementor-spacer\">\n\t\t\t<div class=\"elementor-spacer-inner\"><\/div>\n\t\t<\/div>\n\t\t\t\t\t\t<\/div>\n\t\t\t\t<\/div>\n\t\t\t\t\t<\/div>\n\t\t\t\t<\/div>\n\t\t\t\t<\/div>\n\t\t","protected":false},"excerpt":{"rendered":"<p>Diamond Hill &amp; Spa Resort The resort is also associated with the KRIENKO Group, reinforcing its commitment to excellence and international standards.A luxurious stay with breathtaking views.It provides both convenience and a peaceful atmosphere.Its strategic location, just 5 kilometers from the city center, makes it a popular destination for tourists seeking relaxation by the Albanian [&hellip;]<\/p>\n","protected":false},"author":1,"featured_media":7057,"parent":0,"menu_order":0,"comment_status":"closed","ping_status":"closed","template":"elementor_header_footer","meta":{"footnotes":""},"class_list":["post-7208","page","type-page","status-publish","has-post-thumbnail","hentry"],"yoast_head":"<!-- This site is optimized with the Yoast SEO Premium plugin v24.0 (Yoast SEO v27.5) - https:\/\/yoast.com\/product\/yoast-seo-premium-wordpress\/ -->\n<title>Diamond Hill &amp; Spa Resort - Krienko Jeans<\/title>\n<meta name=\"robots\" content=\"index, follow, max-snippet:-1, max-image-preview:large, max-video-preview:-1\" \/>\n<link rel=\"canonical\" href=\"https:\/\/krienko.com\/en\/diamond-hill-spa-resort\/\" \/>\n<meta property=\"og:locale\" content=\"en_US\" \/>\n<meta property=\"og:type\" content=\"article\" \/>\n<meta property=\"og:title\" content=\"Diamond Hill &amp; Spa Resort\" \/>\n<meta property=\"og:description\" content=\"Diamond Hill &amp; Spa Resort The resort is also associated with the KRIENKO Group, reinforcing its commitment to excellence and international standards.A luxurious stay with breathtaking views.It provides both convenience and a peaceful atmosphere.Its strategic location, just 5 kilometers from the city center, makes it a popular destination for tourists seeking relaxation by the Albanian [&hellip;]\" \/>\n<meta property=\"og:url\" content=\"https:\/\/krienko.com\/en\/diamond-hill-spa-resort\/\" \/>\n<meta property=\"og:site_name\" content=\"Krienko Jeans\" \/>\n<meta property=\"article:modified_time\" content=\"2025-02-06T11:02:08+00:00\" \/>\n<meta property=\"og:image\" content=\"https:\/\/krienko.com\/wp-content\/uploads\/2024\/09\/4.jpg\" \/>\n\t<meta property=\"og:image:width\" content=\"1556\" \/>\n\t<meta property=\"og:image:height\" content=\"1167\" \/>\n\t<meta property=\"og:image:type\" content=\"image\/jpeg\" \/>\n<meta name=\"twitter:card\" content=\"summary_large_image\" \/>\n<meta name=\"twitter:label1\" content=\"Est. reading time\" \/>\n\t<meta name=\"twitter:data1\" content=\"1 minute\" \/>\n<script type=\"application\/ld+json\" class=\"yoast-schema-graph\">{\"@context\":\"https:\\\/\\\/schema.org\",\"@graph\":[{\"@type\":\"WebPage\",\"@id\":\"https:\\\/\\\/krienko.com\\\/en\\\/diamond-hill-spa-resort\\\/\",\"url\":\"https:\\\/\\\/krienko.com\\\/en\\\/diamond-hill-spa-resort\\\/\",\"name\":\"Diamond Hill & Spa Resort - Krienko Jeans\",\"isPartOf\":{\"@id\":\"https:\\\/\\\/krienko.com\\\/en\\\/#website\"},\"primaryImageOfPage\":{\"@id\":\"https:\\\/\\\/krienko.com\\\/en\\\/diamond-hill-spa-resort\\\/#primaryimage\"},\"image\":{\"@id\":\"https:\\\/\\\/krienko.com\\\/en\\\/diamond-hill-spa-resort\\\/#primaryimage\"},\"thumbnailUrl\":\"https:\\\/\\\/krienko.com\\\/wp-content\\\/uploads\\\/2024\\\/09\\\/4.jpg\",\"datePublished\":\"2024-09-11T15:26:14+00:00\",\"dateModified\":\"2025-02-06T11:02:08+00:00\",\"breadcrumb\":{\"@id\":\"https:\\\/\\\/krienko.com\\\/en\\\/diamond-hill-spa-resort\\\/#breadcrumb\"},\"inLanguage\":\"en-US\",\"potentialAction\":[{\"@type\":\"ReadAction\",\"target\":[\"https:\\\/\\\/krienko.com\\\/en\\\/diamond-hill-spa-resort\\\/\"]}]},{\"@type\":\"ImageObject\",\"inLanguage\":\"en-US\",\"@id\":\"https:\\\/\\\/krienko.com\\\/en\\\/diamond-hill-spa-resort\\\/#primaryimage\",\"url\":\"https:\\\/\\\/krienko.com\\\/wp-content\\\/uploads\\\/2024\\\/09\\\/4.jpg\",\"contentUrl\":\"https:\\\/\\\/krienko.com\\\/wp-content\\\/uploads\\\/2024\\\/09\\\/4.jpg\",\"width\":1556,\"height\":1167},{\"@type\":\"BreadcrumbList\",\"@id\":\"https:\\\/\\\/krienko.com\\\/en\\\/diamond-hill-spa-resort\\\/#breadcrumb\",\"itemListElement\":[{\"@type\":\"ListItem\",\"position\":1,\"name\":\"Home\",\"item\":\"https:\\\/\\\/krienko.com\\\/en\\\/\"},{\"@type\":\"ListItem\",\"position\":2,\"name\":\"Diamond Hill &#038; Spa Resort\"}]},{\"@type\":\"WebSite\",\"@id\":\"https:\\\/\\\/krienko.com\\\/en\\\/#website\",\"url\":\"https:\\\/\\\/krienko.com\\\/en\\\/\",\"name\":\"krienko\",\"description\":\"KRIENKO Outlet Expansion FOR GLOBAL FASHION. N\u00eb vitin 2025, KRIENKO do t\u00eb festoj\u00eb p\u00ebrfundimin e nj\u00eb prej projekteve t\u00eb saj m\u00eb t\u00eb m\u00ebdha deri m\u00eb tani: nj\u00eb ...\",\"potentialAction\":[{\"@type\":\"SearchAction\",\"target\":{\"@type\":\"EntryPoint\",\"urlTemplate\":\"https:\\\/\\\/krienko.com\\\/en\\\/?s={search_term_string}\"},\"query-input\":{\"@type\":\"PropertyValueSpecification\",\"valueRequired\":true,\"valueName\":\"search_term_string\"}}],\"inLanguage\":\"en-US\"}]}<\/script>\n<!-- \/ Yoast SEO Premium plugin. -->","yoast_head_json":{"title":"Diamond Hill & Spa Resort - Krienko Jeans","robots":{"index":"index","follow":"follow","max-snippet":"max-snippet:-1","max-image-preview":"max-image-preview:large","max-video-preview":"max-video-preview:-1"},"canonical":"https:\/\/krienko.com\/en\/diamond-hill-spa-resort\/","og_locale":"en_US","og_type":"article","og_title":"Diamond Hill & Spa Resort","og_description":"Diamond Hill &amp; Spa Resort The resort is also associated with the KRIENKO Group, reinforcing its commitment to excellence and international standards.A luxurious stay with breathtaking views.It provides both convenience and a peaceful atmosphere.Its strategic location, just 5 kilometers from the city center, makes it a popular destination for tourists seeking relaxation by the Albanian [&hellip;]","og_url":"https:\/\/krienko.com\/en\/diamond-hill-spa-resort\/","og_site_name":"Krienko Jeans","article_modified_time":"2025-02-06T11:02:08+00:00","og_image":[{"width":1556,"height":1167,"url":"https:\/\/krienko.com\/wp-content\/uploads\/2024\/09\/4.jpg","type":"image\/jpeg"}],"twitter_card":"summary_large_image","twitter_misc":{"Est. reading time":"1 minute"},"schema":{"@context":"https:\/\/schema.org","@graph":[{"@type":"WebPage","@id":"https:\/\/krienko.com\/en\/diamond-hill-spa-resort\/","url":"https:\/\/krienko.com\/en\/diamond-hill-spa-resort\/","name":"Diamond Hill & Spa Resort - Krienko Jeans","isPartOf":{"@id":"https:\/\/krienko.com\/en\/#website"},"primaryImageOfPage":{"@id":"https:\/\/krienko.com\/en\/diamond-hill-spa-resort\/#primaryimage"},"image":{"@id":"https:\/\/krienko.com\/en\/diamond-hill-spa-resort\/#primaryimage"},"thumbnailUrl":"https:\/\/krienko.com\/wp-content\/uploads\/2024\/09\/4.jpg","datePublished":"2024-09-11T15:26:14+00:00","dateModified":"2025-02-06T11:02:08+00:00","breadcrumb":{"@id":"https:\/\/krienko.com\/en\/diamond-hill-spa-resort\/#breadcrumb"},"inLanguage":"en-US","potentialAction":[{"@type":"ReadAction","target":["https:\/\/krienko.com\/en\/diamond-hill-spa-resort\/"]}]},{"@type":"ImageObject","inLanguage":"en-US","@id":"https:\/\/krienko.com\/en\/diamond-hill-spa-resort\/#primaryimage","url":"https:\/\/krienko.com\/wp-content\/uploads\/2024\/09\/4.jpg","contentUrl":"https:\/\/krienko.com\/wp-content\/uploads\/2024\/09\/4.jpg","width":1556,"height":1167},{"@type":"BreadcrumbList","@id":"https:\/\/krienko.com\/en\/diamond-hill-spa-resort\/#breadcrumb","itemListElement":[{"@type":"ListItem","position":1,"name":"Home","item":"https:\/\/krienko.com\/en\/"},{"@type":"ListItem","position":2,"name":"Diamond Hill &#038; Spa Resort"}]},{"@type":"WebSite","@id":"https:\/\/krienko.com\/en\/#website","url":"https:\/\/krienko.com\/en\/","name":"krienko","description":"KRIENKO Outlet Expansion FOR GLOBAL FASHION. N\u00eb vitin 2025, KRIENKO do t\u00eb festoj\u00eb p\u00ebrfundimin e nj\u00eb prej projekteve t\u00eb saj m\u00eb t\u00eb m\u00ebdha deri m\u00eb tani: nj\u00eb ...","potentialAction":[{"@type":"SearchAction","target":{"@type":"EntryPoint","urlTemplate":"https:\/\/krienko.com\/en\/?s={search_term_string}"},"query-input":{"@type":"PropertyValueSpecification","valueRequired":true,"valueName":"search_term_string"}}],"inLanguage":"en-US"}]}},"_links":{"self":[{"href":"https:\/\/krienko.com\/en\/wp-json\/wp\/v2\/pages\/7208","targetHints":{"allow":["GET"]}}],"collection":[{"href":"https:\/\/krienko.com\/en\/wp-json\/wp\/v2\/pages"}],"about":[{"href":"https:\/\/krienko.com\/en\/wp-json\/wp\/v2\/types\/page"}],"author":[{"embeddable":true,"href":"https:\/\/krienko.com\/en\/wp-json\/wp\/v2\/users\/1"}],"replies":[{"embeddable":true,"href":"https:\/\/krienko.com\/en\/wp-json\/wp\/v2\/comments?post=7208"}],"version-history":[{"count":57,"href":"https:\/\/krienko.com\/en\/wp-json\/wp\/v2\/pages\/7208\/revisions"}],"predecessor-version":[{"id":13062,"href":"https:\/\/krienko.com\/en\/wp-json\/wp\/v2\/pages\/7208\/revisions\/13062"}],"wp:featuredmedia":[{"embeddable":true,"href":"https:\/\/krienko.com\/en\/wp-json\/wp\/v2\/media\/7057"}],"wp:attachment":[{"href":"https:\/\/krienko.com\/en\/wp-json\/wp\/v2\/media?parent=7208"}],"curies":[{"name":"wp","href":"https:\/\/api.w.org\/{rel}","templated":true}]}}