
{"id":5095,"date":"2022-11-04T15:36:54","date_gmt":"2022-11-04T08:36:54","guid":{"rendered":"http:\/\/krienko.test.iei-group.net\/?page_id=5095"},"modified":"2025-02-06T16:27:21","modified_gmt":"2025-02-06T15:27:21","slug":"contact-us","status":"publish","type":"page","link":"https:\/\/krienko.com\/en\/contact-us\/","title":{"rendered":"Contact us"},"content":{"rendered":"\t\t<div data-elementor-type=\"wp-page\" data-elementor-id=\"5095\" class=\"elementor elementor-5095\" data-elementor-post-type=\"page\">\n\t\t\t\t<div class=\"elementor-element elementor-element-ec77b3e e-flex e-con-boxed e-con e-parent\" data-id=\"ec77b3e\" data-element_type=\"container\" data-e-type=\"container\" data-settings=\"{&quot;background_background&quot;:&quot;classic&quot;}\">\n\t\t\t\t\t<div class=\"e-con-inner\">\n\t\t\t\t<div class=\"elementor-element elementor-element-c2d67da elementor-widget elementor-widget-heading\" data-id=\"c2d67da\" data-element_type=\"widget\" data-e-type=\"widget\" data-widget_type=\"heading.default\">\n\t\t\t\t<div class=\"elementor-widget-container\">\n\t\t\t\t\t<h2 class=\"elementor-heading-title elementor-size-default\">Contact us<\/h2>\t\t\t\t<\/div>\n\t\t\t\t<\/div>\n\t\t\t\t\t<\/div>\n\t\t\t\t<\/div>\n\t\t<div class=\"elementor-element elementor-element-2b8c9a2 e-flex e-con-boxed e-con e-parent\" data-id=\"2b8c9a2\" data-element_type=\"container\" data-e-type=\"container\">\n\t\t\t\t\t<div class=\"e-con-inner\">\n\t\t<div class=\"elementor-element elementor-element-9b86f4e e-flex e-con-boxed e-con e-child\" data-id=\"9b86f4e\" data-element_type=\"container\" data-e-type=\"container\" data-settings=\"{&quot;background_background&quot;:&quot;classic&quot;}\">\n\t\t\t\t\t<div class=\"e-con-inner\">\n\t\t<div class=\"elementor-element elementor-element-ee8f64d e-con-full e-flex e-con e-child\" data-id=\"ee8f64d\" data-element_type=\"container\" data-e-type=\"container\">\n\t\t\t\t<div class=\"elementor-element elementor-element-4c09c17 elementor-widget elementor-widget-heading\" data-id=\"4c09c17\" data-element_type=\"widget\" data-e-type=\"widget\" data-widget_type=\"heading.default\">\n\t\t\t\t<div class=\"elementor-widget-container\">\n\t\t\t\t\t<h3 class=\"elementor-heading-title elementor-size-default\">Krienko Denim Industry<\/h3>\t\t\t\t<\/div>\n\t\t\t\t<\/div>\n\t\t\t\t<div class=\"elementor-element elementor-element-b2dabc2 elementor-widget elementor-widget-spacer\" data-id=\"b2dabc2\" data-element_type=\"widget\" data-e-type=\"widget\" data-widget_type=\"spacer.default\">\n\t\t\t\t<div class=\"elementor-widget-container\">\n\t\t\t\t\t\t\t<div class=\"elementor-spacer\">\n\t\t\t<div class=\"elementor-spacer-inner\"><\/div>\n\t\t<\/div>\n\t\t\t\t\t\t<\/div>\n\t\t\t\t<\/div>\n\t\t\t\t<div class=\"elementor-element elementor-element-3eb6fc2 elementor-widget elementor-widget-spacer\" data-id=\"3eb6fc2\" data-element_type=\"widget\" data-e-type=\"widget\" data-widget_type=\"spacer.default\">\n\t\t\t\t<div class=\"elementor-widget-container\">\n\t\t\t\t\t\t\t<div class=\"elementor-spacer\">\n\t\t\t<div class=\"elementor-spacer-inner\"><\/div>\n\t\t<\/div>\n\t\t\t\t\t\t<\/div>\n\t\t\t\t<\/div>\n\t\t\t\t<div class=\"elementor-element elementor-element-1bac73f elementor-widget elementor-widget-heading\" data-id=\"1bac73f\" data-element_type=\"widget\" data-e-type=\"widget\" data-widget_type=\"heading.default\">\n\t\t\t\t<div class=\"elementor-widget-container\">\n\t\t\t\t\t<h5 class=\"elementor-heading-title elementor-size-default\">Contact<\/h5>\t\t\t\t<\/div>\n\t\t\t\t<\/div>\n\t\t\t\t<div class=\"elementor-element elementor-element-35ca821 elementor-widget elementor-widget-spacer\" data-id=\"35ca821\" data-element_type=\"widget\" data-e-type=\"widget\" data-widget_type=\"spacer.default\">\n\t\t\t\t<div class=\"elementor-widget-container\">\n\t\t\t\t\t\t\t<div class=\"elementor-spacer\">\n\t\t\t<div class=\"elementor-spacer-inner\"><\/div>\n\t\t<\/div>\n\t\t\t\t\t\t<\/div>\n\t\t\t\t<\/div>\n\t\t\t\t<div class=\"elementor-element elementor-element-e6d5dd8 elementor-widget elementor-widget-text-editor\" data-id=\"e6d5dd8\" data-element_type=\"widget\" data-e-type=\"widget\" data-widget_type=\"text-editor.default\">\n\t\t\t\t<div class=\"elementor-widget-container\">\n\t\t\t\t\t\t\t\t\t<p><span style=\"font-family: tommy-regular; font-size: 16px;\"><strong>Address<\/strong>: <\/span><span style=\"font-family: tommy-regular; font-size: 16px;\">&#8220;Llukan Street&#8221;, FIER, ALBANIA<\/span><\/p><p><span style=\"font-family: tommy-regular; font-size: 16px;\">&#8220;16 Prilli&#8221; Neighborhood, FIER &#8211; ALBANIA \/ PRODUCTION UNIT<\/span><\/p><p><span style=\"font-family: tommy-regular; font-size: 16px;\">&#8220;15 Tetori&#8221; Neighborhood, FIER &#8211; ALBANIA \/ PRODUCTION UNIT<\/span><\/p><p><span style=\"font-family: tommy-regular; font-size: 16px;\">&#8220;Kryengritja e Fierit&#8221; Neighborhood, FIER, ALBANIA \/ LAUNDRY<\/span><\/p><p><span style=\"font-family: tommy-regular; font-size: 16px;\"><strong>Hours<\/strong>:<\/span><\/p><p><span style=\"font-family: tommy-regular; font-size: 16px;\">Mon &#8211; Fri 7:00-17:00, <\/span><br \/><span style=\"font-family: tommy-regular; font-size: 16px;\">Sat: 7:00-15:30, Sun: Closed<\/span><\/p><p><span style=\"font-family: tommy-regular; font-size: 16px;\"><strong>Contact<\/strong>:<\/span><\/p><p><span style=\"font-family: tommy-regular; font-size: 16px;\">+355 67 40 67 000<\/span><\/p><p><span style=\"font-family: tommy-regular; font-size: 16px;\"><strong>Email<\/strong>:<\/span><\/p><p><span style=\"font-family: tommy-regular; font-size: 16px;\">info@krienko.com, a.zaka@krienko.com<\/span><\/p>\t\t\t\t\t\t\t\t<\/div>\n\t\t\t\t<\/div>\n\t\t\t\t<div class=\"elementor-element elementor-element-018047b elementor-widget elementor-widget-spacer\" data-id=\"018047b\" data-element_type=\"widget\" data-e-type=\"widget\" data-widget_type=\"spacer.default\">\n\t\t\t\t<div class=\"elementor-widget-container\">\n\t\t\t\t\t\t\t<div class=\"elementor-spacer\">\n\t\t\t<div class=\"elementor-spacer-inner\"><\/div>\n\t\t<\/div>\n\t\t\t\t\t\t<\/div>\n\t\t\t\t<\/div>\n\t\t\t\t<div class=\"elementor-element elementor-element-12455cc elementor-widget elementor-widget-spacer\" data-id=\"12455cc\" data-element_type=\"widget\" data-e-type=\"widget\" data-widget_type=\"spacer.default\">\n\t\t\t\t<div class=\"elementor-widget-container\">\n\t\t\t\t\t\t\t<div class=\"elementor-spacer\">\n\t\t\t<div class=\"elementor-spacer-inner\"><\/div>\n\t\t<\/div>\n\t\t\t\t\t\t<\/div>\n\t\t\t\t<\/div>\n\t\t\t\t<div class=\"elementor-element elementor-element-f8e27e9 elementor-widget elementor-widget-spacer\" data-id=\"f8e27e9\" data-element_type=\"widget\" data-e-type=\"widget\" data-widget_type=\"spacer.default\">\n\t\t\t\t<div class=\"elementor-widget-container\">\n\t\t\t\t\t\t\t<div class=\"elementor-spacer\">\n\t\t\t<div class=\"elementor-spacer-inner\"><\/div>\n\t\t<\/div>\n\t\t\t\t\t\t<\/div>\n\t\t\t\t<\/div>\n\t\t\t\t<div class=\"elementor-element elementor-element-e03e626 elementor-widget elementor-widget-spacer\" data-id=\"e03e626\" data-element_type=\"widget\" data-e-type=\"widget\" data-widget_type=\"spacer.default\">\n\t\t\t\t<div class=\"elementor-widget-container\">\n\t\t\t\t\t\t\t<div class=\"elementor-spacer\">\n\t\t\t<div class=\"elementor-spacer-inner\"><\/div>\n\t\t<\/div>\n\t\t\t\t\t\t<\/div>\n\t\t\t\t<\/div>\n\t\t\t\t<div class=\"elementor-element elementor-element-05aa95e elementor-widget elementor-widget-spacer\" data-id=\"05aa95e\" data-element_type=\"widget\" data-e-type=\"widget\" data-widget_type=\"spacer.default\">\n\t\t\t\t<div class=\"elementor-widget-container\">\n\t\t\t\t\t\t\t<div class=\"elementor-spacer\">\n\t\t\t<div class=\"elementor-spacer-inner\"><\/div>\n\t\t<\/div>\n\t\t\t\t\t\t<\/div>\n\t\t\t\t<\/div>\n\t\t\t\t<\/div>\n\t\t<div class=\"elementor-element elementor-element-f9740d9 e-con-full e-flex e-con e-child\" data-id=\"f9740d9\" data-element_type=\"container\" data-e-type=\"container\">\n\t\t\t\t<div class=\"elementor-element elementor-element-9fbd8f8 elementor-widget elementor-widget-heading\" data-id=\"9fbd8f8\" data-element_type=\"widget\" data-e-type=\"widget\" data-widget_type=\"heading.default\">\n\t\t\t\t<div class=\"elementor-widget-container\">\n\t\t\t\t\t<h2 class=\"elementor-heading-title elementor-size-default\">We look forward to hear from You <\/h2>\t\t\t\t<\/div>\n\t\t\t\t<\/div>\n\t\t\t\t<div class=\"elementor-element elementor-element-160084e elementor-widget elementor-widget-spacer\" data-id=\"160084e\" data-element_type=\"widget\" data-e-type=\"widget\" data-widget_type=\"spacer.default\">\n\t\t\t\t<div class=\"elementor-widget-container\">\n\t\t\t\t\t\t\t<div class=\"elementor-spacer\">\n\t\t\t<div class=\"elementor-spacer-inner\"><\/div>\n\t\t<\/div>\n\t\t\t\t\t\t<\/div>\n\t\t\t\t<\/div>\n\t\t\t\t<div class=\"elementor-element elementor-element-584a33a elementor-widget elementor-widget-shortcode\" data-id=\"584a33a\" data-element_type=\"widget\" data-e-type=\"widget\" data-widget_type=\"shortcode.default\">\n\t\t\t\t<div class=\"elementor-widget-container\">\n\t\t\t\t\t\t\t<div class=\"elementor-shortcode\">\n<div class=\"wpcf7 no-js\" id=\"wpcf7-f13121-o1\" lang=\"en-US\" dir=\"ltr\" data-wpcf7-id=\"13121\">\n<div class=\"screen-reader-response\"><p role=\"status\" aria-live=\"polite\" aria-atomic=\"true\"><\/p> <ul><\/ul><\/div>\n<form action=\"\/en\/wp-json\/wp\/v2\/pages\/5095#wpcf7-f13121-o1\" method=\"post\" class=\"wpcf7-form init\" aria-label=\"Contact form\" novalidate=\"novalidate\" data-status=\"init\">\n<fieldset class=\"hidden-fields-container\"><input type=\"hidden\" name=\"_wpcf7\" value=\"13121\" \/><input type=\"hidden\" name=\"_wpcf7_version\" value=\"6.1.5\" \/><input type=\"hidden\" name=\"_wpcf7_locale\" value=\"en_US\" \/><input type=\"hidden\" name=\"_wpcf7_unit_tag\" value=\"wpcf7-f13121-o1\" \/><input type=\"hidden\" name=\"_wpcf7_container_post\" value=\"0\" \/><input type=\"hidden\" name=\"_wpcf7_posted_data_hash\" value=\"\" \/><input type=\"hidden\" name=\"_wpcf7_recaptcha_response\" value=\"\" \/>\n<\/fieldset>\n<p><label> Your name<br \/>\n<span class=\"wpcf7-form-control-wrap\" data-name=\"your-name\"><input size=\"40\" maxlength=\"400\" class=\"wpcf7-form-control wpcf7-text wpcf7-validates-as-required\" autocomplete=\"name\" aria-required=\"true\" aria-invalid=\"false\" value=\"\" type=\"text\" name=\"your-name\" \/><\/span> <\/label>\n<\/p>\n<p><label> Your email<br \/>\n<span class=\"wpcf7-form-control-wrap\" data-name=\"your-email\"><input size=\"40\" maxlength=\"400\" class=\"wpcf7-form-control wpcf7-email wpcf7-validates-as-required wpcf7-text wpcf7-validates-as-email\" autocomplete=\"email\" aria-required=\"true\" aria-invalid=\"false\" value=\"\" type=\"email\" name=\"your-email\" \/><\/span> <\/label>\n<\/p>\n<p><label> Subject<br \/>\n<span class=\"wpcf7-form-control-wrap\" data-name=\"your-subject\"><input size=\"40\" maxlength=\"400\" class=\"wpcf7-form-control wpcf7-text wpcf7-validates-as-required\" aria-required=\"true\" aria-invalid=\"false\" value=\"\" type=\"text\" name=\"your-subject\" \/><\/span> <\/label>\n<\/p>\n<p><label> Your message (optional)<br \/>\n<span class=\"wpcf7-form-control-wrap\" data-name=\"your-message\"><textarea cols=\"40\" rows=\"10\" maxlength=\"2000\" class=\"wpcf7-form-control wpcf7-textarea\" aria-invalid=\"false\" name=\"your-message\"><\/textarea><\/span> <\/label>\n<\/p>\n<p><input class=\"wpcf7-form-control wpcf7-submit has-spinner\" type=\"submit\" value=\"Submit\" \/>\n<\/p><p style=\"display: none !important;\" class=\"akismet-fields-container\" data-prefix=\"_wpcf7_ak_\"><label>&#916;<textarea name=\"_wpcf7_ak_hp_textarea\" cols=\"45\" rows=\"8\" maxlength=\"100\"><\/textarea><\/label><input type=\"hidden\" id=\"ak_js_1\" name=\"_wpcf7_ak_js\" value=\"250\"\/><script type=\"text\/javascript\">\n\/* <![CDATA[ *\/\ndocument.getElementById( \"ak_js_1\" ).setAttribute( \"value\", ( new Date() ).getTime() );\n\/* ]]> *\/\n<\/script>\n<\/p><div class=\"wpcf7-response-output\" aria-hidden=\"true\"><\/div>\n<\/form>\n<\/div>\n<\/div>\n\t\t\t\t\t\t<\/div>\n\t\t\t\t<\/div>\n\t\t\t\t<\/div>\n\t\t\t\t\t<\/div>\n\t\t\t\t<\/div>\n\t\t\t\t\t<\/div>\n\t\t\t\t<\/div>\n\t\t<div class=\"elementor-element elementor-element-07ae66f e-flex e-con-boxed e-con e-parent\" data-id=\"07ae66f\" data-element_type=\"container\" data-e-type=\"container\">\n\t\t\t\t\t<div class=\"e-con-inner\">\n\t\t\t\t<div class=\"elementor-element elementor-element-37cfe34 elementor-widget elementor-widget-google_maps\" data-id=\"37cfe34\" data-element_type=\"widget\" data-e-type=\"widget\" data-widget_type=\"google_maps.default\">\n\t\t\t\t<div class=\"elementor-widget-container\">\n\t\t\t\t\t\t\t<div class=\"elementor-custom-embed\">\n\t\t\t<iframe loading=\"lazy\"\n\t\t\t\t\tsrc=\"https:\/\/maps.google.com\/maps?q=Rruga%20Llukan%20Toska&#038;t=m&#038;z=16&#038;output=embed&#038;iwloc=near\"\n\t\t\t\t\ttitle=\"Rruga Llukan Toska\"\n\t\t\t\t\taria-label=\"Rruga Llukan Toska\"\n\t\t\t><\/iframe>\n\t\t<\/div>\n\t\t\t\t\t\t<\/div>\n\t\t\t\t<\/div>\n\t\t\t\t\t<\/div>\n\t\t\t\t<\/div>\n\t\t\t\t<\/div>\n\t\t","protected":false},"excerpt":{"rendered":"<p>Contact us Krienko Denim Industry Contact Address: &#8220;Llukan Street&#8221;, FIER, ALBANIA &#8220;16 Prilli&#8221; Neighborhood, FIER &#8211; ALBANIA \/ PRODUCTION UNIT &#8220;15 Tetori&#8221; Neighborhood, FIER &#8211; ALBANIA \/ PRODUCTION UNIT &#8220;Kryengritja e Fierit&#8221; Neighborhood, FIER, ALBANIA \/ LAUNDRY Hours: Mon &#8211; Fri 7:00-17:00, Sat: 7:00-15:30, Sun: Closed Contact: +355 67 40 67 000 Email: info@krienko.com, a.zaka@krienko.com [&hellip;]<\/p>\n","protected":false},"author":1,"featured_media":6568,"parent":0,"menu_order":0,"comment_status":"closed","ping_status":"closed","template":"","meta":{"footnotes":""},"class_list":["post-5095","page","type-page","status-publish","has-post-thumbnail","hentry"],"yoast_head":"<!-- This site is optimized with the Yoast SEO Premium plugin v24.0 (Yoast SEO v27.5) - https:\/\/yoast.com\/product\/yoast-seo-premium-wordpress\/ -->\n<title>Contact us - Krienko Jeans<\/title>\n<meta name=\"robots\" content=\"index, follow, max-snippet:-1, max-image-preview:large, max-video-preview:-1\" \/>\n<link rel=\"canonical\" href=\"https:\/\/krienko.com\/en\/contact-us\/\" \/>\n<meta property=\"og:locale\" content=\"en_US\" \/>\n<meta property=\"og:type\" content=\"article\" \/>\n<meta property=\"og:title\" content=\"Contact us\" \/>\n<meta property=\"og:description\" content=\"Contact us Krienko Denim Industry Contact Address: &#8220;Llukan Street&#8221;, FIER, ALBANIA &#8220;16 Prilli&#8221; Neighborhood, FIER &#8211; ALBANIA \/ PRODUCTION UNIT &#8220;15 Tetori&#8221; Neighborhood, FIER &#8211; ALBANIA \/ PRODUCTION UNIT &#8220;Kryengritja e Fierit&#8221; Neighborhood, FIER, ALBANIA \/ LAUNDRY Hours: Mon &#8211; Fri 7:00-17:00, Sat: 7:00-15:30, Sun: Closed Contact: +355 67 40 67 000 Email: info@krienko.com, a.zaka@krienko.com [&hellip;]\" \/>\n<meta property=\"og:url\" content=\"https:\/\/krienko.com\/en\/contact-us\/\" \/>\n<meta property=\"og:site_name\" content=\"Krienko Jeans\" \/>\n<meta property=\"article:modified_time\" content=\"2025-02-06T15:27:21+00:00\" \/>\n<meta property=\"og:image\" content=\"https:\/\/krienko.com\/wp-content\/uploads\/2024\/08\/IMG-20240823-WA0008.jpg\" \/>\n\t<meta property=\"og:image:width\" content=\"1600\" \/>\n\t<meta property=\"og:image:height\" content=\"1200\" \/>\n\t<meta property=\"og:image:type\" content=\"image\/jpeg\" \/>\n<meta name=\"twitter:card\" content=\"summary_large_image\" \/>\n<meta name=\"twitter:label1\" content=\"Est. reading time\" \/>\n\t<meta name=\"twitter:data1\" content=\"1 minute\" \/>\n<script type=\"application\/ld+json\" class=\"yoast-schema-graph\">{\"@context\":\"https:\\\/\\\/schema.org\",\"@graph\":[{\"@type\":\"WebPage\",\"@id\":\"https:\\\/\\\/krienko.com\\\/en\\\/contact-us\\\/\",\"url\":\"https:\\\/\\\/krienko.com\\\/en\\\/contact-us\\\/\",\"name\":\"Contact us - Krienko Jeans\",\"isPartOf\":{\"@id\":\"https:\\\/\\\/krienko.com\\\/en\\\/#website\"},\"primaryImageOfPage\":{\"@id\":\"https:\\\/\\\/krienko.com\\\/en\\\/contact-us\\\/#primaryimage\"},\"image\":{\"@id\":\"https:\\\/\\\/krienko.com\\\/en\\\/contact-us\\\/#primaryimage\"},\"thumbnailUrl\":\"https:\\\/\\\/krienko.com\\\/wp-content\\\/uploads\\\/2024\\\/08\\\/IMG-20240823-WA0008.jpg\",\"datePublished\":\"2022-11-04T08:36:54+00:00\",\"dateModified\":\"2025-02-06T15:27:21+00:00\",\"breadcrumb\":{\"@id\":\"https:\\\/\\\/krienko.com\\\/en\\\/contact-us\\\/#breadcrumb\"},\"inLanguage\":\"en-US\",\"potentialAction\":[{\"@type\":\"ReadAction\",\"target\":[\"https:\\\/\\\/krienko.com\\\/en\\\/contact-us\\\/\"]}]},{\"@type\":\"ImageObject\",\"inLanguage\":\"en-US\",\"@id\":\"https:\\\/\\\/krienko.com\\\/en\\\/contact-us\\\/#primaryimage\",\"url\":\"https:\\\/\\\/krienko.com\\\/wp-content\\\/uploads\\\/2024\\\/08\\\/IMG-20240823-WA0008.jpg\",\"contentUrl\":\"https:\\\/\\\/krienko.com\\\/wp-content\\\/uploads\\\/2024\\\/08\\\/IMG-20240823-WA0008.jpg\",\"width\":1600,\"height\":1200},{\"@type\":\"BreadcrumbList\",\"@id\":\"https:\\\/\\\/krienko.com\\\/en\\\/contact-us\\\/#breadcrumb\",\"itemListElement\":[{\"@type\":\"ListItem\",\"position\":1,\"name\":\"Home\",\"item\":\"https:\\\/\\\/krienko.com\\\/en\\\/\"},{\"@type\":\"ListItem\",\"position\":2,\"name\":\"Contact us\"}]},{\"@type\":\"WebSite\",\"@id\":\"https:\\\/\\\/krienko.com\\\/en\\\/#website\",\"url\":\"https:\\\/\\\/krienko.com\\\/en\\\/\",\"name\":\"krienko\",\"description\":\"KRIENKO Outlet Expansion FOR GLOBAL FASHION. N\u00eb vitin 2025, KRIENKO do t\u00eb festoj\u00eb p\u00ebrfundimin e nj\u00eb prej projekteve t\u00eb saj m\u00eb t\u00eb m\u00ebdha deri m\u00eb tani: nj\u00eb ...\",\"potentialAction\":[{\"@type\":\"SearchAction\",\"target\":{\"@type\":\"EntryPoint\",\"urlTemplate\":\"https:\\\/\\\/krienko.com\\\/en\\\/?s={search_term_string}\"},\"query-input\":{\"@type\":\"PropertyValueSpecification\",\"valueRequired\":true,\"valueName\":\"search_term_string\"}}],\"inLanguage\":\"en-US\"}]}<\/script>\n<!-- \/ Yoast SEO Premium plugin. -->","yoast_head_json":{"title":"Contact us - Krienko Jeans","robots":{"index":"index","follow":"follow","max-snippet":"max-snippet:-1","max-image-preview":"max-image-preview:large","max-video-preview":"max-video-preview:-1"},"canonical":"https:\/\/krienko.com\/en\/contact-us\/","og_locale":"en_US","og_type":"article","og_title":"Contact us","og_description":"Contact us Krienko Denim Industry Contact Address: &#8220;Llukan Street&#8221;, FIER, ALBANIA &#8220;16 Prilli&#8221; Neighborhood, FIER &#8211; ALBANIA \/ PRODUCTION UNIT &#8220;15 Tetori&#8221; Neighborhood, FIER &#8211; ALBANIA \/ PRODUCTION UNIT &#8220;Kryengritja e Fierit&#8221; Neighborhood, FIER, ALBANIA \/ LAUNDRY Hours: Mon &#8211; Fri 7:00-17:00, Sat: 7:00-15:30, Sun: Closed Contact: +355 67 40 67 000 Email: info@krienko.com, a.zaka@krienko.com [&hellip;]","og_url":"https:\/\/krienko.com\/en\/contact-us\/","og_site_name":"Krienko Jeans","article_modified_time":"2025-02-06T15:27:21+00:00","og_image":[{"width":1600,"height":1200,"url":"https:\/\/krienko.com\/wp-content\/uploads\/2024\/08\/IMG-20240823-WA0008.jpg","type":"image\/jpeg"}],"twitter_card":"summary_large_image","twitter_misc":{"Est. reading time":"1 minute"},"schema":{"@context":"https:\/\/schema.org","@graph":[{"@type":"WebPage","@id":"https:\/\/krienko.com\/en\/contact-us\/","url":"https:\/\/krienko.com\/en\/contact-us\/","name":"Contact us - Krienko Jeans","isPartOf":{"@id":"https:\/\/krienko.com\/en\/#website"},"primaryImageOfPage":{"@id":"https:\/\/krienko.com\/en\/contact-us\/#primaryimage"},"image":{"@id":"https:\/\/krienko.com\/en\/contact-us\/#primaryimage"},"thumbnailUrl":"https:\/\/krienko.com\/wp-content\/uploads\/2024\/08\/IMG-20240823-WA0008.jpg","datePublished":"2022-11-04T08:36:54+00:00","dateModified":"2025-02-06T15:27:21+00:00","breadcrumb":{"@id":"https:\/\/krienko.com\/en\/contact-us\/#breadcrumb"},"inLanguage":"en-US","potentialAction":[{"@type":"ReadAction","target":["https:\/\/krienko.com\/en\/contact-us\/"]}]},{"@type":"ImageObject","inLanguage":"en-US","@id":"https:\/\/krienko.com\/en\/contact-us\/#primaryimage","url":"https:\/\/krienko.com\/wp-content\/uploads\/2024\/08\/IMG-20240823-WA0008.jpg","contentUrl":"https:\/\/krienko.com\/wp-content\/uploads\/2024\/08\/IMG-20240823-WA0008.jpg","width":1600,"height":1200},{"@type":"BreadcrumbList","@id":"https:\/\/krienko.com\/en\/contact-us\/#breadcrumb","itemListElement":[{"@type":"ListItem","position":1,"name":"Home","item":"https:\/\/krienko.com\/en\/"},{"@type":"ListItem","position":2,"name":"Contact us"}]},{"@type":"WebSite","@id":"https:\/\/krienko.com\/en\/#website","url":"https:\/\/krienko.com\/en\/","name":"krienko","description":"KRIENKO Outlet Expansion FOR GLOBAL FASHION. N\u00eb vitin 2025, KRIENKO do t\u00eb festoj\u00eb p\u00ebrfundimin e nj\u00eb prej projekteve t\u00eb saj m\u00eb t\u00eb m\u00ebdha deri m\u00eb tani: nj\u00eb ...","potentialAction":[{"@type":"SearchAction","target":{"@type":"EntryPoint","urlTemplate":"https:\/\/krienko.com\/en\/?s={search_term_string}"},"query-input":{"@type":"PropertyValueSpecification","valueRequired":true,"valueName":"search_term_string"}}],"inLanguage":"en-US"}]}},"_links":{"self":[{"href":"https:\/\/krienko.com\/en\/wp-json\/wp\/v2\/pages\/5095","targetHints":{"allow":["GET"]}}],"collection":[{"href":"https:\/\/krienko.com\/en\/wp-json\/wp\/v2\/pages"}],"about":[{"href":"https:\/\/krienko.com\/en\/wp-json\/wp\/v2\/types\/page"}],"author":[{"embeddable":true,"href":"https:\/\/krienko.com\/en\/wp-json\/wp\/v2\/users\/1"}],"replies":[{"embeddable":true,"href":"https:\/\/krienko.com\/en\/wp-json\/wp\/v2\/comments?post=5095"}],"version-history":[{"count":59,"href":"https:\/\/krienko.com\/en\/wp-json\/wp\/v2\/pages\/5095\/revisions"}],"predecessor-version":[{"id":13124,"href":"https:\/\/krienko.com\/en\/wp-json\/wp\/v2\/pages\/5095\/revisions\/13124"}],"wp:featuredmedia":[{"embeddable":true,"href":"https:\/\/krienko.com\/en\/wp-json\/wp\/v2\/media\/6568"}],"wp:attachment":[{"href":"https:\/\/krienko.com\/en\/wp-json\/wp\/v2\/media?parent=5095"}],"curies":[{"name":"wp","href":"https:\/\/api.w.org\/{rel}","templated":true}]}}